{"id":25,"date":"2023-04-20T11:46:53","date_gmt":"2023-04-20T11:46:53","guid":{"rendered":"https:\/\/dummy.xtemos.com\/woodmart2\/furniture2-elementor\/?page_id=25"},"modified":"2025-09-11T11:28:26","modified_gmt":"2025-09-11T11:28:26","slug":"showrooms","status":"publish","type":"page","link":"http:\/\/gursomobilya.com\/en\/showrooms\/","title":{"rendered":"Showrooms"},"content":{"rendered":"<div data-elementor-type=\"wp-page\" data-elementor-id=\"25\" class=\"elementor elementor-25\" data-elementor-post-type=\"page\">\n\t\t\t\t\t\t<section class=\"wd-negative-gap elementor-section elementor-top-section elementor-element elementor-element-66499ab elementor-section-boxed elementor-section-height-default elementor-section-height-default wd-section-disabled\" data-id=\"66499ab\" data-element_type=\"section\" data-e-type=\"section\">\n\t\t\t\t\t\t<div class=\"elementor-container elementor-column-gap-default\">\n\t\t\t\t\t<div class=\"elementor-column elementor-col-66 elementor-top-column elementor-element elementor-element-1441692\" data-id=\"1441692\" data-element_type=\"column\" data-e-type=\"column\">\n\t\t\t<div class=\"elementor-widget-wrap elementor-element-populated\">\n\t\t\t\t\t\t<div class=\"elementor-element elementor-element-087d02a elementor-widget elementor-widget-wd_title\" data-id=\"087d02a\" data-element_type=\"widget\" data-e-type=\"widget\" data-widget_type=\"wd_title.default\">\n\t\t\t\t<div class=\"elementor-widget-container\">\n\t\t\t\t\t\t\t<div class=\"title-wrapper set-mb-s reset-last-child wd-title-color-default wd-title-style-default wd-title-size-extra-large text-left\">\n\n\t\t\t\n\t\t\t<div class=\"liner-continer\">\n\t\t\t\t<h4 class=\"woodmart-title-container title wd-fontsize-xxxl\">Lefko\u015fa Showroom<\/h4> \n\t\t\t\t\t\t\t<\/div>\n\n\t\t\t\t\t<\/div>\n\t\t\t\t\t\t<\/div>\n\t\t\t\t<\/div>\n\t\t\t\t<div class=\"elementor-element elementor-element-8c3e836 elementor-widget elementor-widget-wd_text_block\" data-id=\"8c3e836\" data-element_type=\"widget\" data-e-type=\"widget\" data-widget_type=\"wd_text_block.default\">\n\t\t\t\t<div class=\"elementor-widget-container\">\n\t\t\t\t\t\t\t<div class=\"wd-text-block reset-last-child text-left\">\n\t\t\t\n\t\t\t<p><strong>\u015eehit Ecvet Yusuf Caddesi,<br \/>Mustafa Ar\u0131kan Sokak<br \/>No:145A, K\u0131z\u0131lba\u015f, Lefko\u015fa<\/strong><\/p>\n\t\t\t\t\t<\/div>\n\t\t\t\t\t\t<\/div>\n\t\t\t\t<\/div>\n\t\t\t\t<div class=\"elementor-element elementor-element-296eaf4 elementor-widget__width-auto elementor-widget elementor-widget-wd_image_or_svg\" data-id=\"296eaf4\" data-element_type=\"widget\" data-e-type=\"widget\" data-widget_type=\"wd_image_or_svg.default\">\n\t\t\t\t<div class=\"elementor-widget-container\">\n\t\t\t\t\t\n\t\t<div class=\"wd-image text-left\">\n\t\t\t\t\t\t\t<a  href=\"#\">\n\t\t\t\t\t\t\t\t<img decoding=\"async\" width=\"64\" height=\"64\" src=\"https:\/\/gursomobilya.com\/wp-content\/uploads\/2024\/03\/klim-64x64.png\" class=\"attachment-64x64 size-64x64\" alt=\"\" srcset=\"https:\/\/gursomobilya.com\/wp-content\/uploads\/2024\/03\/klim-64x64.png 64w, https:\/\/gursomobilya.com\/wp-content\/uploads\/2024\/03\/klim-150x150.png 150w, https:\/\/gursomobilya.com\/wp-content\/uploads\/2024\/03\/klim-80x80.png 80w, https:\/\/gursomobilya.com\/wp-content\/uploads\/2024\/03\/klim.png 300w\" sizes=\"(max-width: 64px) 100vw, 64px\" \/>\t\t\t\t\t\t\t<\/a>\n\t\t\t\t\t<\/div>\n\n\t\t\t\t\t\t<\/div>\n\t\t\t\t<\/div>\n\t\t\t\t<div class=\"elementor-element elementor-element-af60c61 elementor-widget__width-auto elementor-widget elementor-widget-wd_image_or_svg\" data-id=\"af60c61\" data-element_type=\"widget\" data-e-type=\"widget\" data-widget_type=\"wd_image_or_svg.default\">\n\t\t\t\t<div class=\"elementor-widget-container\">\n\t\t\t\t\t\n\t\t<div class=\"wd-image text-left\">\n\t\t\t\t\t\t\t<a  href=\"#\">\n\t\t\t\t\t\t\t\t<img decoding=\"async\" width=\"64\" height=\"64\" src=\"https:\/\/gursomobilya.com\/wp-content\/uploads\/2024\/03\/rapsodi-64x64.png\" class=\"attachment-64x64 size-64x64\" alt=\"\" srcset=\"https:\/\/gursomobilya.com\/wp-content\/uploads\/2024\/03\/rapsodi-64x64.png 64w, https:\/\/gursomobilya.com\/wp-content\/uploads\/2024\/03\/rapsodi-150x150.png 150w, https:\/\/gursomobilya.com\/wp-content\/uploads\/2024\/03\/rapsodi-80x80.png 80w, https:\/\/gursomobilya.com\/wp-content\/uploads\/2024\/03\/rapsodi.png 300w\" sizes=\"(max-width: 64px) 100vw, 64px\" \/>\t\t\t\t\t\t\t<\/a>\n\t\t\t\t\t<\/div>\n\n\t\t\t\t\t\t<\/div>\n\t\t\t\t<\/div>\n\t\t\t\t<div class=\"elementor-element elementor-element-115f744 elementor-widget__width-auto elementor-widget elementor-widget-wd_image_or_svg\" data-id=\"115f744\" data-element_type=\"widget\" data-e-type=\"widget\" data-widget_type=\"wd_image_or_svg.default\">\n\t\t\t\t<div class=\"elementor-widget-container\">\n\t\t\t\t\t\n\t\t<div class=\"wd-image text-left\">\n\t\t\t\t\t\t\t<a  href=\"#\">\n\t\t\t\t\t\t\t\t<img decoding=\"async\" width=\"64\" height=\"64\" src=\"https:\/\/gursomobilya.com\/wp-content\/uploads\/2024\/03\/SELIMOGLU-64x64.png\" class=\"attachment-64x64 size-64x64\" alt=\"\" srcset=\"https:\/\/gursomobilya.com\/wp-content\/uploads\/2024\/03\/SELIMOGLU-64x64.png 64w, https:\/\/gursomobilya.com\/wp-content\/uploads\/2024\/03\/SELIMOGLU-150x150.png 150w, https:\/\/gursomobilya.com\/wp-content\/uploads\/2024\/03\/SELIMOGLU-80x80.png 80w, https:\/\/gursomobilya.com\/wp-content\/uploads\/2024\/03\/SELIMOGLU.png 300w\" sizes=\"(max-width: 64px) 100vw, 64px\" \/>\t\t\t\t\t\t\t<\/a>\n\t\t\t\t\t<\/div>\n\n\t\t\t\t\t\t<\/div>\n\t\t\t\t<\/div>\n\t\t\t\t<div class=\"elementor-element elementor-element-0286779 elementor-widget__width-auto elementor-widget elementor-widget-wd_image_or_svg\" data-id=\"0286779\" data-element_type=\"widget\" data-e-type=\"widget\" data-widget_type=\"wd_image_or_svg.default\">\n\t\t\t\t<div class=\"elementor-widget-container\">\n\t\t\t\t\t\n\t\t<div class=\"wd-image text-left\">\n\t\t\t\t\t\t\t<a  href=\"#\">\n\t\t\t\t\t\t\t\t<img loading=\"lazy\" decoding=\"async\" width=\"64\" height=\"64\" src=\"https:\/\/gursomobilya.com\/wp-content\/uploads\/2024\/07\/tilia-64x64.png\" class=\"attachment-64x64 size-64x64\" alt=\"\" srcset=\"https:\/\/gursomobilya.com\/wp-content\/uploads\/2024\/07\/tilia-64x64.png 64w, https:\/\/gursomobilya.com\/wp-content\/uploads\/2024\/07\/tilia-12x12.png 12w, https:\/\/gursomobilya.com\/wp-content\/uploads\/2024\/07\/tilia.png 80w\" sizes=\"(max-width: 64px) 100vw, 64px\" \/>\t\t\t\t\t\t\t<\/a>\n\t\t\t\t\t<\/div>\n\n\t\t\t\t\t\t<\/div>\n\t\t\t\t<\/div>\n\t\t\t\t<div class=\"elementor-element elementor-element-70d35e7 elementor-widget__width-auto elementor-widget elementor-widget-wd_image_or_svg\" data-id=\"70d35e7\" data-element_type=\"widget\" data-e-type=\"widget\" data-widget_type=\"wd_image_or_svg.default\">\n\t\t\t\t<div class=\"elementor-widget-container\">\n\t\t\t\t\t\n\t\t<div class=\"wd-image text-left\">\n\t\t\t\t\t\t\t<a  href=\"#\">\n\t\t\t\t\t\t\t\t<img loading=\"lazy\" decoding=\"async\" width=\"64\" height=\"64\" src=\"https:\/\/gursomobilya.com\/wp-content\/uploads\/2024\/06\/papatya-64x64.png\" class=\"attachment-64x64 size-64x64\" alt=\"\" srcset=\"https:\/\/gursomobilya.com\/wp-content\/uploads\/2024\/06\/papatya-64x64.png 64w, https:\/\/gursomobilya.com\/wp-content\/uploads\/2024\/06\/papatya.png 80w\" sizes=\"(max-width: 64px) 100vw, 64px\" \/>\t\t\t\t\t\t\t<\/a>\n\t\t\t\t\t<\/div>\n\n\t\t\t\t\t\t<\/div>\n\t\t\t\t<\/div>\n\t\t\t\t<div class=\"elementor-element elementor-element-39c28da elementor-widget__width-auto elementor-widget elementor-widget-wd_image_or_svg\" data-id=\"39c28da\" data-element_type=\"widget\" data-e-type=\"widget\" data-widget_type=\"wd_image_or_svg.default\">\n\t\t\t\t<div class=\"elementor-widget-container\">\n\t\t\t\t\t\n\t\t<div class=\"wd-image text-left\">\n\t\t\t\t\t\t\t<a  href=\"#\">\n\t\t\t\t\t\t\t\t<img loading=\"lazy\" decoding=\"async\" width=\"64\" height=\"64\" src=\"https:\/\/gursomobilya.com\/wp-content\/uploads\/2024\/06\/mozzi-64x64.png\" class=\"attachment-64x64 size-64x64\" alt=\"\" srcset=\"https:\/\/gursomobilya.com\/wp-content\/uploads\/2024\/06\/mozzi-64x64.png 64w, https:\/\/gursomobilya.com\/wp-content\/uploads\/2024\/06\/mozzi.png 80w\" sizes=\"(max-width: 64px) 100vw, 64px\" \/>\t\t\t\t\t\t\t<\/a>\n\t\t\t\t\t<\/div>\n\n\t\t\t\t\t\t<\/div>\n\t\t\t\t<\/div>\n\t\t\t\t<div class=\"elementor-element elementor-element-d8a927e elementor-widget__width-auto elementor-widget elementor-widget-wd_image_or_svg\" data-id=\"d8a927e\" data-element_type=\"widget\" data-e-type=\"widget\" data-widget_type=\"wd_image_or_svg.default\">\n\t\t\t\t<div class=\"elementor-widget-container\">\n\t\t\t\t\t\n\t\t<div class=\"wd-image text-left\">\n\t\t\t\t\t\t\t<a  href=\"#\">\n\t\t\t\t\t\t\t\t<img loading=\"lazy\" decoding=\"async\" width=\"64\" height=\"64\" src=\"https:\/\/gursomobilya.com\/wp-content\/uploads\/2024\/06\/asoda-64x64.png\" class=\"attachment-64x64 size-64x64\" alt=\"\" srcset=\"https:\/\/gursomobilya.com\/wp-content\/uploads\/2024\/06\/asoda-64x64.png 64w, https:\/\/gursomobilya.com\/wp-content\/uploads\/2024\/06\/asoda.png 80w\" sizes=\"(max-width: 64px) 100vw, 64px\" \/>\t\t\t\t\t\t\t<\/a>\n\t\t\t\t\t<\/div>\n\n\t\t\t\t\t\t<\/div>\n\t\t\t\t<\/div>\n\t\t\t\t<div class=\"elementor-element elementor-element-490d00d elementor-widget elementor-widget-image\" data-id=\"490d00d\" data-element_type=\"widget\" data-e-type=\"widget\" data-widget_type=\"image.default\">\n\t\t\t\t<div class=\"elementor-widget-container\">\n\t\t\t\t\t\t\t\t\t\t\t\t\t\t\t\t<a href=\"https:\/\/gursomobilya.com\/wp-content\/uploads\/2025\/09\/Lefkosa-2025-1-scaled.jpg\" data-elementor-open-lightbox=\"yes\" data-elementor-lightbox-title=\"default\" data-e-action-hash=\"#elementor-action%3Aaction%3Dlightbox%26settings%3DeyJpZCI6NDUwNiwidXJsIjoiaHR0cHM6XC9cL2d1cnNvbW9iaWx5YS5jb21cL3dwLWNvbnRlbnRcL3VwbG9hZHNcLzIwMjVcLzA5XC9MZWZrb3NhLTIwMjUtMS1zY2FsZWQuanBnIn0%3D\">\n\t\t\t\t\t\t\t<img loading=\"lazy\" decoding=\"async\" width=\"954\" height=\"1024\" src=\"https:\/\/gursomobilya.com\/wp-content\/uploads\/2025\/09\/Lefkosa-2025-1-954x1024.jpg\" class=\"attachment-large size-large wp-image-4506\" alt=\"\" srcset=\"https:\/\/gursomobilya.com\/wp-content\/uploads\/2025\/09\/Lefkosa-2025-1-954x1024.jpg 954w, https:\/\/gursomobilya.com\/wp-content\/uploads\/2025\/09\/Lefkosa-2025-1-279x300.jpg 279w, https:\/\/gursomobilya.com\/wp-content\/uploads\/2025\/09\/Lefkosa-2025-1-768x825.jpg 768w, https:\/\/gursomobilya.com\/wp-content\/uploads\/2025\/09\/Lefkosa-2025-1-1431x1536.jpg 1431w, https:\/\/gursomobilya.com\/wp-content\/uploads\/2025\/09\/Lefkosa-2025-1-1908x2048.jpg 1908w, https:\/\/gursomobilya.com\/wp-content\/uploads\/2025\/09\/Lefkosa-2025-1-11x12.jpg 11w, https:\/\/gursomobilya.com\/wp-content\/uploads\/2025\/09\/Lefkosa-2025-1-1200x1288.jpg 1200w, https:\/\/gursomobilya.com\/wp-content\/uploads\/2025\/09\/Lefkosa-2025-1-150x161.jpg 150w\" sizes=\"(max-width: 954px) 100vw, 954px\" \/>\t\t\t\t\t\t\t\t<\/a>\n\t\t\t\t\t\t\t\t\t\t\t\t\t\t\t<\/div>\n\t\t\t\t<\/div>\n\t\t\t\t\t<\/div>\n\t\t<\/div>\n\t\t\t\t<div class=\"elementor-column elementor-col-33 elementor-top-column elementor-element elementor-element-34e92c2\" data-id=\"34e92c2\" data-element_type=\"column\" data-e-type=\"column\">\n\t\t\t<div class=\"elementor-widget-wrap elementor-element-populated\">\n\t\t\t\t\t\t<div class=\"elementor-element elementor-element-fbf5f67 elementor-widget elementor-widget-wd_text_block\" data-id=\"fbf5f67\" data-element_type=\"widget\" data-e-type=\"widget\" data-widget_type=\"wd_text_block.default\">\n\t\t\t\t<div class=\"elementor-widget-container\">\n\t\t\t\t\t\t\t<div class=\"wd-text-block reset-last-child text-left color-title\">\n\t\t\t\n\t\t\t<p><b>Hafta i\u00e7i : <\/b>08:30 - 18:00<br \/><b>Saturday : <\/b>08:30 - 16:00<br \/><b>Sunday : <\/b>Closed<\/p><p><strong>+90 533 829 79 61<br \/>+90 533 851 44 66<br \/>+90 392 444 33 44\u00a0<br \/><\/strong><\/p>\n\t\t\t\t\t<\/div>\n\t\t\t\t\t\t<\/div>\n\t\t\t\t<\/div>\n\t\t\t\t<div class=\"elementor-element elementor-element-5728c5b elementor-widget elementor-widget-wd_button\" data-id=\"5728c5b\" data-element_type=\"widget\" data-e-type=\"widget\" data-widget_type=\"wd_button.default\">\n\t\t\t\t<div class=\"elementor-widget-container\">\n\t\t\t\t\t\t\t<div class=\"wd-button-wrapper text-left\" >\n\t\t\t<a class=\"btn btn-style-default btn-style-round btn-size-default btn-color-primary btn-icon-pos-right\"  href=\"https:\/\/maps.app.goo.gl\/CNSNHprD6iQ5LKHR6\" target=\"_blank\">\n\t\t\t\t<span class=\"wd-btn-text\" data-elementor-setting-key=\"text\">\n\t\t\t\t\tGet Directions\t\t\t\t<\/span>\n\n\t\t\t\t\t\t\t<\/a>\n\t\t<\/div>\n\t\t\t\t\t\t<\/div>\n\t\t\t\t<\/div>\n\t\t\t\t\t<\/div>\n\t\t<\/div>\n\t\t\t\t\t<\/div>\n\t\t<\/section>\n\t\t<div class=\"wd-negative-gap elementor-element elementor-element-055bf53 e-flex e-con-boxed wd-section-disabled e-con e-parent\" data-id=\"055bf53\" data-element_type=\"container\" data-e-type=\"container\">\n\t\t\t\t\t<div class=\"e-con-inner\">\n\t\t\t\t<div class=\"elementor-element elementor-element-8586f47 elementor-widget elementor-widget-spacer\" data-id=\"8586f47\" data-element_type=\"widget\" data-e-type=\"widget\" data-widget_type=\"spacer.default\">\n\t\t\t\t<div class=\"elementor-widget-container\">\n\t\t\t\t\t\t\t<div class=\"elementor-spacer\">\n\t\t\t<div class=\"elementor-spacer-inner\"><\/div>\n\t\t<\/div>\n\t\t\t\t\t\t<\/div>\n\t\t\t\t<\/div>\n\t\t\t\t\t<\/div>\n\t\t\t\t<\/div>\n\t\t\t\t<section class=\"wd-negative-gap elementor-section elementor-top-section elementor-element elementor-element-4093130 elementor-section-boxed elementor-section-height-default elementor-section-height-default wd-section-disabled\" data-id=\"4093130\" data-element_type=\"section\" data-e-type=\"section\">\n\t\t\t\t\t\t<div class=\"elementor-container elementor-column-gap-default\">\n\t\t\t\t\t<div class=\"elementor-column elementor-col-66 elementor-top-column elementor-element elementor-element-fa6ef0d\" data-id=\"fa6ef0d\" data-element_type=\"column\" data-e-type=\"column\">\n\t\t\t<div class=\"elementor-widget-wrap elementor-element-populated\">\n\t\t\t\t\t\t<div class=\"elementor-element elementor-element-2876372 elementor-widget elementor-widget-wd_title\" data-id=\"2876372\" data-element_type=\"widget\" data-e-type=\"widget\" data-widget_type=\"wd_title.default\">\n\t\t\t\t<div class=\"elementor-widget-container\">\n\t\t\t\t\t\t\t<div class=\"title-wrapper set-mb-s reset-last-child wd-title-color-default wd-title-style-default wd-title-size-extra-large text-left\">\n\n\t\t\t\n\t\t\t<div class=\"liner-continer\">\n\t\t\t\t<h4 class=\"woodmart-title-container title wd-fontsize-xxxl\">Ma\u011fusa Showroom<\/h4> \n\t\t\t\t\t\t\t<\/div>\n\n\t\t\t\t\t<\/div>\n\t\t\t\t\t\t<\/div>\n\t\t\t\t<\/div>\n\t\t\t\t<div class=\"elementor-element elementor-element-cd471e3 elementor-widget elementor-widget-wd_text_block\" data-id=\"cd471e3\" data-element_type=\"widget\" data-e-type=\"widget\" data-widget_type=\"wd_text_block.default\">\n\t\t\t\t<div class=\"elementor-widget-container\">\n\t\t\t\t\t\t\t<div class=\"wd-text-block reset-last-child text-left\">\n\t\t\t\n\t\t\t<p><strong>B\u00fcy\u00fck Sanayi B\u00f6lgesi 3. Cad. 11 Sok. Yeni Hastane Yolu, Tuzla<\/strong><\/p>\n\t\t\t\t\t<\/div>\n\t\t\t\t\t\t<\/div>\n\t\t\t\t<\/div>\n\t\t\t\t<div class=\"elementor-element elementor-element-68aead1 elementor-widget__width-auto elementor-widget elementor-widget-wd_image_or_svg\" data-id=\"68aead1\" data-element_type=\"widget\" data-e-type=\"widget\" data-widget_type=\"wd_image_or_svg.default\">\n\t\t\t\t<div class=\"elementor-widget-container\">\n\t\t\t\t\t\n\t\t<div class=\"wd-image text-left\">\n\t\t\t\t\t\t\t<a  href=\"#\">\n\t\t\t\t\t\t\t\t<img decoding=\"async\" width=\"64\" height=\"64\" src=\"https:\/\/gursomobilya.com\/wp-content\/uploads\/2024\/03\/rapsodi-64x64.png\" class=\"attachment-64x64 size-64x64\" alt=\"\" srcset=\"https:\/\/gursomobilya.com\/wp-content\/uploads\/2024\/03\/rapsodi-64x64.png 64w, https:\/\/gursomobilya.com\/wp-content\/uploads\/2024\/03\/rapsodi-150x150.png 150w, https:\/\/gursomobilya.com\/wp-content\/uploads\/2024\/03\/rapsodi-80x80.png 80w, https:\/\/gursomobilya.com\/wp-content\/uploads\/2024\/03\/rapsodi.png 300w\" sizes=\"(max-width: 64px) 100vw, 64px\" \/>\t\t\t\t\t\t\t<\/a>\n\t\t\t\t\t<\/div>\n\n\t\t\t\t\t\t<\/div>\n\t\t\t\t<\/div>\n\t\t\t\t<div class=\"elementor-element elementor-element-cf4f18d elementor-widget__width-auto elementor-widget elementor-widget-wd_image_or_svg\" data-id=\"cf4f18d\" data-element_type=\"widget\" data-e-type=\"widget\" data-widget_type=\"wd_image_or_svg.default\">\n\t\t\t\t<div class=\"elementor-widget-container\">\n\t\t\t\t\t\n\t\t<div class=\"wd-image text-left\">\n\t\t\t\t\t\t\t<a  href=\"#\">\n\t\t\t\t\t\t\t\t<img loading=\"lazy\" decoding=\"async\" width=\"64\" height=\"64\" src=\"https:\/\/gursomobilya.com\/wp-content\/uploads\/2024\/07\/tilia-64x64.png\" class=\"attachment-64x64 size-64x64\" alt=\"\" srcset=\"https:\/\/gursomobilya.com\/wp-content\/uploads\/2024\/07\/tilia-64x64.png 64w, https:\/\/gursomobilya.com\/wp-content\/uploads\/2024\/07\/tilia-12x12.png 12w, https:\/\/gursomobilya.com\/wp-content\/uploads\/2024\/07\/tilia.png 80w\" sizes=\"(max-width: 64px) 100vw, 64px\" \/>\t\t\t\t\t\t\t<\/a>\n\t\t\t\t\t<\/div>\n\n\t\t\t\t\t\t<\/div>\n\t\t\t\t<\/div>\n\t\t\t\t<div class=\"elementor-element elementor-element-ae36a35 elementor-widget__width-auto elementor-widget elementor-widget-wd_image_or_svg\" data-id=\"ae36a35\" data-element_type=\"widget\" data-e-type=\"widget\" data-widget_type=\"wd_image_or_svg.default\">\n\t\t\t\t<div class=\"elementor-widget-container\">\n\t\t\t\t\t\n\t\t<div class=\"wd-image text-left\">\n\t\t\t\t\t\t\t<a  href=\"#\">\n\t\t\t\t\t\t\t\t<img loading=\"lazy\" decoding=\"async\" width=\"64\" height=\"64\" src=\"https:\/\/gursomobilya.com\/wp-content\/uploads\/2024\/06\/papatya-64x64.png\" class=\"attachment-64x64 size-64x64\" alt=\"\" srcset=\"https:\/\/gursomobilya.com\/wp-content\/uploads\/2024\/06\/papatya-64x64.png 64w, https:\/\/gursomobilya.com\/wp-content\/uploads\/2024\/06\/papatya.png 80w\" sizes=\"(max-width: 64px) 100vw, 64px\" \/>\t\t\t\t\t\t\t<\/a>\n\t\t\t\t\t<\/div>\n\n\t\t\t\t\t\t<\/div>\n\t\t\t\t<\/div>\n\t\t\t\t<div class=\"elementor-element elementor-element-8937aa3 elementor-widget__width-auto elementor-widget elementor-widget-wd_image_or_svg\" data-id=\"8937aa3\" data-element_type=\"widget\" data-e-type=\"widget\" data-widget_type=\"wd_image_or_svg.default\">\n\t\t\t\t<div class=\"elementor-widget-container\">\n\t\t\t\t\t\n\t\t<div class=\"wd-image text-left\">\n\t\t\t\t\t\t\t<a  href=\"#\">\n\t\t\t\t\t\t\t\t<img decoding=\"async\" width=\"64\" height=\"64\" src=\"https:\/\/gursomobilya.com\/wp-content\/uploads\/2024\/03\/klim-64x64.png\" class=\"attachment-64x64 size-64x64\" alt=\"\" srcset=\"https:\/\/gursomobilya.com\/wp-content\/uploads\/2024\/03\/klim-64x64.png 64w, https:\/\/gursomobilya.com\/wp-content\/uploads\/2024\/03\/klim-150x150.png 150w, https:\/\/gursomobilya.com\/wp-content\/uploads\/2024\/03\/klim-80x80.png 80w, https:\/\/gursomobilya.com\/wp-content\/uploads\/2024\/03\/klim.png 300w\" sizes=\"(max-width: 64px) 100vw, 64px\" \/>\t\t\t\t\t\t\t<\/a>\n\t\t\t\t\t<\/div>\n\n\t\t\t\t\t\t<\/div>\n\t\t\t\t<\/div>\n\t\t\t\t<div class=\"elementor-element elementor-element-095d684 elementor-widget__width-auto elementor-widget elementor-widget-wd_image_or_svg\" data-id=\"095d684\" data-element_type=\"widget\" data-e-type=\"widget\" data-widget_type=\"wd_image_or_svg.default\">\n\t\t\t\t<div class=\"elementor-widget-container\">\n\t\t\t\t\t\n\t\t<div class=\"wd-image text-left\">\n\t\t\t\t\t\t\t<a  href=\"#\">\n\t\t\t\t\t\t\t\t<img decoding=\"async\" width=\"64\" height=\"64\" src=\"https:\/\/gursomobilya.com\/wp-content\/uploads\/2024\/03\/SELIMOGLU-64x64.png\" class=\"attachment-64x64 size-64x64\" alt=\"\" srcset=\"https:\/\/gursomobilya.com\/wp-content\/uploads\/2024\/03\/SELIMOGLU-64x64.png 64w, https:\/\/gursomobilya.com\/wp-content\/uploads\/2024\/03\/SELIMOGLU-150x150.png 150w, https:\/\/gursomobilya.com\/wp-content\/uploads\/2024\/03\/SELIMOGLU-80x80.png 80w, https:\/\/gursomobilya.com\/wp-content\/uploads\/2024\/03\/SELIMOGLU.png 300w\" sizes=\"(max-width: 64px) 100vw, 64px\" \/>\t\t\t\t\t\t\t<\/a>\n\t\t\t\t\t<\/div>\n\n\t\t\t\t\t\t<\/div>\n\t\t\t\t<\/div>\n\t\t\t\t<div class=\"elementor-element elementor-element-34895b8 elementor-widget__width-auto elementor-widget elementor-widget-wd_image_or_svg\" data-id=\"34895b8\" data-element_type=\"widget\" data-e-type=\"widget\" data-widget_type=\"wd_image_or_svg.default\">\n\t\t\t\t<div class=\"elementor-widget-container\">\n\t\t\t\t\t\n\t\t<div class=\"wd-image text-left\">\n\t\t\t\t\t\t\t<a  href=\"#\">\n\t\t\t\t\t\t\t\t<img loading=\"lazy\" decoding=\"async\" width=\"64\" height=\"64\" src=\"https:\/\/gursomobilya.com\/wp-content\/uploads\/2024\/06\/mozzi-64x64.png\" class=\"attachment-64x64 size-64x64\" alt=\"\" srcset=\"https:\/\/gursomobilya.com\/wp-content\/uploads\/2024\/06\/mozzi-64x64.png 64w, https:\/\/gursomobilya.com\/wp-content\/uploads\/2024\/06\/mozzi.png 80w\" sizes=\"(max-width: 64px) 100vw, 64px\" \/>\t\t\t\t\t\t\t<\/a>\n\t\t\t\t\t<\/div>\n\n\t\t\t\t\t\t<\/div>\n\t\t\t\t<\/div>\n\t\t\t\t<div class=\"elementor-element elementor-element-22703ea elementor-widget__width-auto elementor-widget elementor-widget-wd_image_or_svg\" data-id=\"22703ea\" data-element_type=\"widget\" data-e-type=\"widget\" data-widget_type=\"wd_image_or_svg.default\">\n\t\t\t\t<div class=\"elementor-widget-container\">\n\t\t\t\t\t\n\t\t<div class=\"wd-image text-left\">\n\t\t\t\t\t\t\t<a  href=\"#\">\n\t\t\t\t\t\t\t\t<img loading=\"lazy\" decoding=\"async\" width=\"64\" height=\"64\" src=\"https:\/\/gursomobilya.com\/wp-content\/uploads\/2024\/06\/asoda-64x64.png\" class=\"attachment-64x64 size-64x64\" alt=\"\" srcset=\"https:\/\/gursomobilya.com\/wp-content\/uploads\/2024\/06\/asoda-64x64.png 64w, https:\/\/gursomobilya.com\/wp-content\/uploads\/2024\/06\/asoda.png 80w\" sizes=\"(max-width: 64px) 100vw, 64px\" \/>\t\t\t\t\t\t\t<\/a>\n\t\t\t\t\t<\/div>\n\n\t\t\t\t\t\t<\/div>\n\t\t\t\t<\/div>\n\t\t\t\t<div class=\"elementor-element elementor-element-c7105a1 elementor-widget elementor-widget-image\" data-id=\"c7105a1\" data-element_type=\"widget\" data-e-type=\"widget\" data-widget_type=\"image.default\">\n\t\t\t\t<div class=\"elementor-widget-container\">\n\t\t\t\t\t\t\t\t\t\t\t\t\t\t\t\t<a href=\"https:\/\/gursomobilya.com\/wp-content\/uploads\/2025\/09\/Magusa-2025-1.jpg\" data-elementor-open-lightbox=\"yes\" data-elementor-lightbox-title=\"Magusa-2025-1\" data-e-action-hash=\"#elementor-action%3Aaction%3Dlightbox%26settings%3DeyJpZCI6NDUwMiwidXJsIjoiaHR0cHM6XC9cL2d1cnNvbW9iaWx5YS5jb21cL3dwLWNvbnRlbnRcL3VwbG9hZHNcLzIwMjVcLzA5XC9NYWd1c2EtMjAyNS0xLmpwZyJ9\">\n\t\t\t\t\t\t\t<img loading=\"lazy\" decoding=\"async\" width=\"1024\" height=\"699\" src=\"https:\/\/gursomobilya.com\/wp-content\/uploads\/2025\/09\/Magusa-2025-1-1024x699.jpg\" class=\"attachment-large size-large wp-image-4502\" alt=\"\" srcset=\"https:\/\/gursomobilya.com\/wp-content\/uploads\/2025\/09\/Magusa-2025-1-1024x699.jpg 1024w, https:\/\/gursomobilya.com\/wp-content\/uploads\/2025\/09\/Magusa-2025-1-300x205.jpg 300w, https:\/\/gursomobilya.com\/wp-content\/uploads\/2025\/09\/Magusa-2025-1-768x524.jpg 768w, https:\/\/gursomobilya.com\/wp-content\/uploads\/2025\/09\/Magusa-2025-1-18x12.jpg 18w, https:\/\/gursomobilya.com\/wp-content\/uploads\/2025\/09\/Magusa-2025-1-1200x819.jpg 1200w, https:\/\/gursomobilya.com\/wp-content\/uploads\/2025\/09\/Magusa-2025-1-150x102.jpg 150w, https:\/\/gursomobilya.com\/wp-content\/uploads\/2025\/09\/Magusa-2025-1.jpg 1466w\" sizes=\"(max-width: 1024px) 100vw, 1024px\" \/>\t\t\t\t\t\t\t\t<\/a>\n\t\t\t\t\t\t\t\t\t\t\t\t\t\t\t<\/div>\n\t\t\t\t<\/div>\n\t\t\t\t\t<\/div>\n\t\t<\/div>\n\t\t\t\t<div class=\"elementor-column elementor-col-33 elementor-top-column elementor-element elementor-element-72a65b2\" data-id=\"72a65b2\" data-element_type=\"column\" data-e-type=\"column\">\n\t\t\t<div class=\"elementor-widget-wrap elementor-element-populated\">\n\t\t\t\t\t\t<div class=\"elementor-element elementor-element-0ceb3e6 elementor-widget elementor-widget-wd_text_block\" data-id=\"0ceb3e6\" data-element_type=\"widget\" data-e-type=\"widget\" data-widget_type=\"wd_text_block.default\">\n\t\t\t\t<div class=\"elementor-widget-container\">\n\t\t\t\t\t\t\t<div class=\"wd-text-block reset-last-child text-left color-title\">\n\t\t\t\n\t\t\t<p><b>Hafta i\u00e7i : <\/b>08:30 - 18:00<br \/><b>Saturday : <\/b>08:30 - 16:00<br \/><b>Sunday : <\/b>Closed<\/p><p><strong>+90 533 820 70 10<br \/>+90 533 825 25 55<br \/>+90 392 444 33 44<br \/><\/strong><\/p>\n\t\t\t\t\t<\/div>\n\t\t\t\t\t\t<\/div>\n\t\t\t\t<\/div>\n\t\t\t\t<div class=\"elementor-element elementor-element-135b56d elementor-widget elementor-widget-wd_button\" data-id=\"135b56d\" data-element_type=\"widget\" data-e-type=\"widget\" data-widget_type=\"wd_button.default\">\n\t\t\t\t<div class=\"elementor-widget-container\">\n\t\t\t\t\t\t\t<div class=\"wd-button-wrapper text-left\" >\n\t\t\t<a class=\"btn btn-style-default btn-style-round btn-size-default btn-color-primary btn-icon-pos-right\"  href=\"https:\/\/maps.app.goo.gl\/iofz9udbBnJu4VAD7\" target=\"_blank\">\n\t\t\t\t<span class=\"wd-btn-text\" data-elementor-setting-key=\"text\">\n\t\t\t\t\tGet Directions\t\t\t\t<\/span>\n\n\t\t\t\t\t\t\t<\/a>\n\t\t<\/div>\n\t\t\t\t\t\t<\/div>\n\t\t\t\t<\/div>\n\t\t\t\t\t<\/div>\n\t\t<\/div>\n\t\t\t\t\t<\/div>\n\t\t<\/section>\n\t\t\t\t<\/div>","protected":false},"excerpt":{"rendered":"<p>Lefko\u015fa Showroom \u015eehit Ecvet Yusuf Caddesi,Mustafa Ar\u0131kan SokakNo:145A, K\u0131z\u0131lba\u015f, Lefko\u015fa Hafta i\u00e7i : 08:30 &#8211; 18:00Cumartesi : 08:30 &#8211; 16:00Pazar<\/p>","protected":false},"author":1,"featured_media":0,"parent":0,"menu_order":0,"comment_status":"closed","ping_status":"closed","template":"","meta":{"_joinchat":[],"footnotes":""},"class_list":["post-25","page","type-page","status-publish","hentry"],"_links":{"self":[{"href":"http:\/\/gursomobilya.com\/en\/wp-json\/wp\/v2\/pages\/25","targetHints":{"allow":["GET"]}}],"collection":[{"href":"http:\/\/gursomobilya.com\/en\/wp-json\/wp\/v2\/pages"}],"about":[{"href":"http:\/\/gursomobilya.com\/en\/wp-json\/wp\/v2\/types\/page"}],"author":[{"embeddable":true,"href":"http:\/\/gursomobilya.com\/en\/wp-json\/wp\/v2\/users\/1"}],"replies":[{"embeddable":true,"href":"http:\/\/gursomobilya.com\/en\/wp-json\/wp\/v2\/comments?post=25"}],"version-history":[{"count":102,"href":"http:\/\/gursomobilya.com\/en\/wp-json\/wp\/v2\/pages\/25\/revisions"}],"predecessor-version":[{"id":4519,"href":"http:\/\/gursomobilya.com\/en\/wp-json\/wp\/v2\/pages\/25\/revisions\/4519"}],"wp:attachment":[{"href":"http:\/\/gursomobilya.com\/en\/wp-json\/wp\/v2\/media?parent=25"}],"curies":[{"name":"wp","href":"https:\/\/api.w.org\/{rel}","templated":true}]}}