{"id":3371,"date":"2024-07-26T13:18:03","date_gmt":"2024-07-26T13:18:03","guid":{"rendered":"https:\/\/gursomobilya.com\/?post_type=product&#038;p=3371"},"modified":"2025-12-02T11:29:23","modified_gmt":"2025-12-02T11:29:23","slug":"piero-yatak-odasi-takimi","status":"publish","type":"product","link":"http:\/\/gursomobilya.com\/en\/product\/piero-yatak-odasi-takimi\/","title":{"rendered":"Piero Bedroom Set"},"content":{"rendered":"<table width=\"903\">\n<tbody>\n<tr>\n<td width=\"206\">Content<\/td>\n<td colspan=\"4\" width=\"697\">1 adet gardrop(4 kapakl\u0131 gardrop+2 kapakl\u0131 gardrop), 1 adet karyola (G\u00f6vde ve Ba\u015fl\u0131k Dahil), 1 adet \u015fifonyer ve \u015fifonyer aynas\u0131, 2 adet komodinden olu\u015fmaktad\u0131r.<\/td>\n<\/tr>\n<tr>\n<td width=\"206\">Bed Material<\/td>\n<td colspan=\"4\" width=\"697\">Made of imported melamine coated particle board material. Feet are metal.<\/td>\n<\/tr>\n<tr>\n<td width=\"206\">Lighting Feature<\/td>\n<td colspan=\"4\" width=\"697\">There is no lighting feature.<\/td>\n<\/tr>\n<tr>\n<td width=\"206\">Wardrobe Door Function<\/td>\n<td colspan=\"4\" width=\"697\">The door hinges are slow-down. The wardrobe mechanism has a cover. Imported melamine coated chipboard is used on the wardrobe doors.<\/td>\n<\/tr>\n<tr>\n<td width=\"206\">Nightstand Material<\/td>\n<td colspan=\"4\" width=\"697\">It is made of imported melamine coated particle board material. Imported melamine coated particle board is used on the cover. The feet are metal.<\/td>\n<\/tr>\n<tr>\n<td width=\"206\">Dresser Material<\/td>\n<td colspan=\"4\" width=\"697\">Imported melamine coated particle board is used on the dresser cover. The legs are metal.<\/td>\n<\/tr>\n<tr>\n<td width=\"206\">Top Surface Material<\/td>\n<td colspan=\"4\" width=\"697\">Imported melamine coated particle board was used on the upper surfaces of the nightstand and dresser.<\/td>\n<\/tr>\n<tr>\n<td width=\"206\">Foot Material<\/td>\n<td colspan=\"4\" width=\"697\">The feet are metal.<\/td>\n<\/tr>\n<tr>\n<td width=\"206\">Wood Care<\/td>\n<td colspan=\"4\" width=\"697\">You can clean your furniture by wiping it with a damp cloth. Protect it from direct sunlight. Avoid prolonged contact with hot surfaces and water.<\/td>\n<\/tr>\n<tr>\n<td width=\"206\">Disassembled Parts<\/td>\n<td colspan=\"4\" width=\"697\">All parts are shipped disassembled.<\/td>\n<\/tr>\n<tr>\n<td width=\"206\">Additional Information<\/td>\n<td colspan=\"4\" width=\"697\">There are production options for the bed with or without a base. The height of the bed does not change in the options with or without a base. There is a 4-door wardrobe and a 2-door wardrobe module.<\/td>\n<\/tr>\n<\/tbody>\n<\/table>\n<table width=\"414\">\n<tbody>\n<tr>\n<td width=\"369\">&nbsp;<\/td>\n<td width=\"68\"><strong>SIZE<\/strong><\/td>\n<td width=\"68\"><strong>WIDTH<\/strong><\/td>\n<td width=\"76\"><strong>HEIGHT<\/strong><\/td>\n<\/tr>\n<tr>\n<td width=\"369\"><strong>PIERO WARDROBE WITH 2 DOORS<\/strong><\/td>\n<td width=\"68\">81<\/td>\n<td width=\"68\">63<\/td>\n<td width=\"76\">209<\/td>\n<\/tr>\n<tr>\n<td width=\"369\"><strong>PIERO WARDROBE WITH 4 DOORS<\/strong><\/td>\n<td width=\"68\">170<\/td>\n<td width=\"68\">63<\/td>\n<td width=\"76\">209<\/td>\n<\/tr>\n<tr>\n<td width=\"369\"><strong>PIERO BASED BEDSTEAD\u00a0<\/strong><\/td>\n<td width=\"68\">200<\/td>\n<td width=\"68\">215<\/td>\n<td width=\"76\">131<\/td>\n<\/tr>\n<tr>\n<td width=\"369\"><strong>PIERO BEDSTEAD\u00a0<\/strong><\/td>\n<td width=\"68\">200<\/td>\n<td width=\"68\">215<\/td>\n<td width=\"76\">131<\/td>\n<\/tr>\n<tr>\n<td width=\"369\"><strong>PIERO NIGHTSTAND<\/strong><\/td>\n<td width=\"68\">60<\/td>\n<td width=\"68\">47<\/td>\n<td width=\"76\">46<\/td>\n<\/tr>\n<tr>\n<td width=\"369\"><strong>PIERO DRESSERS<\/strong><\/td>\n<td width=\"68\">127<\/td>\n<td width=\"68\">47<\/td>\n<td width=\"76\">83<\/td>\n<\/tr>\n<\/tbody>\n<\/table>","protected":false},"excerpt":{"rendered":"<p>Tak\u0131m \u0130\u00e7eri\u011fi 1 adet gardrop(4 kapakl\u0131 gardrop+2 kapakl\u0131 gardrop), 1 adet karyola (G\u00f6vde ve Ba\u015fl\u0131k Dahil), 1 adet \u015fifonyer ve<\/p>","protected":false},"featured_media":3372,"template":"","meta":{"_joinchat":[]},"pwb-brand":[97],"product_brand":[],"product_cat":[74],"product_tag":[],"berocket_brand":[],"class_list":{"0":"post-3371","1":"product","2":"type-product","3":"status-publish","4":"has-post-thumbnail","6":"pwb-brand-rapsodi","7":"product_cat-yatak-odasi-takimlari","9":"first","10":"instock","11":"shipping-taxable","12":"product-type-simple"},"brands":[{"id":97,"name":"Rapsodi","slug":"rapsodi"}],"_links":{"self":[{"href":"http:\/\/gursomobilya.com\/en\/wp-json\/wp\/v2\/product\/3371","targetHints":{"allow":["GET"]}}],"collection":[{"href":"http:\/\/gursomobilya.com\/en\/wp-json\/wp\/v2\/product"}],"about":[{"href":"http:\/\/gursomobilya.com\/en\/wp-json\/wp\/v2\/types\/product"}],"version-history":[{"count":2,"href":"http:\/\/gursomobilya.com\/en\/wp-json\/wp\/v2\/product\/3371\/revisions"}],"predecessor-version":[{"id":3559,"href":"http:\/\/gursomobilya.com\/en\/wp-json\/wp\/v2\/product\/3371\/revisions\/3559"}],"wp:featuredmedia":[{"embeddable":true,"href":"http:\/\/gursomobilya.com\/en\/wp-json\/wp\/v2\/media\/3372"}],"wp:attachment":[{"href":"http:\/\/gursomobilya.com\/en\/wp-json\/wp\/v2\/media?parent=3371"}],"wp:term":[{"taxonomy":"pwb-brand","embeddable":true,"href":"http:\/\/gursomobilya.com\/en\/wp-json\/wp\/v2\/pwb-brand?post=3371"},{"taxonomy":"product_brand","embeddable":true,"href":"http:\/\/gursomobilya.com\/en\/wp-json\/wp\/v2\/product_brand?post=3371"},{"taxonomy":"product_cat","embeddable":true,"href":"http:\/\/gursomobilya.com\/en\/wp-json\/wp\/v2\/product_cat?post=3371"},{"taxonomy":"product_tag","embeddable":true,"href":"http:\/\/gursomobilya.com\/en\/wp-json\/wp\/v2\/product_tag?post=3371"},{"taxonomy":"berocket_brand","embeddable":true,"href":"http:\/\/gursomobilya.com\/en\/wp-json\/wp\/v2\/berocket_brand?post=3371"}],"curies":[{"name":"wp","href":"https:\/\/api.w.org\/{rel}","templated":true}]}}