{"id":3392,"date":"2024-07-26T14:08:09","date_gmt":"2024-07-26T14:08:09","guid":{"rendered":"https:\/\/gursomobilya.com\/?post_type=product&#038;p=3392"},"modified":"2025-12-02T11:30:18","modified_gmt":"2025-12-02T11:30:18","slug":"etnik-yatak-odasi-takimi","status":"publish","type":"product","link":"http:\/\/gursomobilya.com\/en\/product\/etnik-yatak-odasi-takimi\/","title":{"rendered":"Etnik Bedroom Set"},"content":{"rendered":"<table width=\"874\">\n<tbody>\n<tr>\n<td width=\"202\">Content<\/td>\n<td colspan=\"4\" width=\"561\">It consists of 1 wardrobe, 1 bedstead (including body and headboard), 1 dresser and dresser mirror, 2 nightstands.<\/td>\n<\/tr>\n<tr>\n<td width=\"202\">Bed Material<\/td>\n<td colspan=\"4\" width=\"561\">It is produced in Lidya melamine coated chip color.<\/td>\n<\/tr>\n<tr>\n<td width=\"202\">Lighting Feature<\/td>\n<td colspan=\"4\" width=\"561\">There is no lighting feature.<\/td>\n<\/tr>\n<tr>\n<td width=\"202\">Wardrobe Door Function<\/td>\n<td colspan=\"4\" width=\"561\">The door hinges are soft-closing. The wardrobe has six doors and the middle four doors are mirrored.<\/td>\n<\/tr>\n<tr>\n<td width=\"202\">Nightstand Material<\/td>\n<td colspan=\"4\" width=\"561\">It is produced in Lidya melamine coated chip color.<\/td>\n<\/tr>\n<tr>\n<td width=\"202\">Dresser Material<\/td>\n<td colspan=\"4\" width=\"561\">Lidya is produced in melamine coated chip color. The dresser has three drawers and the metal piece on the side is designed as a temporary hanger.<\/td>\n<\/tr>\n<tr>\n<td width=\"202\">Top Surface Material<\/td>\n<td colspan=\"4\" width=\"561\">It is produced in Lidya melamine coated chip color.<\/td>\n<\/tr>\n<tr>\n<td width=\"202\">Drawer Mechanism<\/td>\n<td colspan=\"4\" width=\"561\">Braked telescopic rails are used in the drawers. The handles of our product are designed from black metal.<\/td>\n<\/tr>\n<tr>\n<td width=\"202\">Foot Material<\/td>\n<td colspan=\"4\" width=\"561\">Its legs are designed in black metal and wood.<\/td>\n<\/tr>\n<tr>\n<td width=\"202\">Wood Care<\/td>\n<td colspan=\"4\" width=\"561\">You can clean your furniture by wiping it with a damp cloth. Protect it from direct sunlight. Avoid prolonged contact with hot surfaces and water.<\/td>\n<\/tr>\n<tr>\n<td width=\"202\">Disassembled Parts<\/td>\n<td colspan=\"4\" width=\"561\">All parts are shipped disassembled.<\/td>\n<\/tr>\n<tr>\n<td width=\"202\">Additional Information<\/td>\n<td colspan=\"4\" width=\"561\">There are production options for the bedstead with or without a base. The height of the bedstead does not change in the options with or without a base.<\/td>\n<\/tr>\n<tr>\n<td width=\"202\"><\/td>\n<td width=\"88\">Color<\/td>\n<td width=\"55\">Size<\/td>\n<td width=\"76\">Depth<\/td>\n<td width=\"342\">Height<\/td>\n<\/tr>\n<tr>\n<td width=\"202\">Nightstand<\/td>\n<td width=\"88\">Standard<\/td>\n<td width=\"55\">65<\/td>\n<td width=\"76\">45<\/td>\n<td width=\"342\">46<\/td>\n<\/tr>\n<tr>\n<td width=\"202\">Double Bedstead<\/td>\n<td width=\"88\">Standard<\/td>\n<td width=\"55\">167<\/td>\n<td width=\"76\">208<\/td>\n<td width=\"342\">115<\/td>\n<\/tr>\n<tr>\n<td width=\"202\">Dresser<\/td>\n<td width=\"88\">Standard<\/td>\n<td width=\"55\">150<\/td>\n<td width=\"76\">45<\/td>\n<td width=\"342\">132<\/td>\n<\/tr>\n<tr>\n<td width=\"202\">Dresser Mirror<\/td>\n<td width=\"88\">Standard<\/td>\n<td width=\"55\">80<\/td>\n<td width=\"76\">2<\/td>\n<td width=\"342\">80<\/td>\n<\/tr>\n<tr>\n<td width=\"202\">Gardrop<\/td>\n<td width=\"88\">Standard<\/td>\n<td width=\"55\">260<\/td>\n<td width=\"76\">64<\/td>\n<td width=\"342\">212<\/td>\n<\/tr>\n<tr>\n<td width=\"202\">Double Bed Base<\/td>\n<td width=\"88\">Standard<\/td>\n<td width=\"55\">167<\/td>\n<td width=\"76\">208<\/td>\n<td width=\"342\">115<\/td>\n<\/tr>\n<\/tbody>\n<\/table>","protected":false},"excerpt":{"rendered":"<p>Tak\u0131m \u0130\u00e7eri\u011fi 1 adet gardrop, 1 adet karyola (G\u00f6vde ve Ba\u015fl\u0131k Dahil), 1 adet \u015fifonyer ve \u015fifonyer aynas\u0131, 2 adet<\/p>","protected":false},"featured_media":3393,"template":"","meta":{"_joinchat":[]},"pwb-brand":[97],"product_brand":[],"product_cat":[74],"product_tag":[],"berocket_brand":[],"class_list":{"0":"post-3392","1":"product","2":"type-product","3":"status-publish","4":"has-post-thumbnail","6":"pwb-brand-rapsodi","7":"product_cat-yatak-odasi-takimlari","9":"first","10":"instock","11":"shipping-taxable","12":"product-type-simple"},"brands":[{"id":97,"name":"Rapsodi","slug":"rapsodi"}],"_links":{"self":[{"href":"http:\/\/gursomobilya.com\/en\/wp-json\/wp\/v2\/product\/3392","targetHints":{"allow":["GET"]}}],"collection":[{"href":"http:\/\/gursomobilya.com\/en\/wp-json\/wp\/v2\/product"}],"about":[{"href":"http:\/\/gursomobilya.com\/en\/wp-json\/wp\/v2\/types\/product"}],"version-history":[{"count":3,"href":"http:\/\/gursomobilya.com\/en\/wp-json\/wp\/v2\/product\/3392\/revisions"}],"predecessor-version":[{"id":3564,"href":"http:\/\/gursomobilya.com\/en\/wp-json\/wp\/v2\/product\/3392\/revisions\/3564"}],"wp:featuredmedia":[{"embeddable":true,"href":"http:\/\/gursomobilya.com\/en\/wp-json\/wp\/v2\/media\/3393"}],"wp:attachment":[{"href":"http:\/\/gursomobilya.com\/en\/wp-json\/wp\/v2\/media?parent=3392"}],"wp:term":[{"taxonomy":"pwb-brand","embeddable":true,"href":"http:\/\/gursomobilya.com\/en\/wp-json\/wp\/v2\/pwb-brand?post=3392"},{"taxonomy":"product_brand","embeddable":true,"href":"http:\/\/gursomobilya.com\/en\/wp-json\/wp\/v2\/product_brand?post=3392"},{"taxonomy":"product_cat","embeddable":true,"href":"http:\/\/gursomobilya.com\/en\/wp-json\/wp\/v2\/product_cat?post=3392"},{"taxonomy":"product_tag","embeddable":true,"href":"http:\/\/gursomobilya.com\/en\/wp-json\/wp\/v2\/product_tag?post=3392"},{"taxonomy":"berocket_brand","embeddable":true,"href":"http:\/\/gursomobilya.com\/en\/wp-json\/wp\/v2\/berocket_brand?post=3392"}],"curies":[{"name":"wp","href":"https:\/\/api.w.org\/{rel}","templated":true}]}}