{"id":3400,"date":"2024-07-26T14:11:49","date_gmt":"2024-07-26T14:11:49","guid":{"rendered":"https:\/\/gursomobilya.com\/?post_type=product&#038;p=3400"},"modified":"2025-12-02T11:30:55","modified_gmt":"2025-12-02T11:30:55","slug":"tunus-yatak-odasi-takimi","status":"publish","type":"product","link":"http:\/\/gursomobilya.com\/en\/product\/tunus-yatak-odasi-takimi\/","title":{"rendered":"Tunus Bedroom Set"},"content":{"rendered":"<table width=\"873\">\n<tbody>\n<tr>\n<td width=\"205\">Content<\/td>\n<td colspan=\"4\" width=\"668\">It consists of 1 wardrobe, 1 bedstead (including body and headboard), 1 dresser and dresser mirror, 2 nightstands.<\/td>\n<\/tr>\n<tr>\n<td width=\"205\">Bed Material<\/td>\n<td colspan=\"4\" width=\"668\">Made of imported melamine coated particle board material. Feet are metal.<\/td>\n<\/tr>\n<tr>\n<td width=\"205\">Lighting Feature<\/td>\n<td colspan=\"4\" width=\"668\">There is no lighting feature.<\/td>\n<\/tr>\n<tr>\n<td width=\"205\">Wardrobe Door Function<\/td>\n<td colspan=\"4\" width=\"668\">The door hinges are slow-closing. The wardrobe mechanism is covered.<\/td>\n<\/tr>\n<tr>\n<td width=\"205\">Nightstand Material<\/td>\n<td colspan=\"4\" width=\"668\">Made of imported melamine coated particleboard material. The upper surface is made of wood. The legs are metal.<\/td>\n<\/tr>\n<tr>\n<td width=\"205\">Dresser Material<\/td>\n<td colspan=\"4\" width=\"668\">Made of imported melamine coated particleboard material. The upper surface is made of wood. The legs are metal.<\/td>\n<\/tr>\n<tr>\n<td width=\"205\">Top Surface Material<\/td>\n<td colspan=\"4\" width=\"668\">Wooden material was used on the upper surfaces of the nightstand and dresser.<\/td>\n<\/tr>\n<tr>\n<td width=\"205\">Drawer Mechanism<\/td>\n<td colspan=\"4\" width=\"668\">Braked telescopic rails are used in the drawers.<\/td>\n<\/tr>\n<tr>\n<td width=\"205\">Foot Material<\/td>\n<td colspan=\"4\" width=\"668\">The feet are made of fiber material.<\/td>\n<\/tr>\n<tr>\n<td width=\"205\">Wood Care<\/td>\n<td colspan=\"4\" width=\"668\">You can clean your furniture by wiping it with a damp cloth. Protect it from direct sunlight. Avoid prolonged contact with hot surfaces and water.<\/td>\n<\/tr>\n<tr>\n<td width=\"205\">Disassembled Parts<\/td>\n<td colspan=\"4\" width=\"668\">All parts are shipped disassembled.<\/td>\n<\/tr>\n<tr>\n<td width=\"205\">Additional Information<\/td>\n<td colspan=\"4\" width=\"668\">There are production options for the bedstead with or without a base. The height of the bedstead does not change in the options with or without a base.<\/td>\n<\/tr>\n<tr>\n<td width=\"205\"><\/td>\n<td width=\"78\">Color<\/td>\n<td width=\"78\">Size<\/td>\n<td width=\"78\">Depth<\/td>\n<td width=\"434\">Height<\/td>\n<\/tr>\n<tr>\n<td width=\"205\">Nightstand<\/td>\n<td width=\"78\">Standard<\/td>\n<td width=\"78\">65<\/td>\n<td width=\"78\">49<\/td>\n<td width=\"434\">44<\/td>\n<\/tr>\n<tr>\n<td width=\"205\">Double Bedstead<\/td>\n<td width=\"78\">Standard<\/td>\n<td width=\"78\">208<\/td>\n<td width=\"78\">208<\/td>\n<td width=\"434\">126<\/td>\n<\/tr>\n<tr>\n<td width=\"205\">Dresser<\/td>\n<td width=\"78\">Standard<\/td>\n<td width=\"78\">132<\/td>\n<td width=\"78\">49<\/td>\n<td width=\"434\">80<\/td>\n<\/tr>\n<tr>\n<td width=\"205\">Dresser Mirror<\/td>\n<td width=\"78\">Standard<\/td>\n<td width=\"78\">74<\/td>\n<td width=\"78\">4<\/td>\n<td width=\"434\">74<\/td>\n<\/tr>\n<tr>\n<td width=\"205\">Gardrop<\/td>\n<td width=\"78\">Standard<\/td>\n<td width=\"78\">260<\/td>\n<td width=\"78\">66<\/td>\n<td width=\"434\">210<\/td>\n<\/tr>\n<tr>\n<td width=\"205\">Double Bed Base<\/td>\n<td width=\"78\">Standard<\/td>\n<td width=\"78\">208<\/td>\n<td width=\"78\">208<\/td>\n<td width=\"434\">126<\/td>\n<\/tr>\n<\/tbody>\n<\/table>","protected":false},"excerpt":{"rendered":"<p>Tak\u0131m \u0130\u00e7eri\u011fi 1 adet gardrop, 1 adet karyola (G\u00f6vde ve Ba\u015fl\u0131k Dahil), 1 adet \u015fifonyer ve \u015fifonyer aynas\u0131, 2 adet<\/p>","protected":false},"featured_media":3393,"template":"","meta":{"_joinchat":[]},"pwb-brand":[97],"product_brand":[],"product_cat":[74],"product_tag":[],"berocket_brand":[],"class_list":{"0":"post-3400","1":"product","2":"type-product","3":"status-publish","4":"has-post-thumbnail","6":"pwb-brand-rapsodi","7":"product_cat-yatak-odasi-takimlari","9":"first","10":"instock","11":"shipping-taxable","12":"product-type-simple"},"brands":[{"id":97,"name":"Rapsodi","slug":"rapsodi"}],"_links":{"self":[{"href":"http:\/\/gursomobilya.com\/en\/wp-json\/wp\/v2\/product\/3400","targetHints":{"allow":["GET"]}}],"collection":[{"href":"http:\/\/gursomobilya.com\/en\/wp-json\/wp\/v2\/product"}],"about":[{"href":"http:\/\/gursomobilya.com\/en\/wp-json\/wp\/v2\/types\/product"}],"version-history":[{"count":2,"href":"http:\/\/gursomobilya.com\/en\/wp-json\/wp\/v2\/product\/3400\/revisions"}],"predecessor-version":[{"id":3760,"href":"http:\/\/gursomobilya.com\/en\/wp-json\/wp\/v2\/product\/3400\/revisions\/3760"}],"wp:featuredmedia":[{"embeddable":true,"href":"http:\/\/gursomobilya.com\/en\/wp-json\/wp\/v2\/media\/3393"}],"wp:attachment":[{"href":"http:\/\/gursomobilya.com\/en\/wp-json\/wp\/v2\/media?parent=3400"}],"wp:term":[{"taxonomy":"pwb-brand","embeddable":true,"href":"http:\/\/gursomobilya.com\/en\/wp-json\/wp\/v2\/pwb-brand?post=3400"},{"taxonomy":"product_brand","embeddable":true,"href":"http:\/\/gursomobilya.com\/en\/wp-json\/wp\/v2\/product_brand?post=3400"},{"taxonomy":"product_cat","embeddable":true,"href":"http:\/\/gursomobilya.com\/en\/wp-json\/wp\/v2\/product_cat?post=3400"},{"taxonomy":"product_tag","embeddable":true,"href":"http:\/\/gursomobilya.com\/en\/wp-json\/wp\/v2\/product_tag?post=3400"},{"taxonomy":"berocket_brand","embeddable":true,"href":"http:\/\/gursomobilya.com\/en\/wp-json\/wp\/v2\/berocket_brand?post=3400"}],"curies":[{"name":"wp","href":"https:\/\/api.w.org\/{rel}","templated":true}]}}