{"id":3627,"date":"2024-08-04T20:29:02","date_gmt":"2024-08-04T20:29:02","guid":{"rendered":"https:\/\/gursomobilya.com\/?post_type=product&#038;p=3627"},"modified":"2025-05-12T11:51:21","modified_gmt":"2025-05-12T11:51:21","slug":"lugano-koltuk-takimi","status":"publish","type":"product","link":"http:\/\/gursomobilya.com\/en\/product\/lugano-koltuk-takimi\/","title":{"rendered":"Lugano Sofa Set"},"content":{"rendered":"<div class=\"Line\">\n<div class=\"openerContent\">\n<table width=\"825\">\n<tbody>\n<tr>\n<td width=\"190\"><strong>Content<\/strong><\/td>\n<td>It consists of 2 triple sofa beds and 1 armchair.<\/td>\n<\/tr>\n<tr>\n<td width=\"190\"><strong>Fabric Content<\/strong><\/td>\n<td>Nubuck fabric was used on the three-seater sofas and armchair.<\/td>\n<\/tr>\n<tr>\n<td width=\"190\"><strong>Fabric Feature<\/strong><\/td>\n<td>Locally woven fabric was used.<\/td>\n<\/tr>\n<tr>\n<td width=\"190\"><strong>Fabric Care\/Cleaning Recommendations<\/strong><\/td>\n<td>It can be wiped superficially with a damp cloth without using bleach.<\/td>\n<\/tr>\n<tr>\n<td width=\"190\"><strong>Function Feature<\/strong><\/td>\n<td>Both 3-seater sofas have beds.<\/td>\n<\/tr>\n<tr>\n<td width=\"190\"><strong>Mechanism Feature<\/strong><\/td>\n<td>Three-seater sofas have the feature of turning into beds thanks to the zero scissor mechanism.<\/td>\n<\/tr>\n<tr>\n<td width=\"190\"><strong>Skeleton Material<\/strong><\/td>\n<td>The skeletal system is steel profile and reinforced with S zigzag steel springs. This will keep our product away from deformation that will occur over many years of use and preserve its first-day appearance.<\/td>\n<\/tr>\n<tr>\n<td width=\"190\"><strong>Seat Cushion Material\u00a0 \u00a0 \u00a0\u00a0<\/strong><\/td>\n<td>32 DNS Hyper sponges were used.<\/td>\n<\/tr>\n<tr>\n<td width=\"190\"><strong>Foot Material<\/strong><\/td>\n<td>The legs of the three-seater sofas and the armchair are made of wood.<\/td>\n<\/tr>\n<tr>\n<td width=\"190\"><strong>Foot Color<\/strong><\/td>\n<td>The leg color of the three-seater sofas and the armchair is light walnut.<\/td>\n<\/tr>\n<tr>\n<td width=\"190\"><strong>Additional Information<\/strong><\/td>\n<td>Cushions are included in the product.<br \/>\nThe product does not contain a box<br \/>\nFabric and leg color changes are available upon request.<\/td>\n<\/tr>\n<tr>\n<td width=\"190\"><strong>Disassembled Parts<\/strong><\/td>\n<td>The feet are sent disassembled.<\/td>\n<\/tr>\n<\/tbody>\n<\/table>\n<\/div>\n<\/div>\n<table width=\"516\">\n<tbody>\n<tr>\n<td><\/td>\n<td>Color<\/td>\n<td>\u00a0 \u00a0Size<\/td>\n<td>\u00a0Depth<\/td>\n<td>Height<\/td>\n<\/tr>\n<tr>\n<td>3-seater sofa bed<\/td>\n<td>Optional<\/td>\n<td>\u00a0 \u00a0231<\/td>\n<td>\u00a087<\/td>\n<td>77<\/td>\n<\/tr>\n<tr>\n<td>Bergere<\/td>\n<td>Optional<\/td>\n<td>\u00a0 \u00a073<\/td>\n<td>\u00a072<\/td>\n<td>102<\/td>\n<\/tr>\n<\/tbody>\n<\/table>","protected":false},"excerpt":{"rendered":"<p>Tak\u0131m \u0130\u00e7eri\u011fi 2 adet \u00fc\u00e7l\u00fc yatakl\u0131 kanepe ve 1 adet berjerden olu\u015fmaktad\u0131r. Kuma\u015f \u0130\u00e7eri\u011fi \u00dc\u00e7l\u00fc kanepeler ve berjerde nubuk kuma\u015f<\/p>","protected":false},"featured_media":3628,"template":"","meta":{"_joinchat":[]},"pwb-brand":[97],"product_brand":[],"product_cat":[72],"product_tag":[],"berocket_brand":[],"class_list":{"0":"post-3627","1":"product","2":"type-product","3":"status-publish","4":"has-post-thumbnail","6":"pwb-brand-rapsodi","7":"product_cat-koltuk-takimlari","9":"first","10":"instock","11":"shipping-taxable","12":"product-type-simple"},"brands":[{"id":97,"name":"Rapsodi","slug":"rapsodi"}],"_links":{"self":[{"href":"http:\/\/gursomobilya.com\/en\/wp-json\/wp\/v2\/product\/3627","targetHints":{"allow":["GET"]}}],"collection":[{"href":"http:\/\/gursomobilya.com\/en\/wp-json\/wp\/v2\/product"}],"about":[{"href":"http:\/\/gursomobilya.com\/en\/wp-json\/wp\/v2\/types\/product"}],"version-history":[{"count":1,"href":"http:\/\/gursomobilya.com\/en\/wp-json\/wp\/v2\/product\/3627\/revisions"}],"predecessor-version":[{"id":3631,"href":"http:\/\/gursomobilya.com\/en\/wp-json\/wp\/v2\/product\/3627\/revisions\/3631"}],"wp:featuredmedia":[{"embeddable":true,"href":"http:\/\/gursomobilya.com\/en\/wp-json\/wp\/v2\/media\/3628"}],"wp:attachment":[{"href":"http:\/\/gursomobilya.com\/en\/wp-json\/wp\/v2\/media?parent=3627"}],"wp:term":[{"taxonomy":"pwb-brand","embeddable":true,"href":"http:\/\/gursomobilya.com\/en\/wp-json\/wp\/v2\/pwb-brand?post=3627"},{"taxonomy":"product_brand","embeddable":true,"href":"http:\/\/gursomobilya.com\/en\/wp-json\/wp\/v2\/product_brand?post=3627"},{"taxonomy":"product_cat","embeddable":true,"href":"http:\/\/gursomobilya.com\/en\/wp-json\/wp\/v2\/product_cat?post=3627"},{"taxonomy":"product_tag","embeddable":true,"href":"http:\/\/gursomobilya.com\/en\/wp-json\/wp\/v2\/product_tag?post=3627"},{"taxonomy":"berocket_brand","embeddable":true,"href":"http:\/\/gursomobilya.com\/en\/wp-json\/wp\/v2\/berocket_brand?post=3627"}],"curies":[{"name":"wp","href":"https:\/\/api.w.org\/{rel}","templated":true}]}}