{"id":3835,"date":"2025-05-13T09:41:20","date_gmt":"2025-05-13T09:41:20","guid":{"rendered":"https:\/\/gursomobilya.com\/?post_type=product&#038;p=3835"},"modified":"2025-05-13T09:47:11","modified_gmt":"2025-05-13T09:47:11","slug":"silva-oturma-grubu","status":"publish","type":"product","link":"http:\/\/gursomobilya.com\/en\/product\/silva-oturma-grubu\/","title":{"rendered":"Silva Oturma Grubu"},"content":{"rendered":"<p>Orman\u0131n y\u00fcce a\u011fa\u00e7lar\u0131ndan ilhamla, Silva\u2026 Orman\u0131n derinliklerindeki huzuru ve serinli\u011fi ya\u015fam alanlar\u0131n\u0131za ta\u015f\u0131man\u0131z i\u00e7in tasarlanan Silva Kanepe Grubu, minimalli\u011fi tasar\u0131m\u0131n en do\u011fal haliyle be\u011feninize sunuyor. Ah\u015fap hissi uyand\u0131ran ama ayn\u0131 zamanda ah\u015fab\u0131n zahmetinden de kurtaran Silva\u2019n\u0131n rahat oturumu, minder se\u00e7ene\u011fi ile de desteklenerek a\u00e7\u0131k havada uzun s\u00fcre keyifli vakit ge\u00e7irmenize olanak sa\u011fl\u0131yor. 3 farkl\u0131 renkte sunulan kanepe grubu, 3 oturma \u00fcnitesi ve 1 sehpa olmak \u00fczere 4 par\u00e7adan olu\u015fuyor.<\/p>","protected":false},"excerpt":{"rendered":"<p>Plastik sehpas\u0131, oturaklar, minderler, s\u0131rtlar ve kollu veya kolsuz ayak ba\u011flant\u0131lar\u0131 olarak \u00e7ok kompenentten olu\u015fan ve iste\u011fe g\u00f6re tekli, \u00e7iftli ve \u00fc\u00e7l\u00fc olarak montajlanabilen Koltuk Seti Malzemeler: UV, Pigment ve Cam elyafl\u0131 Polipropilen ve D\u00f6\u015femelik kuma\u015f ve s\u00fcnger. Ayak tapalar\u0131 ve plastik ba\u011flant\u0131 elemanlar\u0131. Kuma\u015f kapl\u0131 minder.<\/p>","protected":false},"featured_media":3851,"template":"","meta":{"_joinchat":[]},"pwb-brand":[99],"product_brand":[],"product_cat":[75,91],"product_tag":[],"berocket_brand":[],"class_list":{"0":"post-3835","1":"product","2":"type-product","3":"status-publish","4":"has-post-thumbnail","6":"pwb-brand-tilia","7":"product_cat-bahce-grubu","8":"product_cat-oturma-takimlari","10":"first","11":"instock","12":"shipping-taxable","13":"product-type-simple"},"brands":[{"id":99,"name":"Tilia","slug":"tilia"}],"_links":{"self":[{"href":"http:\/\/gursomobilya.com\/en\/wp-json\/wp\/v2\/product\/3835","targetHints":{"allow":["GET"]}}],"collection":[{"href":"http:\/\/gursomobilya.com\/en\/wp-json\/wp\/v2\/product"}],"about":[{"href":"http:\/\/gursomobilya.com\/en\/wp-json\/wp\/v2\/types\/product"}],"version-history":[{"count":1,"href":"http:\/\/gursomobilya.com\/en\/wp-json\/wp\/v2\/product\/3835\/revisions"}],"predecessor-version":[{"id":3982,"href":"http:\/\/gursomobilya.com\/en\/wp-json\/wp\/v2\/product\/3835\/revisions\/3982"}],"wp:featuredmedia":[{"embeddable":true,"href":"http:\/\/gursomobilya.com\/en\/wp-json\/wp\/v2\/media\/3851"}],"wp:attachment":[{"href":"http:\/\/gursomobilya.com\/en\/wp-json\/wp\/v2\/media?parent=3835"}],"wp:term":[{"taxonomy":"pwb-brand","embeddable":true,"href":"http:\/\/gursomobilya.com\/en\/wp-json\/wp\/v2\/pwb-brand?post=3835"},{"taxonomy":"product_brand","embeddable":true,"href":"http:\/\/gursomobilya.com\/en\/wp-json\/wp\/v2\/product_brand?post=3835"},{"taxonomy":"product_cat","embeddable":true,"href":"http:\/\/gursomobilya.com\/en\/wp-json\/wp\/v2\/product_cat?post=3835"},{"taxonomy":"product_tag","embeddable":true,"href":"http:\/\/gursomobilya.com\/en\/wp-json\/wp\/v2\/product_tag?post=3835"},{"taxonomy":"berocket_brand","embeddable":true,"href":"http:\/\/gursomobilya.com\/en\/wp-json\/wp\/v2\/berocket_brand?post=3835"}],"curies":[{"name":"wp","href":"https:\/\/api.w.org\/{rel}","templated":true}]}}