{"id":3987,"date":"2025-05-16T13:12:07","date_gmt":"2025-05-16T13:12:07","guid":{"rendered":"https:\/\/gursomobilya.com\/?post_type=product&#038;p=3987"},"modified":"2025-05-26T10:27:24","modified_gmt":"2025-05-26T10:27:24","slug":"exence-kose-takimi","status":"publish","type":"product","link":"http:\/\/gursomobilya.com\/en\/product\/exence-kose-takimi\/","title":{"rendered":"Exence K\u00f6\u015fe Tak\u0131m\u0131"},"content":{"rendered":"<p>We offer not just a piece of furniture for your homes, but a lifestyle. Our modern and stylish designs offer options for every taste and fit into every corner of your home. The sofas in our collection are designed to be the stars of your living rooms. Manufactured with high-quality materials, these products not only provide long-lasting use but also attract attention with their eye-catching appearance.<\/p>","protected":false},"excerpt":{"rendered":"<p>Bu kanepe, zarafetin dokunu\u015funu her y\u00f6n\u00fcyle hissetmenizi sa\u011flar. Estetik, do\u011fall\u0131k ve konfor, hayalinizdeki ya\u015fam alan\u0131n\u0131 yaratmak i\u00e7in bir araya geliyor.<\/p>","protected":false},"featured_media":3989,"template":"","meta":{"_joinchat":[]},"pwb-brand":[96],"product_brand":[],"product_cat":[72],"product_tag":[],"berocket_brand":[],"class_list":{"0":"post-3987","1":"product","2":"type-product","3":"status-publish","4":"has-post-thumbnail","6":"pwb-brand-selimoglu","7":"product_cat-koltuk-takimlari","9":"first","10":"instock","11":"shipping-taxable","12":"product-type-simple"},"brands":[{"id":96,"name":"Selimo\u011flu","slug":"selimoglu"}],"_links":{"self":[{"href":"http:\/\/gursomobilya.com\/en\/wp-json\/wp\/v2\/product\/3987","targetHints":{"allow":["GET"]}}],"collection":[{"href":"http:\/\/gursomobilya.com\/en\/wp-json\/wp\/v2\/product"}],"about":[{"href":"http:\/\/gursomobilya.com\/en\/wp-json\/wp\/v2\/types\/product"}],"version-history":[{"count":2,"href":"http:\/\/gursomobilya.com\/en\/wp-json\/wp\/v2\/product\/3987\/revisions"}],"predecessor-version":[{"id":3990,"href":"http:\/\/gursomobilya.com\/en\/wp-json\/wp\/v2\/product\/3987\/revisions\/3990"}],"wp:featuredmedia":[{"embeddable":true,"href":"http:\/\/gursomobilya.com\/en\/wp-json\/wp\/v2\/media\/3989"}],"wp:attachment":[{"href":"http:\/\/gursomobilya.com\/en\/wp-json\/wp\/v2\/media?parent=3987"}],"wp:term":[{"taxonomy":"pwb-brand","embeddable":true,"href":"http:\/\/gursomobilya.com\/en\/wp-json\/wp\/v2\/pwb-brand?post=3987"},{"taxonomy":"product_brand","embeddable":true,"href":"http:\/\/gursomobilya.com\/en\/wp-json\/wp\/v2\/product_brand?post=3987"},{"taxonomy":"product_cat","embeddable":true,"href":"http:\/\/gursomobilya.com\/en\/wp-json\/wp\/v2\/product_cat?post=3987"},{"taxonomy":"product_tag","embeddable":true,"href":"http:\/\/gursomobilya.com\/en\/wp-json\/wp\/v2\/product_tag?post=3987"},{"taxonomy":"berocket_brand","embeddable":true,"href":"http:\/\/gursomobilya.com\/en\/wp-json\/wp\/v2\/berocket_brand?post=3987"}],"curies":[{"name":"wp","href":"https:\/\/api.w.org\/{rel}","templated":true}]}}