{"id":4098,"date":"2025-05-22T08:33:08","date_gmt":"2025-05-22T08:33:08","guid":{"rendered":"https:\/\/gursomobilya.com\/?post_type=product&#038;p=4098"},"modified":"2025-05-26T10:35:19","modified_gmt":"2025-05-26T10:35:19","slug":"napoli-koltuk-takimi","status":"publish","type":"product","link":"http:\/\/gursomobilya.com\/en\/product\/napoli-koltuk-takimi\/","title":{"rendered":"Napoli Koltuk Tak\u0131m\u0131"},"content":{"rendered":"<table width=\"825\">\n<tbody>\n<tr>\n<td width=\"190\"><strong>Content<\/strong><\/td>\n<td>It consists of 1 triple sofa bed, 1 double sofa bed and 1 armchair.<\/td>\n<\/tr>\n<tr>\n<td width=\"190\"><strong>Fabric Content<\/strong><\/td>\n<td>\u00dc\u00e7l\u00fc kanepeler ve berjerde\u00a0bukle kuma\u015f kullan\u0131lm\u0131\u015ft\u0131r.<\/td>\n<\/tr>\n<tr>\n<td width=\"190\"><strong>Fabric Feature<\/strong><\/td>\n<td>Locally woven fabric was used.<\/td>\n<\/tr>\n<tr>\n<td width=\"190\"><strong>Fabric Care\/Cleaning Recommendations<\/strong><\/td>\n<td>It can be wiped superficially with a damp cloth without using bleach.<\/td>\n<\/tr>\n<tr>\n<td width=\"190\"><strong>Function Feature<\/strong><\/td>\n<td>3&#8217;l\u00fc kanepe ve 2&#8217;li kanepelerin her ikisi de yatakl\u0131d\u0131r.<\/td>\n<\/tr>\n<tr>\n<td width=\"190\"><strong>Mechanism Feature<\/strong><\/td>\n<td>\u00dc\u00e7l\u00fc koltuklar s\u0131rt atlama mekanizmas\u0131 sayesinde yatak olabilme \u00f6zelli\u011fine sahiptir.<\/td>\n<\/tr>\n<tr>\n<td width=\"190\"><strong>Skeleton Material<\/strong><\/td>\n<td>The skeletal system is steel profile and reinforced with S zigzag steel springs. This will keep our product away from deformation that will occur over many years of use and preserve its first-day appearance.<\/td>\n<\/tr>\n<tr>\n<td width=\"190\"><strong>Seat Cushion Material\u00a0 \u00a0 \u00a0\u00a0<\/strong><\/td>\n<td>32 DNS Hyper sponges were used.<\/td>\n<\/tr>\n<tr>\n<td width=\"190\"><strong>Foot Material<\/strong><\/td>\n<td>\u00dc\u00e7l\u00fc kanepe, ikili kanepe ve berjer ayaklar\u0131 ah\u015fap g\u00f6r\u00fcn\u00fcml\u00fc fiber malzemedendir.<\/td>\n<\/tr>\n<tr>\n<td width=\"190\"><strong>Foot Color<\/strong><\/td>\n<td>3&#8217;l\u00fc kanepe, 2&#8217;li kanepe ve berjer ayaklar\u0131nd renk de\u011fi\u015fimi yap\u0131labilmektedir.<\/td>\n<\/tr>\n<tr>\n<td width=\"190\"><strong>Additional Information<\/strong><\/td>\n<td>Cushions are included in the product.<br \/>\nFabric and leg color changes are available upon request.<\/td>\n<\/tr>\n<tr>\n<td width=\"190\"><strong>Disassembled Parts<\/strong><\/td>\n<td>The feet are sent disassembled.<\/td>\n<\/tr>\n<\/tbody>\n<\/table>\n<table width=\"474\">\n<tbody>\n<tr>\n<td width=\"157\"><\/td>\n<td width=\"59\"><strong>Size<\/strong><\/td>\n<td width=\"70\"><strong>En<\/strong><\/td>\n<td width=\"85\"><strong>Height<\/strong><\/td>\n<\/tr>\n<tr>\n<td><strong>Napoli 3l\u00fc Yatakl\u0131 Kanepe<\/strong><\/td>\n<td>226<\/td>\n<td>96<\/td>\n<td>76<\/td>\n<\/tr>\n<tr>\n<td><strong>Napoli 2li Yatakl\u0131 Kanepe<\/strong><\/td>\n<td>176<\/td>\n<td>96<\/td>\n<td>76<\/td>\n<\/tr>\n<tr>\n<td><strong>Napoli Berjer<\/strong><\/td>\n<td>102<\/td>\n<td>80<\/td>\n<td>73<\/td>\n<\/tr>\n<\/tbody>\n<\/table>","protected":false},"excerpt":{"rendered":"<p>Tak\u0131m \u0130\u00e7eri\u011fi 1 adet \u00fc\u00e7l\u00fc yatakl\u0131 kanepe, 1 adet ikili yatakl\u0131 kanepe ve 1 adet berjerden olu\u015fmaktad\u0131r. Kuma\u015f \u0130\u00e7eri\u011fi \u00dc\u00e7l\u00fc<\/p>","protected":false},"featured_media":4101,"template":"","meta":{"_joinchat":[]},"pwb-brand":[97],"product_brand":[],"product_cat":[72],"product_tag":[],"berocket_brand":[],"class_list":{"0":"post-4098","1":"product","2":"type-product","3":"status-publish","4":"has-post-thumbnail","6":"pwb-brand-rapsodi","7":"product_cat-koltuk-takimlari","9":"first","10":"instock","11":"shipping-taxable","12":"product-type-simple"},"brands":[{"id":97,"name":"Rapsodi","slug":"rapsodi"}],"_links":{"self":[{"href":"http:\/\/gursomobilya.com\/en\/wp-json\/wp\/v2\/product\/4098","targetHints":{"allow":["GET"]}}],"collection":[{"href":"http:\/\/gursomobilya.com\/en\/wp-json\/wp\/v2\/product"}],"about":[{"href":"http:\/\/gursomobilya.com\/en\/wp-json\/wp\/v2\/types\/product"}],"version-history":[{"count":4,"href":"http:\/\/gursomobilya.com\/en\/wp-json\/wp\/v2\/product\/4098\/revisions"}],"predecessor-version":[{"id":4106,"href":"http:\/\/gursomobilya.com\/en\/wp-json\/wp\/v2\/product\/4098\/revisions\/4106"}],"wp:featuredmedia":[{"embeddable":true,"href":"http:\/\/gursomobilya.com\/en\/wp-json\/wp\/v2\/media\/4101"}],"wp:attachment":[{"href":"http:\/\/gursomobilya.com\/en\/wp-json\/wp\/v2\/media?parent=4098"}],"wp:term":[{"taxonomy":"pwb-brand","embeddable":true,"href":"http:\/\/gursomobilya.com\/en\/wp-json\/wp\/v2\/pwb-brand?post=4098"},{"taxonomy":"product_brand","embeddable":true,"href":"http:\/\/gursomobilya.com\/en\/wp-json\/wp\/v2\/product_brand?post=4098"},{"taxonomy":"product_cat","embeddable":true,"href":"http:\/\/gursomobilya.com\/en\/wp-json\/wp\/v2\/product_cat?post=4098"},{"taxonomy":"product_tag","embeddable":true,"href":"http:\/\/gursomobilya.com\/en\/wp-json\/wp\/v2\/product_tag?post=4098"},{"taxonomy":"berocket_brand","embeddable":true,"href":"http:\/\/gursomobilya.com\/en\/wp-json\/wp\/v2\/berocket_brand?post=4098"}],"curies":[{"name":"wp","href":"https:\/\/api.w.org\/{rel}","templated":true}]}}