{"id":4107,"date":"2025-05-22T08:42:12","date_gmt":"2025-05-22T08:42:12","guid":{"rendered":"https:\/\/gursomobilya.com\/?post_type=product&#038;p=4107"},"modified":"2025-05-26T10:36:42","modified_gmt":"2025-05-26T10:36:42","slug":"zeta-koltuk-takimi","status":"publish","type":"product","link":"http:\/\/gursomobilya.com\/en\/product\/zeta-koltuk-takimi\/","title":{"rendered":"Zeta Koltuk Tak\u0131m\u0131"},"content":{"rendered":"<div class=\"Line\">\n<div class=\"clearBoth\">\n<table width=\"825\">\n<tbody>\n<tr>\n<td width=\"190\"><strong>Content<\/strong><\/td>\n<td>2 adet \u00fc\u00e7l\u00fc yatakl\u0131 kanepe, 1 adet berjerden olu\u015fmaktad\u0131r.<\/td>\n<\/tr>\n<tr>\n<td width=\"190\"><strong>Fabric Content<\/strong><\/td>\n<td>\u00dc\u00e7l\u00fc kanepeler ve berjerde baby face kuma\u015f kullan\u0131lm\u0131\u015ft\u0131r.<\/td>\n<\/tr>\n<tr>\n<td width=\"190\"><strong>Fabric Feature<\/strong><\/td>\n<td>Locally woven fabric was used.<\/td>\n<\/tr>\n<tr>\n<td width=\"190\"><strong>Fabric Care\/Cleaning Recommendations<\/strong><\/td>\n<td>It can be wiped superficially with a damp cloth without using bleach.<\/td>\n<\/tr>\n<tr>\n<td width=\"190\"><strong>Function Feature<\/strong><\/td>\n<td>Both 3-seater sofas have beds.<\/td>\n<\/tr>\n<tr>\n<td width=\"190\"><strong>Mechanism Feature<\/strong><\/td>\n<td>\u00dc\u00e7l\u00fc kanepeler geriye giden s\u0131rt mekanizmas\u0131 sayesinde yatak olabilme \u00f6zelli\u011fine sahiptir.<\/td>\n<\/tr>\n<tr>\n<td width=\"190\"><strong>Skeleton Material<\/strong><\/td>\n<td>The skeletal system is steel profile and reinforced with S zigzag steel springs. This will keep our product away from deformation that will occur over many years of use and preserve its first-day appearance.<\/td>\n<\/tr>\n<tr>\n<td width=\"190\"><strong>Seat Cushion Material\u00a0 \u00a0 \u00a0\u00a0<\/strong><\/td>\n<td>32 DNS Hyper sponges were used.<\/td>\n<\/tr>\n<tr>\n<td width=\"190\"><strong>Foot Material<\/strong><\/td>\n<td>\u00dc\u00e7l\u00fc kanepelerin ve berjerin ayaklar\u0131 fiber malzemedendir.<\/td>\n<\/tr>\n<tr>\n<td width=\"190\"><strong>Foot Color<\/strong><\/td>\n<td>The leg color of the three-seater sofas and the armchair is light walnut.<\/td>\n<\/tr>\n<tr>\n<td width=\"190\"><strong>Additional Information<\/strong><\/td>\n<td>Cushions are included in the product.<br \/>\nFabric and leg color changes are available upon request.<\/td>\n<\/tr>\n<tr>\n<td width=\"190\"><strong>Disassembled Parts<\/strong><\/td>\n<td>The feet are sent disassembled.<\/td>\n<\/tr>\n<\/tbody>\n<\/table>\n<\/div>\n<\/div>\n<table width=\"506\">\n<tbody>\n<tr>\n<td><\/td>\n<td><strong>Color<\/strong><\/td>\n<td><strong>Size<\/strong><\/td>\n<td><strong>Depth<\/strong><\/td>\n<td><strong>Height<\/strong><\/td>\n<\/tr>\n<tr>\n<td><strong>3-seater sofa bed<\/strong><\/td>\n<td>Optional<\/td>\n<td>225<\/td>\n<td>99<\/td>\n<td>78<\/td>\n<\/tr>\n<tr>\n<td><strong>Bergere<\/strong><\/td>\n<td>Optional<\/td>\n<td>84<\/td>\n<td>74<\/td>\n<td>88<\/td>\n<\/tr>\n<\/tbody>\n<\/table>","protected":false},"excerpt":{"rendered":"<p>Tak\u0131m \u0130\u00e7eri\u011fi 2 adet \u00fc\u00e7l\u00fc yatakl\u0131 kanepe, 1 adet berjerden olu\u015fmaktad\u0131r. Kuma\u015f \u0130\u00e7eri\u011fi \u00dc\u00e7l\u00fc kanepeler ve berjerde baby face kuma\u015f<\/p>","protected":false},"featured_media":4109,"template":"","meta":{"_joinchat":[]},"pwb-brand":[97],"product_brand":[],"product_cat":[72],"product_tag":[],"berocket_brand":[],"class_list":{"0":"post-4107","1":"product","2":"type-product","3":"status-publish","4":"has-post-thumbnail","6":"pwb-brand-rapsodi","7":"product_cat-koltuk-takimlari","9":"first","10":"instock","11":"shipping-taxable","12":"product-type-simple"},"brands":[{"id":97,"name":"Rapsodi","slug":"rapsodi"}],"_links":{"self":[{"href":"http:\/\/gursomobilya.com\/en\/wp-json\/wp\/v2\/product\/4107","targetHints":{"allow":["GET"]}}],"collection":[{"href":"http:\/\/gursomobilya.com\/en\/wp-json\/wp\/v2\/product"}],"about":[{"href":"http:\/\/gursomobilya.com\/en\/wp-json\/wp\/v2\/types\/product"}],"version-history":[{"count":2,"href":"http:\/\/gursomobilya.com\/en\/wp-json\/wp\/v2\/product\/4107\/revisions"}],"predecessor-version":[{"id":4115,"href":"http:\/\/gursomobilya.com\/en\/wp-json\/wp\/v2\/product\/4107\/revisions\/4115"}],"wp:featuredmedia":[{"embeddable":true,"href":"http:\/\/gursomobilya.com\/en\/wp-json\/wp\/v2\/media\/4109"}],"wp:attachment":[{"href":"http:\/\/gursomobilya.com\/en\/wp-json\/wp\/v2\/media?parent=4107"}],"wp:term":[{"taxonomy":"pwb-brand","embeddable":true,"href":"http:\/\/gursomobilya.com\/en\/wp-json\/wp\/v2\/pwb-brand?post=4107"},{"taxonomy":"product_brand","embeddable":true,"href":"http:\/\/gursomobilya.com\/en\/wp-json\/wp\/v2\/product_brand?post=4107"},{"taxonomy":"product_cat","embeddable":true,"href":"http:\/\/gursomobilya.com\/en\/wp-json\/wp\/v2\/product_cat?post=4107"},{"taxonomy":"product_tag","embeddable":true,"href":"http:\/\/gursomobilya.com\/en\/wp-json\/wp\/v2\/product_tag?post=4107"},{"taxonomy":"berocket_brand","embeddable":true,"href":"http:\/\/gursomobilya.com\/en\/wp-json\/wp\/v2\/berocket_brand?post=4107"}],"curies":[{"name":"wp","href":"https:\/\/api.w.org\/{rel}","templated":true}]}}