{"id":4116,"date":"2025-05-22T08:52:55","date_gmt":"2025-05-22T08:52:55","guid":{"rendered":"https:\/\/gursomobilya.com\/?post_type=product&#038;p=4116"},"modified":"2026-04-10T21:41:33","modified_gmt":"2026-04-10T21:41:33","slug":"bonita-koltuk-takimi","status":"publish","type":"product","link":"http:\/\/gursomobilya.com\/en\/product\/bonita-koltuk-takimi\/","title":{"rendered":"Bonita Koltuk Tak\u0131m\u0131"},"content":{"rendered":"<table width=\"706\">\n<tbody>\n<tr>\n<td width=\"226\"><strong>Content<\/strong><\/td>\n<td colspan=\"3\" width=\"480\">It consists of 1 triple sofa bed, 1 double sofa bed and 1 armchair.<\/td>\n<\/tr>\n<tr>\n<td width=\"226\"><strong>Fabric Content<\/strong><\/td>\n<td colspan=\"3\" width=\"480\">\u00dc\u00e7l\u00fc kanepeler ve berjerde\u00a0bukle kuma\u015f kullan\u0131lm\u0131\u015ft\u0131r.<\/td>\n<\/tr>\n<tr>\n<td width=\"226\"><strong>Fabric Feature<\/strong><\/td>\n<td colspan=\"3\" width=\"480\">Locally woven fabric was used.<\/td>\n<\/tr>\n<tr>\n<td width=\"226\"><strong>Fabric Care\/Cleaning Recommendations<\/strong><\/td>\n<td colspan=\"3\" width=\"480\">It can be wiped superficially with a damp cloth without using bleach.<\/td>\n<\/tr>\n<tr>\n<td width=\"226\"><strong>Function Feature<\/strong><\/td>\n<td colspan=\"3\" width=\"480\">3&#8217;l\u00fc kanepe ve 2&#8217;li kanepelerin her ikisi de yatakl\u0131d\u0131r.<\/td>\n<\/tr>\n<tr>\n<td width=\"226\"><strong>Mechanism Feature<\/strong><\/td>\n<td colspan=\"3\" width=\"480\">\u00a0koltuklar\u00a0geriye a\u00e7\u0131lan s\u0131rt mekanizmas\u0131 sayesinde yatak olabilme \u00f6zelli\u011fine sahiptir.<\/td>\n<\/tr>\n<tr>\n<td width=\"226\"><strong>Skeleton Material<\/strong><\/td>\n<td colspan=\"3\" width=\"480\">The skeletal system is steel profile and reinforced with S zigzag steel springs. This will keep our product away from deformation that will occur over many years of use and preserve its first-day appearance.<\/td>\n<\/tr>\n<tr>\n<td width=\"226\"><strong>Seat Cushion Material\u00a0 \u00a0 \u00a0\u00a0<\/strong><\/td>\n<td colspan=\"3\" width=\"480\">32 DNS Hyper sponges were used.<\/td>\n<\/tr>\n<tr>\n<td width=\"226\"><strong>Foot Material<\/strong><\/td>\n<td colspan=\"3\" width=\"480\">\u00dc\u00e7l\u00fc kanepe, ikili kanepe ve berjer ayaklar\u0131\u00a0 fiber malzemedendir.<\/td>\n<\/tr>\n<tr>\n<td width=\"226\"><strong>Foot Color<\/strong><\/td>\n<td colspan=\"3\" width=\"480\">3&#8217;l\u00fc kanepe, 2&#8217;li kanepe ve berjer ayaklar\u0131nda renk de\u011fi\u015fimi yap\u0131labilir.<\/td>\n<\/tr>\n<tr>\n<td width=\"480\"><\/td>\n<td colspan=\"3\" width=\"480\">\u00dcr\u00fcnde kuma\u015f de\u011fi\u015fimi iste\u011fe g\u00f6re mevcuttur.<\/td>\n<\/tr>\n<tr>\n<td width=\"226\"><strong>Disassembled Parts<\/strong><\/td>\n<td colspan=\"3\" width=\"480\">The feet are sent disassembled.<\/td>\n<\/tr>\n<tr>\n<td style=\"text-align: center;\" width=\"226\"><\/td>\n<td style=\"text-align: center;\" width=\"148\"><strong>Size<\/strong><\/td>\n<td style=\"text-align: center;\" width=\"158\"><strong>En<\/strong><\/td>\n<td style=\"text-align: center;\" width=\"174\"><strong>Height<\/strong><\/td>\n<\/tr>\n<tr>\n<td width=\"226\"><strong>3l\u00fc Yatakl\u0131 Kanepe<\/strong><\/td>\n<td style=\"text-align: center;\" width=\"148\">212<\/td>\n<td style=\"text-align: center;\" width=\"158\">100<\/td>\n<td style=\"text-align: center;\" width=\"174\">82<\/td>\n<\/tr>\n<tr>\n<td width=\"226\"><strong>2li Yatakl\u0131 Kanepe<\/strong><\/td>\n<td style=\"text-align: center;\" width=\"148\">162<\/td>\n<td style=\"text-align: center;\" width=\"158\">100<\/td>\n<td style=\"text-align: center;\" width=\"174\">82<\/td>\n<\/tr>\n<tr>\n<td width=\"226\"><strong>Bergere<\/strong><\/td>\n<td style=\"text-align: center;\" width=\"148\">102<\/td>\n<td style=\"text-align: center;\" width=\"158\">82<\/td>\n<td style=\"text-align: center;\" width=\"174\">73<\/td>\n<\/tr>\n<\/tbody>\n<\/table>","protected":false},"excerpt":{"rendered":"<p>Tak\u0131m \u0130\u00e7eri\u011fi 1 adet \u00fc\u00e7l\u00fc yatakl\u0131 kanepe, 1 adet ikili yatakl\u0131 kanepe ve 1 adet berjerden olu\u015fmaktad\u0131r. Kuma\u015f \u0130\u00e7eri\u011fi \u00dc\u00e7l\u00fc<\/p>","protected":false},"featured_media":4117,"template":"","meta":{"_joinchat":[]},"pwb-brand":[97],"product_brand":[],"product_cat":[124,72],"product_tag":[],"berocket_brand":[],"class_list":{"0":"post-4116","1":"product","2":"type-product","3":"status-publish","4":"has-post-thumbnail","6":"pwb-brand-rapsodi","7":"product_cat-ayin-en-populer-urunleri","8":"product_cat-koltuk-takimlari","10":"first","11":"instock","12":"shipping-taxable","13":"product-type-simple"},"brands":[{"id":97,"name":"Rapsodi","slug":"rapsodi"}],"_links":{"self":[{"href":"http:\/\/gursomobilya.com\/en\/wp-json\/wp\/v2\/product\/4116","targetHints":{"allow":["GET"]}}],"collection":[{"href":"http:\/\/gursomobilya.com\/en\/wp-json\/wp\/v2\/product"}],"about":[{"href":"http:\/\/gursomobilya.com\/en\/wp-json\/wp\/v2\/types\/product"}],"version-history":[{"count":3,"href":"http:\/\/gursomobilya.com\/en\/wp-json\/wp\/v2\/product\/4116\/revisions"}],"predecessor-version":[{"id":4124,"href":"http:\/\/gursomobilya.com\/en\/wp-json\/wp\/v2\/product\/4116\/revisions\/4124"}],"wp:featuredmedia":[{"embeddable":true,"href":"http:\/\/gursomobilya.com\/en\/wp-json\/wp\/v2\/media\/4117"}],"wp:attachment":[{"href":"http:\/\/gursomobilya.com\/en\/wp-json\/wp\/v2\/media?parent=4116"}],"wp:term":[{"taxonomy":"pwb-brand","embeddable":true,"href":"http:\/\/gursomobilya.com\/en\/wp-json\/wp\/v2\/pwb-brand?post=4116"},{"taxonomy":"product_brand","embeddable":true,"href":"http:\/\/gursomobilya.com\/en\/wp-json\/wp\/v2\/product_brand?post=4116"},{"taxonomy":"product_cat","embeddable":true,"href":"http:\/\/gursomobilya.com\/en\/wp-json\/wp\/v2\/product_cat?post=4116"},{"taxonomy":"product_tag","embeddable":true,"href":"http:\/\/gursomobilya.com\/en\/wp-json\/wp\/v2\/product_tag?post=4116"},{"taxonomy":"berocket_brand","embeddable":true,"href":"http:\/\/gursomobilya.com\/en\/wp-json\/wp\/v2\/berocket_brand?post=4116"}],"curies":[{"name":"wp","href":"https:\/\/api.w.org\/{rel}","templated":true}]}}