{"id":4125,"date":"2025-05-22T09:11:54","date_gmt":"2025-05-22T09:11:54","guid":{"rendered":"https:\/\/gursomobilya.com\/?post_type=product&#038;p=4125"},"modified":"2026-04-10T21:32:18","modified_gmt":"2026-04-10T21:32:18","slug":"bonita-yatak-odasi","status":"publish","type":"product","link":"http:\/\/gursomobilya.com\/en\/product\/bonita-yatak-odasi\/","title":{"rendered":"Bonita Yatak Odas\u0131"},"content":{"rendered":"<table width=\"903\">\n<tbody>\n<tr>\n<td width=\"206\"><strong>Content<\/strong><\/td>\n<td colspan=\"4\" width=\"697\">It consists of 1 wardrobe, 1 bedstead (including body and headboard), 1 dresser and dresser mirror, 2 nightstands.<\/td>\n<\/tr>\n<tr>\n<td width=\"206\"><strong>Bed Material<\/strong><\/td>\n<td colspan=\"4\" width=\"697\">It is made of imported melamine coated particleboard material.<\/td>\n<\/tr>\n<tr>\n<td width=\"206\"><strong>Lighting Feature<\/strong><\/td>\n<td colspan=\"4\" width=\"697\">There is no lighting feature.<\/td>\n<\/tr>\n<tr>\n<td width=\"206\"><strong>Wardrobe Door Function<\/strong><\/td>\n<td colspan=\"4\" width=\"697\">The door hinges are slow-down. The wardrobe mechanism has a cover. Imported melamine coated chipboard is used on the wardrobe doors.<\/td>\n<\/tr>\n<tr>\n<td width=\"206\"><strong>Nightstand Material<\/strong><\/td>\n<td colspan=\"4\" width=\"697\">\u0130thal melamin kapl\u0131 yongalam malzemeden \u00fcretilmi\u015ftir. Kapakta ithal melemin kapl\u0131 yongalam kullan\u0131lm\u0131\u015ft\u0131r.<\/td>\n<\/tr>\n<tr>\n<td width=\"206\"><strong>Dresser Material<\/strong><\/td>\n<td colspan=\"4\" width=\"697\">Imported melamine coated particle board was used on the dresser cover.<\/td>\n<\/tr>\n<tr>\n<td width=\"206\"><strong>Top Surface Material<\/strong><\/td>\n<td colspan=\"4\" width=\"697\">Imported melamine coated particle board was used on the upper surfaces of the nightstand and dresser.<\/td>\n<\/tr>\n<tr>\n<td width=\"206\"><strong>Wood Care<\/strong><\/td>\n<td colspan=\"4\" width=\"697\">You can clean your furniture by wiping it with a damp cloth. Protect it from direct sunlight. Avoid prolonged contact with hot surfaces and water.<\/td>\n<\/tr>\n<tr>\n<td width=\"206\"><strong>Disassembled Parts<\/strong><\/td>\n<td colspan=\"4\" width=\"697\">All parts are shipped disassembled.<\/td>\n<\/tr>\n<tr>\n<td width=\"206\"><strong>Additional Information<\/strong><\/td>\n<td colspan=\"4\" width=\"697\">There are production options for the bedstead with or without a base. The height of the bedstead does not change in the options with or without a base.<\/td>\n<\/tr>\n<\/tbody>\n<\/table>\n<table width=\"473\">\n<tbody>\n<tr>\n<td width=\"379\"><\/td>\n<td width=\"68\"><strong>SIZE<\/strong><\/td>\n<td width=\"68\"><strong>WIDTH<\/strong><\/td>\n<td width=\"76\"><strong>HEIGHT<\/strong><\/td>\n<\/tr>\n<tr>\n<td width=\"379\"><strong>BONITA 1\u00a0KAPAKLI GARDROP\u00a0<\/strong><\/td>\n<td width=\"68\">44<\/td>\n<td width=\"68\">64<\/td>\n<td width=\"76\">207<\/td>\n<\/tr>\n<tr>\n<td width=\"379\"><strong>BONITA\u00a0 2 KAPAKLI GARDROP\u00a0<\/strong><\/td>\n<td width=\"68\">87<\/td>\n<td width=\"68\">64<\/td>\n<td width=\"76\">207<\/td>\n<\/tr>\n<tr>\n<td width=\"379\"><strong>BONITA\u00a0 4 KAPAKLI GARDROP\u00a0<\/strong><\/td>\n<td width=\"68\">172<\/td>\n<td width=\"68\">64<\/td>\n<td width=\"76\">207<\/td>\n<\/tr>\n<tr>\n<td width=\"379\"><strong>BONITA BAZALI KARYOLA\u00a0<\/strong><\/td>\n<td width=\"68\">240<\/td>\n<td width=\"68\">209<\/td>\n<td width=\"76\">100<\/td>\n<\/tr>\n<tr>\n<td width=\"379\"><strong>BONITA KARYOLA\u00a0<\/strong><\/td>\n<td width=\"68\">240<\/td>\n<td width=\"68\">209<\/td>\n<td width=\"76\">100<\/td>\n<\/tr>\n<tr>\n<td width=\"379\"><strong>BONITA KOMOD\u0130N<\/strong><\/td>\n<td width=\"68\">60<\/td>\n<td width=\"68\">47<\/td>\n<td width=\"76\">38<\/td>\n<\/tr>\n<tr>\n<td width=\"379\"><strong>BONITA \u015e\u0130FONYER<\/strong><\/td>\n<td width=\"68\">150<\/td>\n<td width=\"68\">47<\/td>\n<td width=\"76\">84<\/td>\n<\/tr>\n<tr>\n<td width=\"379\"><strong>BONITA \u015e\u0130FONYER AYNASI<\/strong><\/td>\n<td width=\"68\">70<\/td>\n<td width=\"68\">4<\/td>\n<td width=\"76\">135<\/td>\n<\/tr>\n<\/tbody>\n<\/table>","protected":false},"excerpt":{"rendered":"<p>Tak\u0131m \u0130\u00e7eri\u011fi 1 adet gardrop, 1 adet karyola (G\u00f6vde ve Ba\u015fl\u0131k Dahil), 1 adet \u015fifonyer ve \u015fifonyer aynas\u0131, 2 adet<\/p>","protected":false},"featured_media":4126,"template":"","meta":{"_joinchat":[]},"pwb-brand":[97],"product_brand":[],"product_cat":[124,74],"product_tag":[],"berocket_brand":[],"class_list":{"0":"post-4125","1":"product","2":"type-product","3":"status-publish","4":"has-post-thumbnail","6":"pwb-brand-rapsodi","7":"product_cat-ayin-en-populer-urunleri","8":"product_cat-yatak-odasi-takimlari","10":"first","11":"instock","12":"shipping-taxable","13":"product-type-simple"},"brands":[{"id":97,"name":"Rapsodi","slug":"rapsodi"}],"_links":{"self":[{"href":"http:\/\/gursomobilya.com\/en\/wp-json\/wp\/v2\/product\/4125","targetHints":{"allow":["GET"]}}],"collection":[{"href":"http:\/\/gursomobilya.com\/en\/wp-json\/wp\/v2\/product"}],"about":[{"href":"http:\/\/gursomobilya.com\/en\/wp-json\/wp\/v2\/types\/product"}],"version-history":[{"count":1,"href":"http:\/\/gursomobilya.com\/en\/wp-json\/wp\/v2\/product\/4125\/revisions"}],"predecessor-version":[{"id":4130,"href":"http:\/\/gursomobilya.com\/en\/wp-json\/wp\/v2\/product\/4125\/revisions\/4130"}],"wp:featuredmedia":[{"embeddable":true,"href":"http:\/\/gursomobilya.com\/en\/wp-json\/wp\/v2\/media\/4126"}],"wp:attachment":[{"href":"http:\/\/gursomobilya.com\/en\/wp-json\/wp\/v2\/media?parent=4125"}],"wp:term":[{"taxonomy":"pwb-brand","embeddable":true,"href":"http:\/\/gursomobilya.com\/en\/wp-json\/wp\/v2\/pwb-brand?post=4125"},{"taxonomy":"product_brand","embeddable":true,"href":"http:\/\/gursomobilya.com\/en\/wp-json\/wp\/v2\/product_brand?post=4125"},{"taxonomy":"product_cat","embeddable":true,"href":"http:\/\/gursomobilya.com\/en\/wp-json\/wp\/v2\/product_cat?post=4125"},{"taxonomy":"product_tag","embeddable":true,"href":"http:\/\/gursomobilya.com\/en\/wp-json\/wp\/v2\/product_tag?post=4125"},{"taxonomy":"berocket_brand","embeddable":true,"href":"http:\/\/gursomobilya.com\/en\/wp-json\/wp\/v2\/berocket_brand?post=4125"}],"curies":[{"name":"wp","href":"https:\/\/api.w.org\/{rel}","templated":true}]}}