{"id":4131,"date":"2025-05-22T09:14:42","date_gmt":"2025-05-22T09:14:42","guid":{"rendered":"https:\/\/gursomobilya.com\/?post_type=product&#038;p=4131"},"modified":"2025-05-26T10:37:23","modified_gmt":"2025-05-26T10:37:23","slug":"piero-koltuk-takimi","status":"publish","type":"product","link":"http:\/\/gursomobilya.com\/en\/product\/piero-koltuk-takimi\/","title":{"rendered":"Piero Koltuk Tak\u0131m\u0131"},"content":{"rendered":"<table width=\"944\">\n<tbody>\n<tr>\n<td width=\"226\"><strong>Content<\/strong><\/td>\n<td width=\"749\">It consists of 2 triple sofa beds and 1 armchair.<\/td>\n<\/tr>\n<tr>\n<td width=\"226\"><strong>Fabric Content<\/strong><\/td>\n<td width=\"749\">\u00dc\u00e7l\u00fc kanepeler ve berjerde\u00a0nubuk kuma\u015f kullan\u0131lm\u0131\u015ft\u0131r.<\/td>\n<\/tr>\n<tr>\n<td width=\"226\"><strong>Fabric Feature<\/strong><\/td>\n<td width=\"749\">Locally woven fabric was used.<\/td>\n<\/tr>\n<tr>\n<td width=\"226\"><strong>Fabric Care\/Cleaning Recommendations<\/strong><\/td>\n<td width=\"749\">It can be wiped superficially with a damp cloth without using bleach.<\/td>\n<\/tr>\n<tr>\n<td width=\"226\"><strong>Mechanism Feature<\/strong><\/td>\n<td width=\"749\">\u00dc\u00e7l\u00fc kanepelerde geriye a\u00e7\u0131lan s\u0131rt mekanizmas\u0131 sayesinde yatak olabilme \u00f6zelli\u011fi vard\u0131r. Berjer sabittir.<\/td>\n<\/tr>\n<tr>\n<td width=\"226\"><strong>Skeleton Material<\/strong><\/td>\n<td width=\"749\">The skeletal system is steel profile and reinforced with S zigzag steel springs. This will keep our product away from deformation that will occur over many years of use and preserve its first-day appearance.<\/td>\n<\/tr>\n<tr>\n<td width=\"226\"><strong>Seat Cushion Material\u00a0 \u00a0 \u00a0\u00a0<\/strong><\/td>\n<td width=\"749\">32 DNS Hyper sponges were used.<\/td>\n<\/tr>\n<tr>\n<td width=\"226\"><strong>Foot Material<\/strong><\/td>\n<td width=\"749\">\u00dc\u00e7l\u00fc kanepe ve berjer ayaklar\u0131 metaldir.<\/td>\n<\/tr>\n<tr>\n<td width=\"226\"><strong>Foot Color<\/strong><\/td>\n<td width=\"749\">\u00dc\u00e7l\u00fc kanepe ve berjerde\u00a0mat gold ayak kullan\u0131lm\u0131\u015ft\u0131r.<\/td>\n<\/tr>\n<tr>\n<td rowspan=\"2\" width=\"226\"><strong>Additional Information<\/strong><\/td>\n<td width=\"749\">Cushions are included in the product.<\/td>\n<\/tr>\n<tr>\n<td width=\"749\">\u00dcr\u00fcnde kuma\u015f\u00a0 rengi de\u011fi\u015fimi iste\u011fe g\u00f6re mevcuttur.<\/td>\n<\/tr>\n<tr>\n<td width=\"226\"><strong>Disassembled Parts<\/strong><\/td>\n<td width=\"749\">The feet are sent disassembled.<\/td>\n<\/tr>\n<\/tbody>\n<\/table>\n<table width=\"617\">\n<tbody>\n<tr>\n<td width=\"163\"><\/td>\n<td width=\"87\"><strong>Color<\/strong><\/td>\n<td width=\"66\"><strong>Size<\/strong><\/td>\n<td width=\"64\"><strong>Depth<\/strong><\/td>\n<td width=\"67\"><strong>Height<\/strong><\/td>\n<\/tr>\n<tr>\n<td width=\"163\"><strong>3-seater sofa bed<\/strong><\/td>\n<td width=\"87\">Optional<\/td>\n<td width=\"66\">240<\/td>\n<td width=\"64\">106<\/td>\n<td width=\"67\">85<\/td>\n<\/tr>\n<tr>\n<td width=\"163\"><strong>Bergere<\/strong><\/td>\n<td width=\"87\">Optional<\/td>\n<td width=\"66\">88<\/td>\n<td width=\"64\">76<\/td>\n<td width=\"67\">70<\/td>\n<\/tr>\n<\/tbody>\n<\/table>","protected":false},"excerpt":{"rendered":"<p>Tak\u0131m \u0130\u00e7eri\u011fi 2 adet \u00fc\u00e7l\u00fc yatakl\u0131 kanepe ve 1 adet berjerden olu\u015fmaktad\u0131r. Kuma\u015f \u0130\u00e7eri\u011fi \u00dc\u00e7l\u00fc kanepeler ve berjerde\u00a0nubuk kuma\u015f kullan\u0131lm\u0131\u015ft\u0131r.<\/p>","protected":false},"featured_media":4132,"template":"","meta":{"_joinchat":[]},"pwb-brand":[97],"product_brand":[],"product_cat":[72],"product_tag":[],"berocket_brand":[],"class_list":{"0":"post-4131","1":"product","2":"type-product","3":"status-publish","4":"has-post-thumbnail","6":"pwb-brand-rapsodi","7":"product_cat-koltuk-takimlari","9":"first","10":"instock","11":"shipping-taxable","12":"product-type-simple"},"brands":[{"id":97,"name":"Rapsodi","slug":"rapsodi"}],"_links":{"self":[{"href":"http:\/\/gursomobilya.com\/en\/wp-json\/wp\/v2\/product\/4131","targetHints":{"allow":["GET"]}}],"collection":[{"href":"http:\/\/gursomobilya.com\/en\/wp-json\/wp\/v2\/product"}],"about":[{"href":"http:\/\/gursomobilya.com\/en\/wp-json\/wp\/v2\/types\/product"}],"version-history":[{"count":1,"href":"http:\/\/gursomobilya.com\/en\/wp-json\/wp\/v2\/product\/4131\/revisions"}],"predecessor-version":[{"id":4136,"href":"http:\/\/gursomobilya.com\/en\/wp-json\/wp\/v2\/product\/4131\/revisions\/4136"}],"wp:featuredmedia":[{"embeddable":true,"href":"http:\/\/gursomobilya.com\/en\/wp-json\/wp\/v2\/media\/4132"}],"wp:attachment":[{"href":"http:\/\/gursomobilya.com\/en\/wp-json\/wp\/v2\/media?parent=4131"}],"wp:term":[{"taxonomy":"pwb-brand","embeddable":true,"href":"http:\/\/gursomobilya.com\/en\/wp-json\/wp\/v2\/pwb-brand?post=4131"},{"taxonomy":"product_brand","embeddable":true,"href":"http:\/\/gursomobilya.com\/en\/wp-json\/wp\/v2\/product_brand?post=4131"},{"taxonomy":"product_cat","embeddable":true,"href":"http:\/\/gursomobilya.com\/en\/wp-json\/wp\/v2\/product_cat?post=4131"},{"taxonomy":"product_tag","embeddable":true,"href":"http:\/\/gursomobilya.com\/en\/wp-json\/wp\/v2\/product_tag?post=4131"},{"taxonomy":"berocket_brand","embeddable":true,"href":"http:\/\/gursomobilya.com\/en\/wp-json\/wp\/v2\/berocket_brand?post=4131"}],"curies":[{"name":"wp","href":"https:\/\/api.w.org\/{rel}","templated":true}]}}