{"id":4179,"date":"2025-05-22T09:56:20","date_gmt":"2025-05-22T09:56:20","guid":{"rendered":"https:\/\/gursomobilya.com\/?post_type=product&#038;p=4179"},"modified":"2025-05-26T10:38:56","modified_gmt":"2025-05-26T10:38:56","slug":"bella-yemek-odasi-takimi","status":"publish","type":"product","link":"http:\/\/gursomobilya.com\/en\/product\/bella-yemek-odasi-takimi\/","title":{"rendered":"Bella Yemek Odas\u0131 Tak\u0131m\u0131"},"content":{"rendered":"<table width=\"730\">\n<tbody>\n<tr>\n<td width=\"146\"><strong>Content<\/strong><\/td>\n<td colspan=\"4\" width=\"584\">1 adet yemek masas\u0131, 4 adet sandalye, 1 adet konsoldan olu\u015fmaktad\u0131r.<\/td>\n<\/tr>\n<tr>\n<td width=\"146\"><strong>Material<\/strong><\/td>\n<td colspan=\"4\" width=\"584\">\u00dcr\u00fcn ithal melamin kaplama yonga-lam malzemeden olu\u015fmaktad\u0131r.<\/td>\n<\/tr>\n<tr>\n<td width=\"146\"><strong>Table Material<\/strong><\/td>\n<td colspan=\"4\" width=\"584\">Masa \u00fcst k\u0131s\u0131m 1. kalite\u00a0yonga-lam\u00a0malzemeden \u00fcretilmi\u015ftir.<\/td>\n<\/tr>\n<tr>\n<td width=\"146\"><strong>Table Function<\/strong><\/td>\n<td colspan=\"4\" width=\"584\">A\u00e7\u0131l\u0131r yemek masas\u0131<\/td>\n<\/tr>\n<tr>\n<td width=\"146\"><strong>Console Material<\/strong><\/td>\n<td colspan=\"4\" width=\"584\">Konsol g\u00f6vdesi 1. kalite yonga-lam malzemeden \u00fcretilmi\u015ftir.<\/td>\n<\/tr>\n<tr>\n<td width=\"146\"><strong>Chair Fabric Feature<\/strong><\/td>\n<td colspan=\"4\" width=\"584\">Soft textured imported knitted fabric is used.<\/td>\n<\/tr>\n<tr>\n<td width=\"146\"><strong>Chair Fabric and Leg Change<\/strong><\/td>\n<td colspan=\"4\" width=\"584\">ayak rengi standartt\u0131r.kuma\u015f de\u011fi\u015fikli\u011finde %8 fiyat fark\u0131 uygulanmaktad\u0131r.<\/td>\n<\/tr>\n<tr>\n<td rowspan=\"2\" width=\"146\"><strong>Additional Information<\/strong><\/td>\n<td colspan=\"4\" width=\"584\">\u00dcr\u00fcn\u00fcm\u00fcz\u00fcn konsol kapaklar\u0131 gazl\u0131 fren sistemlidir.<\/td>\n<\/tr>\n<tr>\n<td colspan=\"4\" width=\"584\">\u00dcr\u00fcn\u00fcm\u00fcz mod\u00fcler olup dile\u011finiz par\u00e7alar\u0131 sat\u0131n alabilme kolayl\u0131\u011f\u0131n\u0131 sunmaktay\u0131z.<\/td>\n<\/tr>\n<\/tbody>\n<\/table>\n<table width=\"389\">\n<tbody>\n<tr>\n<td width=\"190\"><\/td>\n<td width=\"64\"><strong>SIZE<\/strong><\/td>\n<td width=\"64\"><strong>WIDTH<\/strong><\/td>\n<td width=\"71\"><strong>HEIGHT<\/strong><\/td>\n<\/tr>\n<tr>\n<td><strong>BELLA KONSOL<\/strong><\/td>\n<td>200<\/td>\n<td>49<\/td>\n<td>80<\/td>\n<\/tr>\n<tr>\n<td><strong>BELLA\u00a0KONSOL AYNASI\u00a0<\/strong><\/td>\n<td>102<\/td>\n<td>2<\/td>\n<td>75<\/td>\n<\/tr>\n<tr>\n<td><strong>BELLA A\u00c7ILIR YEMEK MASASI<\/strong><\/td>\n<td>170+40<\/td>\n<td>90<\/td>\n<td>78<\/td>\n<\/tr>\n<\/tbody>\n<\/table>","protected":false},"excerpt":{"rendered":"<p>Tak\u0131m \u0130\u00e7eri\u011fi 1 adet yemek masas\u0131, 4 adet sandalye, 1 adet konsoldan olu\u015fmaktad\u0131r. Malzeme \u00dcr\u00fcn ithal melamin kaplama yonga-lam malzemeden<\/p>","protected":false},"featured_media":4180,"template":"","meta":{"_joinchat":[]},"pwb-brand":[97],"product_brand":[],"product_cat":[28],"product_tag":[],"berocket_brand":[],"class_list":{"0":"post-4179","1":"product","2":"type-product","3":"status-publish","4":"has-post-thumbnail","6":"pwb-brand-rapsodi","7":"product_cat-yemek-odasi-takimlari","9":"first","10":"instock","11":"shipping-taxable","12":"product-type-simple"},"brands":[{"id":97,"name":"Rapsodi","slug":"rapsodi"}],"_links":{"self":[{"href":"http:\/\/gursomobilya.com\/en\/wp-json\/wp\/v2\/product\/4179","targetHints":{"allow":["GET"]}}],"collection":[{"href":"http:\/\/gursomobilya.com\/en\/wp-json\/wp\/v2\/product"}],"about":[{"href":"http:\/\/gursomobilya.com\/en\/wp-json\/wp\/v2\/types\/product"}],"version-history":[{"count":1,"href":"http:\/\/gursomobilya.com\/en\/wp-json\/wp\/v2\/product\/4179\/revisions"}],"predecessor-version":[{"id":4186,"href":"http:\/\/gursomobilya.com\/en\/wp-json\/wp\/v2\/product\/4179\/revisions\/4186"}],"wp:featuredmedia":[{"embeddable":true,"href":"http:\/\/gursomobilya.com\/en\/wp-json\/wp\/v2\/media\/4180"}],"wp:attachment":[{"href":"http:\/\/gursomobilya.com\/en\/wp-json\/wp\/v2\/media?parent=4179"}],"wp:term":[{"taxonomy":"pwb-brand","embeddable":true,"href":"http:\/\/gursomobilya.com\/en\/wp-json\/wp\/v2\/pwb-brand?post=4179"},{"taxonomy":"product_brand","embeddable":true,"href":"http:\/\/gursomobilya.com\/en\/wp-json\/wp\/v2\/product_brand?post=4179"},{"taxonomy":"product_cat","embeddable":true,"href":"http:\/\/gursomobilya.com\/en\/wp-json\/wp\/v2\/product_cat?post=4179"},{"taxonomy":"product_tag","embeddable":true,"href":"http:\/\/gursomobilya.com\/en\/wp-json\/wp\/v2\/product_tag?post=4179"},{"taxonomy":"berocket_brand","embeddable":true,"href":"http:\/\/gursomobilya.com\/en\/wp-json\/wp\/v2\/berocket_brand?post=4179"}],"curies":[{"name":"wp","href":"https:\/\/api.w.org\/{rel}","templated":true}]}}