{"id":4249,"date":"2025-05-22T10:34:19","date_gmt":"2025-05-22T10:34:19","guid":{"rendered":"https:\/\/gursomobilya.com\/?post_type=product&#038;p=4249"},"modified":"2025-05-26T10:46:48","modified_gmt":"2025-05-26T10:46:48","slug":"carla-genc-odasi-takimi","status":"publish","type":"product","link":"http:\/\/gursomobilya.com\/en\/product\/carla-genc-odasi-takimi\/","title":{"rendered":"Carla Gen\u00e7 Odas\u0131 Tak\u0131m\u0131"},"content":{"rendered":"<table width=\"678\">\n<tbody>\n<tr>\n<td width=\"190\"><strong>Content<\/strong><\/td>\n<td>1 adet 100&#215;200 karyola, 1 adet komodin, 1 adet \u00e7al\u0131\u015fma masas\u0131 ve 1 adet \u00fc\u00e7l\u00fc gardroptan olu\u015fmaktad\u0131r.<\/td>\n<\/tr>\n<tr>\n<td width=\"190\"><strong>Material<\/strong><\/td>\n<td>Melamin kapl\u0131 yongalam ve metal malzemeden \u00fcretilmi\u015ftir.<\/td>\n<\/tr>\n<tr>\n<td width=\"190\"><strong>Foot Material<\/strong><\/td>\n<td>fiber glass malzemedendir.<\/td>\n<\/tr>\n<tr>\n<td width=\"190\"><strong>Yatak \u00d6l\u00e7\u00fcs\u00fc<\/strong><\/td>\n<td>100&#215;200<\/td>\n<\/tr>\n<tr>\n<td width=\"190\"><strong>Gardrop Malzemesi<\/strong><\/td>\n<td>G\u00f6vde, 1. kalite sunta-lam malzemeden \u00fcretilmi\u015ftir.<\/td>\n<\/tr>\n<tr>\n<td width=\"190\"><strong>Gardrop Kapak Fonksiyon<\/strong><\/td>\n<td>\u00dcr\u00fcn\u00fcm\u00fcz\u00fcn gardrop kapaklar\u0131 gazl\u0131 fren sistemi mevcut olup \u00e7ekmeceler de de stoplu ray sistemi kullan\u0131lm\u0131\u015ft\u0131r.<\/td>\n<\/tr>\n<tr>\n<td width=\"190\"><strong>Nightstand Material<\/strong><\/td>\n<td>G\u00f6vde, 1. kalite sunta-lam malzemeden \u00fcretilmi\u015ftir.<\/td>\n<\/tr>\n<tr>\n<td width=\"190\"><strong>Base Function<\/strong><\/td>\n<td>Bazal\u0131 karyola se\u00e7ene\u011fi mevcuttur.<\/td>\n<\/tr>\n<tr>\n<td width=\"190\"><strong>Additional Information<\/strong><\/td>\n<td>T\u00fcm \u00fcr\u00fcnler mod\u00fcler olup tak\u0131m i\u00e7erisine eklenip \u00e7\u0131kart\u0131labilir.<\/td>\n<\/tr>\n<\/tbody>\n<\/table>\n<p>&nbsp;<\/p>\n<table width=\"490\">\n<tbody>\n<tr>\n<td width=\"401\"><\/td>\n<td width=\"68\"><strong>SIZE<\/strong><\/td>\n<td width=\"68\"><strong>WIDTH<\/strong><\/td>\n<td width=\"76\"><strong>HEIGHT<\/strong><\/td>\n<\/tr>\n<tr>\n<td width=\"401\"><strong>CARLA 3 KAPAKLI GARDROP\u00a0<\/strong><\/td>\n<td width=\"68\">135<\/td>\n<td width=\"68\">65<\/td>\n<td width=\"76\">211<\/td>\n<\/tr>\n<tr>\n<td width=\"401\"><strong>CARLA BAZALI KARYOLA 100 X 200<\/strong><\/td>\n<td width=\"68\">125<\/td>\n<td width=\"68\">212<\/td>\n<td width=\"76\">120<\/td>\n<\/tr>\n<tr>\n<td width=\"401\"><strong>CARLA KARYOLA 100 X 200\u00a0<\/strong><\/td>\n<td width=\"68\">125<\/td>\n<td width=\"68\">212<\/td>\n<td width=\"76\">120<\/td>\n<\/tr>\n<tr>\n<td width=\"401\"><strong>CARLA \u00c7ALI\u015eMA MASASI<\/strong><\/td>\n<td width=\"68\">145<\/td>\n<td width=\"68\">56<\/td>\n<td width=\"76\">155<\/td>\n<\/tr>\n<tr>\n<td width=\"401\"><strong>CARLA KOMOD\u0130N<\/strong><\/td>\n<td width=\"68\">60<\/td>\n<td width=\"68\">46<\/td>\n<td width=\"76\">48<\/td>\n<\/tr>\n<\/tbody>\n<\/table>","protected":false},"excerpt":{"rendered":"<p>Tak\u0131m \u0130\u00e7eri\u011fi 1 adet 100&#215;200 karyola, 1 adet komodin, 1 adet \u00e7al\u0131\u015fma masas\u0131 ve 1 adet \u00fc\u00e7l\u00fc gardroptan olu\u015fmaktad\u0131r. Malzeme<\/p>","protected":false},"featured_media":4250,"template":"","meta":{"_joinchat":[]},"pwb-brand":[97],"product_brand":[],"product_cat":[122],"product_tag":[],"berocket_brand":[],"class_list":{"0":"post-4249","1":"product","2":"type-product","3":"status-publish","4":"has-post-thumbnail","6":"pwb-brand-rapsodi","7":"product_cat-genc-odasi-takimlari","9":"first","10":"instock","11":"shipping-taxable","12":"product-type-simple"},"brands":[{"id":97,"name":"Rapsodi","slug":"rapsodi"}],"_links":{"self":[{"href":"http:\/\/gursomobilya.com\/en\/wp-json\/wp\/v2\/product\/4249","targetHints":{"allow":["GET"]}}],"collection":[{"href":"http:\/\/gursomobilya.com\/en\/wp-json\/wp\/v2\/product"}],"about":[{"href":"http:\/\/gursomobilya.com\/en\/wp-json\/wp\/v2\/types\/product"}],"version-history":[{"count":2,"href":"http:\/\/gursomobilya.com\/en\/wp-json\/wp\/v2\/product\/4249\/revisions"}],"predecessor-version":[{"id":4257,"href":"http:\/\/gursomobilya.com\/en\/wp-json\/wp\/v2\/product\/4249\/revisions\/4257"}],"wp:featuredmedia":[{"embeddable":true,"href":"http:\/\/gursomobilya.com\/en\/wp-json\/wp\/v2\/media\/4250"}],"wp:attachment":[{"href":"http:\/\/gursomobilya.com\/en\/wp-json\/wp\/v2\/media?parent=4249"}],"wp:term":[{"taxonomy":"pwb-brand","embeddable":true,"href":"http:\/\/gursomobilya.com\/en\/wp-json\/wp\/v2\/pwb-brand?post=4249"},{"taxonomy":"product_brand","embeddable":true,"href":"http:\/\/gursomobilya.com\/en\/wp-json\/wp\/v2\/product_brand?post=4249"},{"taxonomy":"product_cat","embeddable":true,"href":"http:\/\/gursomobilya.com\/en\/wp-json\/wp\/v2\/product_cat?post=4249"},{"taxonomy":"product_tag","embeddable":true,"href":"http:\/\/gursomobilya.com\/en\/wp-json\/wp\/v2\/product_tag?post=4249"},{"taxonomy":"berocket_brand","embeddable":true,"href":"http:\/\/gursomobilya.com\/en\/wp-json\/wp\/v2\/berocket_brand?post=4249"}],"curies":[{"name":"wp","href":"https:\/\/api.w.org\/{rel}","templated":true}]}}