{"id":4267,"date":"2025-05-22T10:59:02","date_gmt":"2025-05-22T10:59:02","guid":{"rendered":"https:\/\/gursomobilya.com\/?post_type=product&#038;p=4267"},"modified":"2025-05-26T10:47:24","modified_gmt":"2025-05-26T10:47:24","slug":"point-genc-odasi-takimi","status":"publish","type":"product","link":"http:\/\/gursomobilya.com\/en\/product\/point-genc-odasi-takimi\/","title":{"rendered":"Point Gen\u00e7 Odas\u0131 Tak\u0131m\u0131"},"content":{"rendered":"<div class=\"customTitle\">\n<table width=\"0\">\n<tbody>\n<tr>\n<td width=\"190\"><strong>Content<\/strong><\/td>\n<td>1 adet 100&#215;200 karyola, 1 adet komodin, 1 adet \u00e7al\u0131\u015fma masas\u0131, 1 adet ikili gardrop ve 1 adet tekli gardroptan olu\u015fmaktad\u0131r.<\/td>\n<\/tr>\n<tr>\n<td width=\"190\"><strong>Material<\/strong><\/td>\n<td>Suntalam malzemeden \u00fcretilmi\u015ftir.<\/td>\n<\/tr>\n<tr>\n<td width=\"190\"><strong>Karyola \u00c7er\u00e7eve Malzemesi<\/strong><\/td>\n<td>Chipboard<\/td>\n<\/tr>\n<tr>\n<td width=\"190\"><strong>Yatak \u00d6l\u00e7\u00fcs\u00fc<\/strong><\/td>\n<td>100&#215;200<\/td>\n<\/tr>\n<tr>\n<td width=\"190\"><strong>Gardrop Malzemesi<\/strong><\/td>\n<td>1. kalite sunta-lam \u00fczeri lake beyaz kaplama ile \u00fcretilmi\u015ftir.<\/td>\n<\/tr>\n<tr>\n<td width=\"190\"><strong>Gardrop Kapak Fonksiyon<\/strong><\/td>\n<td>\u00dcr\u00fcn\u00fcm\u00fcz\u00fcn gardrop kapaklar\u0131nda gazl\u0131 fren sistemi mevcuttur. Gardrop i\u00e7erisinde harekete duyarl\u0131 led sens\u00f6r ayd\u0131nlatma bulunmaktad\u0131r.<\/td>\n<\/tr>\n<tr>\n<td width=\"190\"><strong>Nightstand Material<\/strong><\/td>\n<td>1. kalite sunta-lam \u00fczeri lake beyaz kaplama ile \u00fcretilmi\u015ftir<\/td>\n<\/tr>\n<tr>\n<td width=\"190\"><strong>Base Function<\/strong><\/td>\n<td>Bazal\u0131 karyola se\u00e7ene\u011fi mevcuttur.<\/td>\n<\/tr>\n<tr>\n<td width=\"190\"><strong>Additional Information<\/strong><\/td>\n<td>T\u00fcm \u00fcr\u00fcnler mod\u00fcler olup tak\u0131m i\u00e7erisine eklenip \u00e7\u0131kart\u0131labilir.<\/td>\n<\/tr>\n<\/tbody>\n<\/table>\n<\/div>\n<div class=\"openerContent\">\n<table width=\"604\">\n<tbody>\n<tr>\n<td width=\"241\"><\/td>\n<td width=\"64\"><strong>Color<\/strong><\/td>\n<td width=\"64\"><strong>Size<\/strong><\/td>\n<td width=\"64\"><strong>Depth<\/strong><\/td>\n<td width=\"64\"><strong>Height<\/strong><\/td>\n<\/tr>\n<tr>\n<td width=\"241\"><strong>Nightstand<\/strong><\/td>\n<td width=\"64\">Standard<\/td>\n<td>60<\/td>\n<td>47<\/td>\n<td>38<\/td>\n<\/tr>\n<tr>\n<td width=\"241\"><strong>Tek Ki\u015filik Karyola 100\u00d7200<\/strong><\/td>\n<td width=\"64\">Standard<\/td>\n<td>105<\/td>\n<td>207<\/td>\n<td>100<\/td>\n<\/tr>\n<tr>\n<td width=\"241\"><strong>\u00c7al\u0131\u015fma Masas\u0131<\/strong><\/td>\n<td width=\"64\">Standard<\/td>\n<td>141<\/td>\n<td>60<\/td>\n<td>160<\/td>\n<\/tr>\n<tr>\n<td width=\"241\"><strong>Bookcase<\/strong><\/td>\n<td width=\"64\">Standard<\/td>\n<td>110<\/td>\n<td>45<\/td>\n<td>157<\/td>\n<\/tr>\n<tr>\n<td width=\"241\"><strong>Tek Kapakl\u0131 Gardrop<\/strong><\/td>\n<td width=\"64\">Standard<\/td>\n<td>50<\/td>\n<td>74<\/td>\n<td>224<\/td>\n<\/tr>\n<tr>\n<td width=\"241\"><strong>\u00c7ift Kapakl\u0131 Gardrop<\/strong><\/td>\n<td width=\"64\">Standard<\/td>\n<td>88<\/td>\n<td>60<\/td>\n<td>224<\/td>\n<\/tr>\n<tr>\n<td width=\"241\"><strong>Tek Ki\u015filik Bazal\u0131 Karyola 100\u00d7200<\/strong><\/td>\n<td width=\"64\">Standard<\/td>\n<td>105<\/td>\n<td>207<\/td>\n<td>100<\/td>\n<\/tr>\n<\/tbody>\n<\/table>\n<\/div>","protected":false},"excerpt":{"rendered":"<p>Tak\u0131m \u0130\u00e7eri\u011fi 1 adet 100&#215;200 karyola, 1 adet komodin, 1 adet \u00e7al\u0131\u015fma masas\u0131, 1 adet ikili gardrop ve 1 adet<\/p>","protected":false},"featured_media":4268,"template":"","meta":{"_joinchat":[]},"pwb-brand":[97],"product_brand":[],"product_cat":[122],"product_tag":[],"berocket_brand":[],"class_list":{"0":"post-4267","1":"product","2":"type-product","3":"status-publish","4":"has-post-thumbnail","6":"pwb-brand-rapsodi","7":"product_cat-genc-odasi-takimlari","9":"first","10":"instock","11":"shipping-taxable","12":"product-type-simple"},"brands":[{"id":97,"name":"Rapsodi","slug":"rapsodi"}],"_links":{"self":[{"href":"http:\/\/gursomobilya.com\/en\/wp-json\/wp\/v2\/product\/4267","targetHints":{"allow":["GET"]}}],"collection":[{"href":"http:\/\/gursomobilya.com\/en\/wp-json\/wp\/v2\/product"}],"about":[{"href":"http:\/\/gursomobilya.com\/en\/wp-json\/wp\/v2\/types\/product"}],"version-history":[{"count":1,"href":"http:\/\/gursomobilya.com\/en\/wp-json\/wp\/v2\/product\/4267\/revisions"}],"predecessor-version":[{"id":4274,"href":"http:\/\/gursomobilya.com\/en\/wp-json\/wp\/v2\/product\/4267\/revisions\/4274"}],"wp:featuredmedia":[{"embeddable":true,"href":"http:\/\/gursomobilya.com\/en\/wp-json\/wp\/v2\/media\/4268"}],"wp:attachment":[{"href":"http:\/\/gursomobilya.com\/en\/wp-json\/wp\/v2\/media?parent=4267"}],"wp:term":[{"taxonomy":"pwb-brand","embeddable":true,"href":"http:\/\/gursomobilya.com\/en\/wp-json\/wp\/v2\/pwb-brand?post=4267"},{"taxonomy":"product_brand","embeddable":true,"href":"http:\/\/gursomobilya.com\/en\/wp-json\/wp\/v2\/product_brand?post=4267"},{"taxonomy":"product_cat","embeddable":true,"href":"http:\/\/gursomobilya.com\/en\/wp-json\/wp\/v2\/product_cat?post=4267"},{"taxonomy":"product_tag","embeddable":true,"href":"http:\/\/gursomobilya.com\/en\/wp-json\/wp\/v2\/product_tag?post=4267"},{"taxonomy":"berocket_brand","embeddable":true,"href":"http:\/\/gursomobilya.com\/en\/wp-json\/wp\/v2\/berocket_brand?post=4267"}],"curies":[{"name":"wp","href":"https:\/\/api.w.org\/{rel}","templated":true}]}}