{"id":4583,"date":"2025-11-20T12:14:16","date_gmt":"2025-11-20T12:14:16","guid":{"rendered":"https:\/\/gursomobilya.com\/?post_type=product&#038;p=4583"},"modified":"2025-12-02T11:21:45","modified_gmt":"2025-12-02T11:21:45","slug":"prag-yemek-odasi-takimi","status":"publish","type":"product","link":"http:\/\/gursomobilya.com\/en\/product\/prag-yemek-odasi-takimi\/","title":{"rendered":"Prag Yemek Odas\u0131 Tak\u0131m\u0131"},"content":{"rendered":"<table width=\"760\">\n<tbody>\n<tr>\n<td width=\"190\"><strong>ak\u0131m \u0130\u00e7eri\u011fi<\/strong><\/td>\n<td>It consists of 1 extendable table, 4 chairs and 1 console.<\/td>\n<\/tr>\n<tr>\n<td width=\"190\"><strong>Material<\/strong><\/td>\n<td>Suntalam ve metal malzemeden \u00fcretilmi\u015ftir.<\/td>\n<\/tr>\n<tr>\n<td width=\"190\"><strong>Table Material<\/strong><\/td>\n<td>Masa \u00fcst k\u0131s\u0131m 1. kalite sunta-lam malzemeden \u00fcretilmi\u015ftir.<\/td>\n<\/tr>\n<tr>\n<td width=\"190\"><strong>Table Function<\/strong><\/td>\n<td>Opens from the middle<\/td>\n<\/tr>\n<tr>\n<td width=\"190\"><strong>Console Material<\/strong><\/td>\n<td>Konsol g\u00f6vdesi 1. kalite sunta-lam malzemeden \u00fcretilmi\u015ftir. Konsol ayaklar\u0131 metaldir.<\/td>\n<\/tr>\n<tr>\n<td width=\"190\"><strong>Chair Fabric Feature<\/strong><\/td>\n<td>Soft textured imported knitted fabric is used.<\/td>\n<\/tr>\n<tr>\n<td width=\"190\"><strong>Sandalye Kuma\u015f De\u011fi\u015fikli\u011fi<\/strong><\/td>\n<td>ayak rengi standartt\u0131r.Kuma\u015f de\u011fi\u015fikli\u011finde %8 fiyat fark\u0131 uygulanmaktad\u0131r.<\/td>\n<\/tr>\n<\/tbody>\n<\/table>\n<table width=\"484\">\n<tbody>\n<tr>\n<td width=\"379\"><\/td>\n<td width=\"68\"><strong>SIZE<\/strong><\/td>\n<td width=\"68\"><strong>WIDTH<\/strong><\/td>\n<td width=\"76\"><strong>HEIGHT<\/strong><\/td>\n<\/tr>\n<tr>\n<td width=\"379\"><strong>PRAG CONSOLE<\/strong><\/td>\n<td width=\"68\">208<\/td>\n<td width=\"68\">49<\/td>\n<td width=\"76\">82<\/td>\n<\/tr>\n<tr>\n<td width=\"379\"><strong>PRAG AYNA<\/strong><\/td>\n<td width=\"68\">90<\/td>\n<td width=\"68\">4<\/td>\n<td width=\"76\">90<\/td>\n<\/tr>\n<tr>\n<td width=\"379\"><strong>PRAG YEMEK MASASI<\/strong><\/td>\n<td width=\"68\">170 + 40<\/td>\n<td width=\"68\">90<\/td>\n<td width=\"76\">78<\/td>\n<\/tr>\n<\/tbody>\n<\/table>","protected":false},"excerpt":{"rendered":"<p>ak\u0131m \u0130\u00e7eri\u011fi 1 adet a\u00e7\u0131l\u0131r masa, 4 adet sandalye, 1 adet konsoldan olu\u015fmaktad\u0131r. Malzeme Suntalam ve metal malzemeden \u00fcretilmi\u015ftir. Masa<\/p>","protected":false},"featured_media":4584,"template":"","meta":{"_joinchat":[]},"pwb-brand":[97],"product_brand":[],"product_cat":[28],"product_tag":[],"berocket_brand":[],"class_list":{"0":"post-4583","1":"product","2":"type-product","3":"status-publish","4":"has-post-thumbnail","6":"pwb-brand-rapsodi","7":"product_cat-yemek-odasi-takimlari","9":"first","10":"instock","11":"shipping-taxable","12":"product-type-simple"},"brands":[{"id":97,"name":"Rapsodi","slug":"rapsodi"}],"_links":{"self":[{"href":"http:\/\/gursomobilya.com\/en\/wp-json\/wp\/v2\/product\/4583","targetHints":{"allow":["GET"]}}],"collection":[{"href":"http:\/\/gursomobilya.com\/en\/wp-json\/wp\/v2\/product"}],"about":[{"href":"http:\/\/gursomobilya.com\/en\/wp-json\/wp\/v2\/types\/product"}],"version-history":[{"count":2,"href":"http:\/\/gursomobilya.com\/en\/wp-json\/wp\/v2\/product\/4583\/revisions"}],"predecessor-version":[{"id":4646,"href":"http:\/\/gursomobilya.com\/en\/wp-json\/wp\/v2\/product\/4583\/revisions\/4646"}],"wp:featuredmedia":[{"embeddable":true,"href":"http:\/\/gursomobilya.com\/en\/wp-json\/wp\/v2\/media\/4584"}],"wp:attachment":[{"href":"http:\/\/gursomobilya.com\/en\/wp-json\/wp\/v2\/media?parent=4583"}],"wp:term":[{"taxonomy":"pwb-brand","embeddable":true,"href":"http:\/\/gursomobilya.com\/en\/wp-json\/wp\/v2\/pwb-brand?post=4583"},{"taxonomy":"product_brand","embeddable":true,"href":"http:\/\/gursomobilya.com\/en\/wp-json\/wp\/v2\/product_brand?post=4583"},{"taxonomy":"product_cat","embeddable":true,"href":"http:\/\/gursomobilya.com\/en\/wp-json\/wp\/v2\/product_cat?post=4583"},{"taxonomy":"product_tag","embeddable":true,"href":"http:\/\/gursomobilya.com\/en\/wp-json\/wp\/v2\/product_tag?post=4583"},{"taxonomy":"berocket_brand","embeddable":true,"href":"http:\/\/gursomobilya.com\/en\/wp-json\/wp\/v2\/berocket_brand?post=4583"}],"curies":[{"name":"wp","href":"https:\/\/api.w.org\/{rel}","templated":true}]}}