{"id":4591,"date":"2025-11-25T12:44:59","date_gmt":"2025-11-25T12:44:59","guid":{"rendered":"https:\/\/gursomobilya.com\/?post_type=product&#038;p=4591"},"modified":"2025-12-02T11:21:58","modified_gmt":"2025-12-02T11:21:58","slug":"carla-yemek-odasi-takimi","status":"publish","type":"product","link":"http:\/\/gursomobilya.com\/en\/product\/carla-yemek-odasi-takimi\/","title":{"rendered":"Carla Yemek Odas\u0131 Tak\u0131m\u0131"},"content":{"rendered":"<table width=\"663\">\n<tbody>\n<tr>\n<td width=\"165\">Content<\/td>\n<td colspan=\"4\" width=\"498\">It consists of 1 extendable table, 4 chairs and 1 console.<\/td>\n<\/tr>\n<tr>\n<td width=\"165\">Material<\/td>\n<td colspan=\"4\" width=\"498\">\u00dcr\u00fcn ithal melamin kaplama yonga-lamden olu\u015fmaktad\u0131r.<\/td>\n<\/tr>\n<tr>\n<td width=\"165\">Table Material<\/td>\n<td colspan=\"4\" width=\"498\">Masa \u00fcst k\u0131s\u0131m 1. kalite\u00a0yonga-lam\u00a0malzemeden \u00fcretilmi\u015ftir.<\/td>\n<\/tr>\n<tr>\n<td width=\"165\">Table Function<\/td>\n<td colspan=\"4\" width=\"498\">Ortadan a\u00e7\u0131l\u0131r fonksiyonludur.<\/td>\n<\/tr>\n<tr>\n<td width=\"165\">Console Material<\/td>\n<td colspan=\"4\" width=\"498\">Konsol g\u00f6vdesi 1. kalite yonga-lam malzemeden \u00fcretilmi\u015ftir. Konsol ayaklar\u0131 plastiktir.<\/td>\n<\/tr>\n<tr>\n<td width=\"165\">Chair Fabric Feature<\/td>\n<td colspan=\"4\" width=\"498\">Soft textured imported knitted fabric is used.<\/td>\n<\/tr>\n<tr>\n<td width=\"165\">Sandalye ayak ve Kuma\u015f De\u011fi\u015fikli\u011fi<\/td>\n<td colspan=\"4\" width=\"498\">ayak rengi standartt\u0131r.kuma\u015f de\u011fi\u015fikli\u011finde %8 fiyat fark\u0131 uygulanmaktad\u0131r.<\/td>\n<\/tr>\n<tr>\n<td rowspan=\"3\" width=\"165\">Additional Information<\/td>\n<td colspan=\"4\" width=\"498\">\u00dcr\u00fcn\u00fcm\u00fcz\u00fcn konsol kapaklar\u0131 gazl\u0131 fren sistemlidir.<\/td>\n<\/tr>\n<tr>\n<td colspan=\"4\" width=\"498\">\u00dcr\u00fcn\u00fcm\u00fcz mod\u00fcler olup dile\u011finiz par\u00e7alar\u0131 sat\u0131n alabilme kolayl\u0131\u011f\u0131n\u0131 sunmaktay\u0131z.<\/td>\n<\/tr>\n<tr>\n<td colspan=\"4\" width=\"498\">\u00dcr\u00fcn\u00fcm\u00fcz\u00fcn konsolunda led ayd\u0131nlatma mevcuttur.<\/td>\n<\/tr>\n<tr>\n<td width=\"165\"><\/td>\n<td width=\"71\">Color<\/td>\n<td width=\"81\">Size<\/td>\n<td width=\"102\">Depth<\/td>\n<td width=\"244\">Height<\/td>\n<\/tr>\n<tr>\n<td width=\"165\">Console<\/td>\n<td width=\"71\">Standard<\/td>\n<td>200<\/td>\n<td>46<\/td>\n<td>85<\/td>\n<\/tr>\n<tr>\n<td width=\"165\">Konsol \u00dcst Ayna<\/td>\n<td width=\"71\">Standard<\/td>\n<td>80<\/td>\n<td>2<\/td>\n<td>80<\/td>\n<\/tr>\n<tr>\n<td width=\"165\">A\u00e7\u0131l\u0131r Yemek Masas\u0131<\/td>\n<td width=\"71\">Standard<\/td>\n<td>170 + 40<\/td>\n<td>90<\/td>\n<td>78<\/td>\n<\/tr>\n<\/tbody>\n<\/table>","protected":false},"excerpt":{"rendered":"<p>Tak\u0131m \u0130\u00e7eri\u011fi 1 adet a\u00e7\u0131l\u0131r masa, 4 adet sandalye, 1 adet konsoldan olu\u015fmaktad\u0131r. Malzeme \u00dcr\u00fcn ithal melamin kaplama yonga-lamden olu\u015fmaktad\u0131r.<\/p>","protected":false},"featured_media":4593,"template":"","meta":{"_joinchat":[]},"pwb-brand":[97],"product_brand":[],"product_cat":[28],"product_tag":[],"berocket_brand":[],"class_list":{"0":"post-4591","1":"product","2":"type-product","3":"status-publish","4":"has-post-thumbnail","6":"pwb-brand-rapsodi","7":"product_cat-yemek-odasi-takimlari","9":"first","10":"instock","11":"shipping-taxable","12":"product-type-simple"},"brands":[{"id":97,"name":"Rapsodi","slug":"rapsodi"}],"_links":{"self":[{"href":"http:\/\/gursomobilya.com\/en\/wp-json\/wp\/v2\/product\/4591","targetHints":{"allow":["GET"]}}],"collection":[{"href":"http:\/\/gursomobilya.com\/en\/wp-json\/wp\/v2\/product"}],"about":[{"href":"http:\/\/gursomobilya.com\/en\/wp-json\/wp\/v2\/types\/product"}],"version-history":[{"count":4,"href":"http:\/\/gursomobilya.com\/en\/wp-json\/wp\/v2\/product\/4591\/revisions"}],"predecessor-version":[{"id":4647,"href":"http:\/\/gursomobilya.com\/en\/wp-json\/wp\/v2\/product\/4591\/revisions\/4647"}],"wp:featuredmedia":[{"embeddable":true,"href":"http:\/\/gursomobilya.com\/en\/wp-json\/wp\/v2\/media\/4593"}],"wp:attachment":[{"href":"http:\/\/gursomobilya.com\/en\/wp-json\/wp\/v2\/media?parent=4591"}],"wp:term":[{"taxonomy":"pwb-brand","embeddable":true,"href":"http:\/\/gursomobilya.com\/en\/wp-json\/wp\/v2\/pwb-brand?post=4591"},{"taxonomy":"product_brand","embeddable":true,"href":"http:\/\/gursomobilya.com\/en\/wp-json\/wp\/v2\/product_brand?post=4591"},{"taxonomy":"product_cat","embeddable":true,"href":"http:\/\/gursomobilya.com\/en\/wp-json\/wp\/v2\/product_cat?post=4591"},{"taxonomy":"product_tag","embeddable":true,"href":"http:\/\/gursomobilya.com\/en\/wp-json\/wp\/v2\/product_tag?post=4591"},{"taxonomy":"berocket_brand","embeddable":true,"href":"http:\/\/gursomobilya.com\/en\/wp-json\/wp\/v2\/berocket_brand?post=4591"}],"curies":[{"name":"wp","href":"https:\/\/api.w.org\/{rel}","templated":true}]}}