{"id":4602,"date":"2025-12-02T09:33:23","date_gmt":"2025-12-02T09:33:23","guid":{"rendered":"https:\/\/gursomobilya.com\/?post_type=product&#038;p=4602"},"modified":"2025-12-02T11:22:18","modified_gmt":"2025-12-02T11:22:18","slug":"linz-yemek-odasi-takimi","status":"publish","type":"product","link":"http:\/\/gursomobilya.com\/en\/product\/linz-yemek-odasi-takimi\/","title":{"rendered":"Linz Yemek Odas\u0131 Tak\u0131m\u0131"},"content":{"rendered":"<table width=\"956\">\n<tbody>\n<tr>\n<td width=\"205\"><strong>Content<\/strong><\/td>\n<td width=\"650\">It consists of 1 extendable table, 4 chairs and 1 console.<\/td>\n<\/tr>\n<tr>\n<td width=\"205\"><strong>Material<\/strong><\/td>\n<td width=\"650\">It is made of imported melamine coated particle board and wood material.<\/td>\n<\/tr>\n<tr>\n<td width=\"205\"><strong>Table Material<\/strong><\/td>\n<td width=\"650\">The table top is made of first quality particle-lam material. The table legs are made of wood material.<\/td>\n<\/tr>\n<tr>\n<td width=\"205\"><strong>Table Function<\/strong><\/td>\n<td width=\"650\">Opens from the middle<\/td>\n<\/tr>\n<tr>\n<td width=\"205\"><strong>Console Material<\/strong><\/td>\n<td width=\"650\">Konsol g\u00f6vdesi yonga-lam malzemeden \u00fcretilmi\u015ftir. Konsol ayaklar\u0131 fiber malzemedendir.<\/td>\n<\/tr>\n<tr>\n<td width=\"205\"><strong>Chair Fabric Feature<\/strong><\/td>\n<td width=\"650\">Yumu\u015fak dokulu kuma\u015f kullan\u0131lm\u0131\u015ft\u0131r.<\/td>\n<\/tr>\n<tr>\n<td width=\"205\"><strong>Chair Fabric and Leg Change<\/strong><\/td>\n<td width=\"650\">ayak rengi standartt\u0131r.kuma\u015f de\u011fi\u015fikli\u011finde %8 fiyat fark\u0131 uygulanmaktad\u0131r.<\/td>\n<\/tr>\n<tr>\n<td width=\"205\"><strong>Chair Font Material<\/strong><\/td>\n<td width=\"650\">Flooring on solid wood frame<\/td>\n<\/tr>\n<\/tbody>\n<\/table>\n<table width=\"643\">\n<tbody>\n<tr>\n<td width=\"151\"><\/td>\n<td width=\"64\">Color<\/td>\n<td width=\"64\">Size<\/td>\n<td width=\"64\">Depth<\/td>\n<td width=\"67\">Height<\/td>\n<\/tr>\n<tr>\n<td width=\"151\">Console<\/td>\n<td width=\"64\">Standard<\/td>\n<td width=\"64\">200<\/td>\n<td width=\"64\">48<\/td>\n<td width=\"67\">82<\/td>\n<\/tr>\n<tr>\n<td width=\"151\">Dinner table<\/td>\n<td width=\"64\">Standard<\/td>\n<td width=\"64\">170 + 40<\/td>\n<td width=\"64\">90<\/td>\n<td width=\"67\">78<\/td>\n<\/tr>\n<tr>\n<td width=\"151\">Linz Sandalye<\/td>\n<td width=\"64\">Standard<\/td>\n<td width=\"64\">45<\/td>\n<td width=\"64\">47<\/td>\n<td width=\"67\">90<\/td>\n<\/tr>\n<tr>\n<td width=\"151\">Console Upper Mirror Single<\/td>\n<td width=\"64\">Standard<\/td>\n<td>47<\/td>\n<td>4<\/td>\n<td>68<\/td>\n<\/tr>\n<\/tbody>\n<\/table>","protected":false},"excerpt":{"rendered":"<p>Tak\u0131m \u0130\u00e7eri\u011fi 1 adet a\u00e7\u0131l\u0131r masa, 4 adet sandalye, 1 adet konsoldan olu\u015fmaktad\u0131r. Malzeme \u0130thal melamin kapl\u0131 yonga-lam malzemeden \u00fcretilmi\u015ftir.<\/p>","protected":false},"featured_media":4604,"template":"","meta":{"_joinchat":[]},"pwb-brand":[97],"product_brand":[],"product_cat":[28],"product_tag":[],"berocket_brand":[],"class_list":{"0":"post-4602","1":"product","2":"type-product","3":"status-publish","4":"has-post-thumbnail","6":"pwb-brand-rapsodi","7":"product_cat-yemek-odasi-takimlari","9":"first","10":"instock","11":"shipping-taxable","12":"product-type-simple"},"brands":[{"id":97,"name":"Rapsodi","slug":"rapsodi"}],"_links":{"self":[{"href":"http:\/\/gursomobilya.com\/en\/wp-json\/wp\/v2\/product\/4602","targetHints":{"allow":["GET"]}}],"collection":[{"href":"http:\/\/gursomobilya.com\/en\/wp-json\/wp\/v2\/product"}],"about":[{"href":"http:\/\/gursomobilya.com\/en\/wp-json\/wp\/v2\/types\/product"}],"version-history":[{"count":4,"href":"http:\/\/gursomobilya.com\/en\/wp-json\/wp\/v2\/product\/4602\/revisions"}],"predecessor-version":[{"id":4648,"href":"http:\/\/gursomobilya.com\/en\/wp-json\/wp\/v2\/product\/4602\/revisions\/4648"}],"wp:featuredmedia":[{"embeddable":true,"href":"http:\/\/gursomobilya.com\/en\/wp-json\/wp\/v2\/media\/4604"}],"wp:attachment":[{"href":"http:\/\/gursomobilya.com\/en\/wp-json\/wp\/v2\/media?parent=4602"}],"wp:term":[{"taxonomy":"pwb-brand","embeddable":true,"href":"http:\/\/gursomobilya.com\/en\/wp-json\/wp\/v2\/pwb-brand?post=4602"},{"taxonomy":"product_brand","embeddable":true,"href":"http:\/\/gursomobilya.com\/en\/wp-json\/wp\/v2\/product_brand?post=4602"},{"taxonomy":"product_cat","embeddable":true,"href":"http:\/\/gursomobilya.com\/en\/wp-json\/wp\/v2\/product_cat?post=4602"},{"taxonomy":"product_tag","embeddable":true,"href":"http:\/\/gursomobilya.com\/en\/wp-json\/wp\/v2\/product_tag?post=4602"},{"taxonomy":"berocket_brand","embeddable":true,"href":"http:\/\/gursomobilya.com\/en\/wp-json\/wp\/v2\/berocket_brand?post=4602"}],"curies":[{"name":"wp","href":"https:\/\/api.w.org\/{rel}","templated":true}]}}