{"id":4612,"date":"2025-12-02T09:47:53","date_gmt":"2025-12-02T09:47:53","guid":{"rendered":"https:\/\/gursomobilya.com\/?post_type=product&#038;p=4612"},"modified":"2025-12-02T11:22:38","modified_gmt":"2025-12-02T11:22:38","slug":"edo-yemek-takimi","status":"publish","type":"product","link":"http:\/\/gursomobilya.com\/en\/product\/edo-yemek-takimi\/","title":{"rendered":"Edo Yemek Tak\u0131m\u0131"},"content":{"rendered":"<table width=\"760\">\n<tbody>\n<tr>\n<td width=\"190\"><strong>Content<\/strong><\/td>\n<td>It consists of 1 extendable table, 4 chairs and 1 console.<\/td>\n<\/tr>\n<tr>\n<td width=\"190\"><strong>Material<\/strong><\/td>\n<td>Suntalam ve metal malzemeden \u00fcretilmi\u015ftir.<\/td>\n<\/tr>\n<tr>\n<td width=\"190\"><strong>Table Material<\/strong><\/td>\n<td>Masa 1. kalite sunta-lam malzemeden \u00fcretilmi\u015ftir.<\/td>\n<\/tr>\n<tr>\n<td width=\"190\"><strong>Table Function<\/strong><\/td>\n<td>Opens from the middle<\/td>\n<\/tr>\n<tr>\n<td width=\"190\"><strong>Console Material<\/strong><\/td>\n<td>Konsol g\u00f6vdesi 1. kalite sunta-lam malzemeden \u00fcretilmi\u015ftir. Konsol ayaklar\u0131 metaldir.<\/td>\n<\/tr>\n<tr>\n<td width=\"190\"><strong>Chair Fabric Feature<\/strong><\/td>\n<td>Yumu\u015fak dokulu yerli kuma\u015f kullan\u0131lm\u0131\u015ft\u0131r.<\/td>\n<\/tr>\n<tr>\n<td width=\"190\"><strong>Sandalye Kuma\u015f VE AYAK De\u011fi\u015fikli\u011fi<\/strong><\/td>\n<td>Ayaklar\u0131 standartt\u0131r.Kuma\u015f de\u011fi\u015fikli\u011finde %8 fiyat fark\u0131 uygulanmaktad\u0131r.<\/td>\n<\/tr>\n<tr>\n<td width=\"190\"><\/td>\n<td><\/td>\n<\/tr>\n<\/tbody>\n<\/table>\n<table width=\"584\">\n<tbody>\n<tr>\n<td><\/td>\n<td>Color<\/td>\n<td>Size<\/td>\n<td>Depth<\/td>\n<td>Height<\/td>\n<\/tr>\n<tr>\n<td>Console<\/td>\n<td>Standard<\/td>\n<td>201<\/td>\n<td>50<\/td>\n<td>85<\/td>\n<\/tr>\n<tr>\n<td>Dinner table<\/td>\n<td>Standard<\/td>\n<td>170+40<\/td>\n<td>90<\/td>\n<td>78<\/td>\n<\/tr>\n<tr>\n<td>Edo Sandalye<\/td>\n<td>Standard<\/td>\n<td>45<\/td>\n<td>47<\/td>\n<td>90<\/td>\n<\/tr>\n<tr>\n<td>Konsol \u00dcst Ayna<\/td>\n<td>Standard<\/td>\n<td>161<\/td>\n<td>3<\/td>\n<td>50<\/td>\n<\/tr>\n<\/tbody>\n<\/table>","protected":false},"excerpt":{"rendered":"<p>Tak\u0131m \u0130\u00e7eri\u011fi 1 adet a\u00e7\u0131l\u0131r masa, 4 adet sandalye, 1 adet konsoldan olu\u015fmaktad\u0131r. Malzeme Suntalam ve metal malzemeden \u00fcretilmi\u015ftir. Masa<\/p>","protected":false},"featured_media":4613,"template":"","meta":{"_joinchat":[]},"pwb-brand":[97],"product_brand":[],"product_cat":[28],"product_tag":[],"berocket_brand":[],"class_list":{"0":"post-4612","1":"product","2":"type-product","3":"status-publish","4":"has-post-thumbnail","6":"pwb-brand-rapsodi","7":"product_cat-yemek-odasi-takimlari","9":"first","10":"instock","11":"shipping-taxable","12":"product-type-simple"},"brands":[{"id":97,"name":"Rapsodi","slug":"rapsodi"}],"_links":{"self":[{"href":"http:\/\/gursomobilya.com\/en\/wp-json\/wp\/v2\/product\/4612","targetHints":{"allow":["GET"]}}],"collection":[{"href":"http:\/\/gursomobilya.com\/en\/wp-json\/wp\/v2\/product"}],"about":[{"href":"http:\/\/gursomobilya.com\/en\/wp-json\/wp\/v2\/types\/product"}],"version-history":[{"count":4,"href":"http:\/\/gursomobilya.com\/en\/wp-json\/wp\/v2\/product\/4612\/revisions"}],"predecessor-version":[{"id":4649,"href":"http:\/\/gursomobilya.com\/en\/wp-json\/wp\/v2\/product\/4612\/revisions\/4649"}],"wp:featuredmedia":[{"embeddable":true,"href":"http:\/\/gursomobilya.com\/en\/wp-json\/wp\/v2\/media\/4613"}],"wp:attachment":[{"href":"http:\/\/gursomobilya.com\/en\/wp-json\/wp\/v2\/media?parent=4612"}],"wp:term":[{"taxonomy":"pwb-brand","embeddable":true,"href":"http:\/\/gursomobilya.com\/en\/wp-json\/wp\/v2\/pwb-brand?post=4612"},{"taxonomy":"product_brand","embeddable":true,"href":"http:\/\/gursomobilya.com\/en\/wp-json\/wp\/v2\/product_brand?post=4612"},{"taxonomy":"product_cat","embeddable":true,"href":"http:\/\/gursomobilya.com\/en\/wp-json\/wp\/v2\/product_cat?post=4612"},{"taxonomy":"product_tag","embeddable":true,"href":"http:\/\/gursomobilya.com\/en\/wp-json\/wp\/v2\/product_tag?post=4612"},{"taxonomy":"berocket_brand","embeddable":true,"href":"http:\/\/gursomobilya.com\/en\/wp-json\/wp\/v2\/berocket_brand?post=4612"}],"curies":[{"name":"wp","href":"https:\/\/api.w.org\/{rel}","templated":true}]}}