{"id":4630,"date":"2025-12-02T11:17:26","date_gmt":"2025-12-02T11:17:26","guid":{"rendered":"https:\/\/gursomobilya.com\/?post_type=product&#038;p=4630"},"modified":"2025-12-02T11:23:05","modified_gmt":"2025-12-02T11:23:05","slug":"carla-yatak-odasi-takimi-2","status":"publish","type":"product","link":"http:\/\/gursomobilya.com\/en\/product\/carla-yatak-odasi-takimi-2\/","title":{"rendered":"Carla Bedroom Set"},"content":{"rendered":"<table width=\"735\">\n<tbody>\n<tr>\n<td width=\"147\">Content<\/td>\n<td colspan=\"4\" width=\"588\">It consists of 1 wardrobe, 1 bedstead (including body and headboard), 1 dresser and dresser mirror, 2 nightstands.<\/td>\n<\/tr>\n<tr>\n<td width=\"147\">Bed Material<\/td>\n<td colspan=\"4\" width=\"588\">Made of imported melamine coated particle board material. Feet are plastic.<\/td>\n<\/tr>\n<tr>\n<td width=\"147\">Lighting Feature<\/td>\n<td colspan=\"4\" width=\"588\">There is a lighting feature as a detail under the dresser top table.<\/td>\n<\/tr>\n<tr>\n<td width=\"147\">Wardrobe Door Function<\/td>\n<td colspan=\"4\" width=\"588\">The door hinges are slow-closing. The wardrobe mechanism is covered.<\/td>\n<\/tr>\n<tr>\n<td width=\"147\">Nightstand Material<\/td>\n<td colspan=\"4\" width=\"588\">\u0130thal melamin kapl\u0131 yongalam malzemeden \u00fcretilmi\u015ftir. Ayaklar\u00a0plastiktir.<\/td>\n<\/tr>\n<tr>\n<td width=\"147\">Dresser Material<\/td>\n<td colspan=\"4\" width=\"588\">\u0130thal melamin kapl\u0131 yongalam malzemeden \u00fcretilmi\u015ftir. Ayaklar\u00a0plastiktir. Detay led ayd\u0131nlatma mevcuttur.<\/td>\n<\/tr>\n<tr>\n<td width=\"147\">Top Surface Material<\/td>\n<td colspan=\"4\" width=\"588\">Wooden material was used on the upper surfaces of the nightstand and dresser.<\/td>\n<\/tr>\n<tr>\n<td width=\"147\">Foot Material<\/td>\n<td colspan=\"4\" width=\"588\">The feet are made of fiber material.<\/td>\n<\/tr>\n<tr>\n<td width=\"147\">Wood Care<\/td>\n<td colspan=\"4\" width=\"588\">You can clean your furniture by wiping it with a damp cloth. Protect it from direct sunlight. Avoid prolonged contact with hot surfaces and water.<\/td>\n<\/tr>\n<tr>\n<td width=\"147\">Disassembled Parts<\/td>\n<td colspan=\"4\" width=\"588\">All parts are shipped disassembled.<\/td>\n<\/tr>\n<tr>\n<td width=\"147\">Additional Information<\/td>\n<td colspan=\"4\" width=\"588\">There are production options for the bed with or without a base. The height of the bed does not change in the options with or without a base. There are 5 and 6 wardrobe alternatives in the wardrobe.<\/td>\n<\/tr>\n<tr>\n<td width=\"147\"><\/td>\n<td width=\"147\">Color<\/td>\n<td width=\"147\">Size<\/td>\n<td width=\"147\">Depth<\/td>\n<td width=\"147\">Height<\/td>\n<\/tr>\n<tr>\n<td width=\"147\">Nightstand<\/td>\n<td width=\"147\">Standard<\/td>\n<td>60<\/td>\n<td>46<\/td>\n<td>48<\/td>\n<\/tr>\n<tr>\n<td width=\"147\">Double Bedstead<\/td>\n<td width=\"147\">Standard<\/td>\n<td>190<\/td>\n<td>213<\/td>\n<td>122<\/td>\n<\/tr>\n<tr>\n<td width=\"147\">Dresser<\/td>\n<td width=\"147\">Standard<\/td>\n<td>120<\/td>\n<td>46<\/td>\n<td>85<\/td>\n<\/tr>\n<tr>\n<td width=\"147\">Dresser Mirror<\/td>\n<td width=\"147\">Standard<\/td>\n<td>80<\/td>\n<td>2<\/td>\n<td>80<\/td>\n<\/tr>\n<tr>\n<td width=\"147\">5-Piece Wardrobe<\/td>\n<td width=\"147\">Standard<\/td>\n<td>223<\/td>\n<td>65<\/td>\n<td>210<\/td>\n<\/tr>\n<tr>\n<td width=\"147\">Double Bed Base<\/td>\n<td width=\"147\">Standard<\/td>\n<td>190<\/td>\n<td>213<\/td>\n<td>122<\/td>\n<\/tr>\n<tr>\n<td width=\"147\">6-Piece Wardrobe<\/td>\n<td width=\"147\">Standard<\/td>\n<td>266<\/td>\n<td>65<\/td>\n<td>210<\/td>\n<\/tr>\n<\/tbody>\n<\/table>","protected":false},"excerpt":{"rendered":"<p>Tak\u0131m \u0130\u00e7eri\u011fi 1 adet gardrop, 1 adet karyola (G\u00f6vde ve Ba\u015fl\u0131k Dahil), 1 adet \u015fifonyer ve \u015fifonyer aynas\u0131, 2 adet<\/p>","protected":false},"featured_media":4631,"template":"","meta":{"_joinchat":[]},"pwb-brand":[97],"product_brand":[],"product_cat":[74],"product_tag":[],"berocket_brand":[],"class_list":{"0":"post-4630","1":"product","2":"type-product","3":"status-publish","4":"has-post-thumbnail","6":"pwb-brand-rapsodi","7":"product_cat-yatak-odasi-takimlari","9":"first","10":"instock","11":"shipping-taxable","12":"product-type-simple"},"brands":[{"id":97,"name":"Rapsodi","slug":"rapsodi"}],"_links":{"self":[{"href":"http:\/\/gursomobilya.com\/en\/wp-json\/wp\/v2\/product\/4630","targetHints":{"allow":["GET"]}}],"collection":[{"href":"http:\/\/gursomobilya.com\/en\/wp-json\/wp\/v2\/product"}],"about":[{"href":"http:\/\/gursomobilya.com\/en\/wp-json\/wp\/v2\/types\/product"}],"version-history":[{"count":2,"href":"http:\/\/gursomobilya.com\/en\/wp-json\/wp\/v2\/product\/4630\/revisions"}],"predecessor-version":[{"id":4651,"href":"http:\/\/gursomobilya.com\/en\/wp-json\/wp\/v2\/product\/4630\/revisions\/4651"}],"wp:featuredmedia":[{"embeddable":true,"href":"http:\/\/gursomobilya.com\/en\/wp-json\/wp\/v2\/media\/4631"}],"wp:attachment":[{"href":"http:\/\/gursomobilya.com\/en\/wp-json\/wp\/v2\/media?parent=4630"}],"wp:term":[{"taxonomy":"pwb-brand","embeddable":true,"href":"http:\/\/gursomobilya.com\/en\/wp-json\/wp\/v2\/pwb-brand?post=4630"},{"taxonomy":"product_brand","embeddable":true,"href":"http:\/\/gursomobilya.com\/en\/wp-json\/wp\/v2\/product_brand?post=4630"},{"taxonomy":"product_cat","embeddable":true,"href":"http:\/\/gursomobilya.com\/en\/wp-json\/wp\/v2\/product_cat?post=4630"},{"taxonomy":"product_tag","embeddable":true,"href":"http:\/\/gursomobilya.com\/en\/wp-json\/wp\/v2\/product_tag?post=4630"},{"taxonomy":"berocket_brand","embeddable":true,"href":"http:\/\/gursomobilya.com\/en\/wp-json\/wp\/v2\/berocket_brand?post=4630"}],"curies":[{"name":"wp","href":"https:\/\/api.w.org\/{rel}","templated":true}]}}