{"id":4674,"date":"2025-12-02T12:06:43","date_gmt":"2025-12-02T12:06:43","guid":{"rendered":"https:\/\/gursomobilya.com\/?post_type=product&#038;p=4674"},"modified":"2025-12-02T12:06:43","modified_gmt":"2025-12-02T12:06:43","slug":"bella-duvar-uniteleri","status":"publish","type":"product","link":"http:\/\/gursomobilya.com\/en\/product\/bella-duvar-uniteleri\/","title":{"rendered":"Bella Duvar \u00dcniteleri"},"content":{"rendered":"<table width=\"788\">\n<tbody>\n<tr>\n<td width=\"190\"><strong>Content<\/strong><\/td>\n<td>Tek \u00e7ekmeceli Alt mod\u00fcl,3 \u00e7ekmeceli alt mod\u00fcl ve vitrin\u00a0 mod\u00fclden olu\u015fmaktad\u0131r.<\/td>\n<\/tr>\n<tr>\n<td width=\"190\"><strong>Material<\/strong><\/td>\n<td>ithal melamin kapl\u0131 yongalam malzemeden \u00fcretilmi\u015ftir.<\/td>\n<\/tr>\n<tr>\n<td width=\"190\"><strong>Foot Material<\/strong><\/td>\n<td>Metal ayak detay\u0131 mevcuttur<\/td>\n<\/tr>\n<tr>\n<td width=\"190\"><strong>Top Surface Material<\/strong><\/td>\n<td>yongalam levhad\u0131r.<\/td>\n<\/tr>\n<tr>\n<td width=\"190\"><strong>Wood Care<\/strong><\/td>\n<td>You can clean your furniture by wiping it with a damp cloth. Protect it from direct sunlight. Avoid prolonged contact with hot surfaces and water.<\/td>\n<\/tr>\n<tr>\n<td width=\"190\"><strong>Additional Information<\/strong><\/td>\n<td>\u00c7ekmecelerde teleskopik ray mekanizmas\u0131 kullan\u0131lm\u0131\u015ft\u0131r.<br \/>\nKapaklarda ve \u00e7ekmecelerde otomatik fren sistemi mevcuttur.<br \/>\nKapaklarda 1. s\u0131n\u0131f mente\u015fe kullan\u0131lm\u0131\u015ft\u0131r.<br \/>\n\u00dcr\u00fcn\u00fcn istenilen par\u00e7as\u0131 tek ba\u015f\u0131na sat\u0131n al\u0131nabilir.<\/td>\n<\/tr>\n<tr>\n<td width=\"190\"><strong>Disassembled Parts<\/strong><\/td>\n<td>&nbsp;<\/p>\n<p>\u00dcr\u00fcn tamam\u0131 demonte g\u00f6nderilmektedir.<\/td>\n<\/tr>\n<\/tbody>\n<\/table>\n<p>&nbsp;<\/p>\n<table width=\"561\">\n<tbody>\n<tr>\n<td width=\"369\"><\/td>\n<td width=\"68\">SIZE<\/td>\n<td width=\"68\">DER\u0130NL\u0130K<\/td>\n<td width=\"76\">HEIGHT<\/td>\n<\/tr>\n<tr>\n<td width=\"369\">BELLA DUVAR \u00dcN\u0130TES\u0130 ALT \u00dc\u00c7 \u00c7EKMECEL\u0130 MOD\u00dcL<\/td>\n<td width=\"68\">180<\/td>\n<td width=\"68\">49<\/td>\n<td width=\"76\">53<\/td>\n<\/tr>\n<tr>\n<td width=\"369\">BELLA DUVAR \u00dcN\u0130TES\u0130 ALT TEK \u00c7EKMECEL\u0130 MOD\u00dcL<\/td>\n<td width=\"68\">67<\/td>\n<td width=\"68\">49<\/td>\n<td width=\"76\">53<\/td>\n<\/tr>\n<tr>\n<td width=\"369\">BELLA DUVAR \u00dcNT. VITRIN MOD<\/td>\n<td width=\"68\">67<\/td>\n<td width=\"68\">32<\/td>\n<td width=\"76\">96<\/td>\n<\/tr>\n<\/tbody>\n<\/table>","protected":false},"excerpt":{"rendered":"<p>Tak\u0131m \u0130\u00e7eri\u011fi Tek \u00e7ekmeceli Alt mod\u00fcl,3 \u00e7ekmeceli alt mod\u00fcl ve vitrin\u00a0 mod\u00fclden olu\u015fmaktad\u0131r. Malzeme ithal melamin kapl\u0131 yongalam malzemeden \u00fcretilmi\u015ftir.<\/p>","protected":false},"featured_media":4675,"template":"","meta":{"_joinchat":[]},"pwb-brand":[97],"product_brand":[],"product_cat":[76],"product_tag":[],"berocket_brand":[],"class_list":{"0":"post-4674","1":"product","2":"type-product","3":"status-publish","4":"has-post-thumbnail","6":"pwb-brand-rapsodi","7":"product_cat-duvar-uniteleri","9":"first","10":"instock","11":"shipping-taxable","12":"product-type-simple"},"brands":[{"id":97,"name":"Rapsodi","slug":"rapsodi"}],"_links":{"self":[{"href":"http:\/\/gursomobilya.com\/en\/wp-json\/wp\/v2\/product\/4674","targetHints":{"allow":["GET"]}}],"collection":[{"href":"http:\/\/gursomobilya.com\/en\/wp-json\/wp\/v2\/product"}],"about":[{"href":"http:\/\/gursomobilya.com\/en\/wp-json\/wp\/v2\/types\/product"}],"version-history":[{"count":1,"href":"http:\/\/gursomobilya.com\/en\/wp-json\/wp\/v2\/product\/4674\/revisions"}],"predecessor-version":[{"id":4680,"href":"http:\/\/gursomobilya.com\/en\/wp-json\/wp\/v2\/product\/4674\/revisions\/4680"}],"wp:featuredmedia":[{"embeddable":true,"href":"http:\/\/gursomobilya.com\/en\/wp-json\/wp\/v2\/media\/4675"}],"wp:attachment":[{"href":"http:\/\/gursomobilya.com\/en\/wp-json\/wp\/v2\/media?parent=4674"}],"wp:term":[{"taxonomy":"pwb-brand","embeddable":true,"href":"http:\/\/gursomobilya.com\/en\/wp-json\/wp\/v2\/pwb-brand?post=4674"},{"taxonomy":"product_brand","embeddable":true,"href":"http:\/\/gursomobilya.com\/en\/wp-json\/wp\/v2\/product_brand?post=4674"},{"taxonomy":"product_cat","embeddable":true,"href":"http:\/\/gursomobilya.com\/en\/wp-json\/wp\/v2\/product_cat?post=4674"},{"taxonomy":"product_tag","embeddable":true,"href":"http:\/\/gursomobilya.com\/en\/wp-json\/wp\/v2\/product_tag?post=4674"},{"taxonomy":"berocket_brand","embeddable":true,"href":"http:\/\/gursomobilya.com\/en\/wp-json\/wp\/v2\/berocket_brand?post=4674"}],"curies":[{"name":"wp","href":"https:\/\/api.w.org\/{rel}","templated":true}]}}