{"id":4871,"date":"2025-12-03T23:41:20","date_gmt":"2025-12-03T23:41:20","guid":{"rendered":"https:\/\/gursomobilya.com\/?post_type=product&#038;p=4871"},"modified":"2025-12-03T23:41:20","modified_gmt":"2025-12-03T23:41:20","slug":"aden-uzanmali-kose-takimi","status":"publish","type":"product","link":"http:\/\/gursomobilya.com\/en\/product\/aden-uzanmali-kose-takimi\/","title":{"rendered":"Aden Uzanmal\u0131 K\u00f6\u015fe Tak\u0131m\u0131"},"content":{"rendered":"","protected":false},"excerpt":{"rendered":"","protected":false},"featured_media":4872,"template":"","meta":{"_joinchat":[]},"pwb-brand":[98],"product_brand":[],"product_cat":[78,79],"product_tag":[],"berocket_brand":[],"class_list":{"0":"post-4871","1":"product","2":"type-product","3":"status-publish","4":"has-post-thumbnail","6":"pwb-brand-kilim","7":"product_cat-koltuk-takimlari-koltuk-takimlari","8":"product_cat-kose-takimlari","10":"first","11":"instock","12":"shipping-taxable","13":"product-type-simple"},"brands":[{"id":98,"name":"Kilim","slug":"kilim"}],"_links":{"self":[{"href":"http:\/\/gursomobilya.com\/en\/wp-json\/wp\/v2\/product\/4871","targetHints":{"allow":["GET"]}}],"collection":[{"href":"http:\/\/gursomobilya.com\/en\/wp-json\/wp\/v2\/product"}],"about":[{"href":"http:\/\/gursomobilya.com\/en\/wp-json\/wp\/v2\/types\/product"}],"version-history":[{"count":1,"href":"http:\/\/gursomobilya.com\/en\/wp-json\/wp\/v2\/product\/4871\/revisions"}],"predecessor-version":[{"id":4877,"href":"http:\/\/gursomobilya.com\/en\/wp-json\/wp\/v2\/product\/4871\/revisions\/4877"}],"wp:featuredmedia":[{"embeddable":true,"href":"http:\/\/gursomobilya.com\/en\/wp-json\/wp\/v2\/media\/4872"}],"wp:attachment":[{"href":"http:\/\/gursomobilya.com\/en\/wp-json\/wp\/v2\/media?parent=4871"}],"wp:term":[{"taxonomy":"pwb-brand","embeddable":true,"href":"http:\/\/gursomobilya.com\/en\/wp-json\/wp\/v2\/pwb-brand?post=4871"},{"taxonomy":"product_brand","embeddable":true,"href":"http:\/\/gursomobilya.com\/en\/wp-json\/wp\/v2\/product_brand?post=4871"},{"taxonomy":"product_cat","embeddable":true,"href":"http:\/\/gursomobilya.com\/en\/wp-json\/wp\/v2\/product_cat?post=4871"},{"taxonomy":"product_tag","embeddable":true,"href":"http:\/\/gursomobilya.com\/en\/wp-json\/wp\/v2\/product_tag?post=4871"},{"taxonomy":"berocket_brand","embeddable":true,"href":"http:\/\/gursomobilya.com\/en\/wp-json\/wp\/v2\/berocket_brand?post=4871"}],"curies":[{"name":"wp","href":"https:\/\/api.w.org\/{rel}","templated":true}]}}