{"id":5213,"date":"2026-04-11T14:32:12","date_gmt":"2026-04-11T14:32:12","guid":{"rendered":"https:\/\/gursomobilya.com\/?post_type=product&#038;p=5213"},"modified":"2026-04-11T14:32:47","modified_gmt":"2026-04-11T14:32:47","slug":"nazu-yemek-odasi-takimi","status":"publish","type":"product","link":"http:\/\/gursomobilya.com\/en\/product\/nazu-yemek-odasi-takimi\/","title":{"rendered":"Nazu Yemek Odas\u0131 Tak\u0131m\u0131"},"content":{"rendered":"","protected":false},"excerpt":{"rendered":"","protected":false},"featured_media":5216,"template":"","meta":{"_joinchat":[]},"pwb-brand":[96],"product_brand":[],"product_cat":[124,72,78],"product_tag":[],"berocket_brand":[],"class_list":{"0":"post-5213","1":"product","2":"type-product","3":"status-publish","4":"has-post-thumbnail","6":"pwb-brand-selimoglu","7":"product_cat-ayin-en-populer-urunleri","8":"product_cat-koltuk-takimlari","9":"product_cat-koltuk-takimlari-koltuk-takimlari","11":"first","12":"instock","13":"shipping-taxable","14":"product-type-simple"},"brands":[{"id":96,"name":"Selimo\u011flu","slug":"selimoglu"}],"_links":{"self":[{"href":"http:\/\/gursomobilya.com\/en\/wp-json\/wp\/v2\/product\/5213","targetHints":{"allow":["GET"]}}],"collection":[{"href":"http:\/\/gursomobilya.com\/en\/wp-json\/wp\/v2\/product"}],"about":[{"href":"http:\/\/gursomobilya.com\/en\/wp-json\/wp\/v2\/types\/product"}],"version-history":[{"count":1,"href":"http:\/\/gursomobilya.com\/en\/wp-json\/wp\/v2\/product\/5213\/revisions"}],"predecessor-version":[{"id":5220,"href":"http:\/\/gursomobilya.com\/en\/wp-json\/wp\/v2\/product\/5213\/revisions\/5220"}],"wp:featuredmedia":[{"embeddable":true,"href":"http:\/\/gursomobilya.com\/en\/wp-json\/wp\/v2\/media\/5216"}],"wp:attachment":[{"href":"http:\/\/gursomobilya.com\/en\/wp-json\/wp\/v2\/media?parent=5213"}],"wp:term":[{"taxonomy":"pwb-brand","embeddable":true,"href":"http:\/\/gursomobilya.com\/en\/wp-json\/wp\/v2\/pwb-brand?post=5213"},{"taxonomy":"product_brand","embeddable":true,"href":"http:\/\/gursomobilya.com\/en\/wp-json\/wp\/v2\/product_brand?post=5213"},{"taxonomy":"product_cat","embeddable":true,"href":"http:\/\/gursomobilya.com\/en\/wp-json\/wp\/v2\/product_cat?post=5213"},{"taxonomy":"product_tag","embeddable":true,"href":"http:\/\/gursomobilya.com\/en\/wp-json\/wp\/v2\/product_tag?post=5213"},{"taxonomy":"berocket_brand","embeddable":true,"href":"http:\/\/gursomobilya.com\/en\/wp-json\/wp\/v2\/berocket_brand?post=5213"}],"curies":[{"name":"wp","href":"https:\/\/api.w.org\/{rel}","templated":true}]}}