{"id":2087,"date":"2024-06-11T10:18:36","date_gmt":"2024-06-11T10:18:36","guid":{"rendered":"https:\/\/gursomobilya.com\/?post_type=product&#038;p=2087"},"modified":"2025-05-12T11:45:38","modified_gmt":"2025-05-12T11:45:38","slug":"new-riva-kose-takimi","status":"publish","type":"product","link":"https:\/\/gursomobilya.com\/en\/product\/new-riva-kose-takimi\/","title":{"rendered":"New Riva Corner Set"},"content":{"rendered":"<h5>Product information<\/h5>\n<p><strong>NEW RIVA PLUS CORNER SET<\/strong> <\/p>\n<p><strong>IT WILL ACCOMPANY YOUR PLEASANT MOMENTS<\/strong> <br \/>The corner where pleasant and warm moments meet elegance... From the moment you start using it, it will become the center of attraction of your living space and you will not be able to stop embracing it for a moment. Get ready to experience moments that you will never get enough of with the New Riva Corner Set, with its full structure, soft texture, corner coffee table area and pouffe.K\u00f6\u015fe tak\u0131m\u0131n\u0131n par\u00e7as\u0131 olan yan Sehpa, mod\u00fcler yap\u0131s\u0131yla ister sa\u011f tarafta, isterseniz de sol tarafta kullan\u0131m olana\u011f\u0131yla mod\u00fcler bir yap\u0131dad\u0131r. Ergonomik yap\u0131s\u0131yla kullan\u0131m kolayl\u0131\u011f\u0131 sa\u011flar. \u0130\u00e7ecekleriniz tak\u0131m\u0131n bu par\u00e7as\u0131yla \u00e7ok daha g\u00fcvende olacak. <\/p>\n<p><strong>POSSIBILITY TO USE IT IN ANY WAY YOU WANT <br \/><\/strong>The side table, which is part of the corner set, has a modular structure with the possibility of using it on either the right or the left side. It provides ease of use with its ergonomic structure. Your drinks will be much safer with this piece of the set. <\/p>\n<h5>Product features<\/h5>\n<div><strong>Fabric Feature <br \/><\/strong>Woven fabrics are used.<strong> <br \/><\/strong> <br \/><strong>Skeleton Material <br \/><\/strong>The case bodies are manufactured from Plywood and particle board. The units are manufactured from 10\u00d720 and 25\u00d725 mm profiles. In order to prevent collapse and deformation in the font, 1st Class gypsum elastic column is used on the metal skeleton.<strong> <br \/><\/strong> <br \/><strong>Seat Cushion Material <br \/><\/strong>32 dns soft sponge is used in the sitting part of the corner set.<strong> <br \/><\/strong> <br \/><strong>Foot Material <br \/><\/strong>139 \/ 5.000\nDecorative legs are used in the product. There are 2 options as elegance walnut or anthracite gray. Corner set leg size: 7 cm.<strong> <br \/><\/strong> <br \/><strong>Function <br \/><\/strong>Corner units provide ease of use thanks to different versions.<\/div>","protected":false},"excerpt":{"rendered":"<p><b>IT WILL ACCOMPANY YOUR PLEASANT MOMENTS<\/b><\/p>\n<p>The corner where pleasant and warm moments meet elegance... From the moment you start using it, it will become the center of attraction of your living space and you will not be able to stop embracing it for a moment. Get ready to experience moments that you will never get enough of with the New Riva Corner Set, with its full structure, soft texture, corner coffee table area and pouffe.<\/p>","protected":false},"featured_media":2088,"template":"","meta":{"_joinchat":[]},"pwb-brand":[98],"product_brand":[],"product_cat":[72],"product_tag":[],"berocket_brand":[],"class_list":{"0":"post-2087","1":"product","2":"type-product","3":"status-publish","4":"has-post-thumbnail","6":"pwb-brand-kilim","7":"product_cat-koltuk-takimlari","9":"first","10":"instock","11":"shipping-taxable","12":"product-type-simple"},"brands":[{"id":98,"name":"Kilim","slug":"kilim"}],"_links":{"self":[{"href":"https:\/\/gursomobilya.com\/en\/wp-json\/wp\/v2\/product\/2087","targetHints":{"allow":["GET"]}}],"collection":[{"href":"https:\/\/gursomobilya.com\/en\/wp-json\/wp\/v2\/product"}],"about":[{"href":"https:\/\/gursomobilya.com\/en\/wp-json\/wp\/v2\/types\/product"}],"version-history":[{"count":2,"href":"https:\/\/gursomobilya.com\/en\/wp-json\/wp\/v2\/product\/2087\/revisions"}],"predecessor-version":[{"id":3481,"href":"https:\/\/gursomobilya.com\/en\/wp-json\/wp\/v2\/product\/2087\/revisions\/3481"}],"wp:featuredmedia":[{"embeddable":true,"href":"https:\/\/gursomobilya.com\/en\/wp-json\/wp\/v2\/media\/2088"}],"wp:attachment":[{"href":"https:\/\/gursomobilya.com\/en\/wp-json\/wp\/v2\/media?parent=2087"}],"wp:term":[{"taxonomy":"pwb-brand","embeddable":true,"href":"https:\/\/gursomobilya.com\/en\/wp-json\/wp\/v2\/pwb-brand?post=2087"},{"taxonomy":"product_brand","embeddable":true,"href":"https:\/\/gursomobilya.com\/en\/wp-json\/wp\/v2\/product_brand?post=2087"},{"taxonomy":"product_cat","embeddable":true,"href":"https:\/\/gursomobilya.com\/en\/wp-json\/wp\/v2\/product_cat?post=2087"},{"taxonomy":"product_tag","embeddable":true,"href":"https:\/\/gursomobilya.com\/en\/wp-json\/wp\/v2\/product_tag?post=2087"},{"taxonomy":"berocket_brand","embeddable":true,"href":"https:\/\/gursomobilya.com\/en\/wp-json\/wp\/v2\/berocket_brand?post=2087"}],"curies":[{"name":"wp","href":"https:\/\/api.w.org\/{rel}","templated":true}]}}