{"id":3162,"date":"2024-07-24T11:54:35","date_gmt":"2024-07-24T11:54:35","guid":{"rendered":"https:\/\/gursomobilya.com\/?post_type=product&#038;p=3162"},"modified":"2025-05-12T09:38:07","modified_gmt":"2025-05-12T09:38:07","slug":"atra-koltuk","status":"publish","type":"product","link":"https:\/\/gursomobilya.com\/en\/product\/atra-koltuk\/","title":{"rendered":"Atra Koltuk"},"content":{"rendered":"","protected":false},"excerpt":{"rendered":"<p>Lu\u0308ks tasar\u0131m\u0131 ve kaliteyi herkes ic\u0327in ulas\u0327\u0131labilir k\u0131lma hedefimizin hayat bulmus\u0327 hali Atra,ana iskeletten ayr\u0131larak deg\u0306is\u0327tirilebilen oturma alan\u0131n\u0131n getirdig\u0306i kullan\u0131c\u0131 dostu bak\u0131s\u0327 ac\u0327\u0131s\u0131 ile yenilenmesine olanak sag\u0306lar. <br \/>Hem ic\u0327 hem de d\u0131s\u0327 mekanda kullan\u0131lmak u\u0308zere tasarlanan Atra koltug\u0306un hava alan oturma bo\u0308lu\u0308mu\u0308 ferah bir kullan\u0131m ic\u0327in du\u0308s\u0327u\u0308nu\u0308ldu\u0308. Gerektig\u0306inde istiflenebilen Atra koltuk, kolayca silinebilir ve d\u0131s\u0327 hava kos\u0327ullar\u0131na kars\u0327\u0131 direnc\u0327lidir.<\/p>","protected":false},"featured_media":3163,"template":"","meta":{"_joinchat":[]},"pwb-brand":[99],"product_brand":[],"product_cat":[120],"product_tag":[],"berocket_brand":[],"class_list":{"0":"post-3162","1":"product","2":"type-product","3":"status-publish","4":"has-post-thumbnail","6":"pwb-brand-tilia","7":"product_cat-masa-sandalye","9":"first","10":"instock","11":"shipping-taxable","12":"product-type-simple"},"brands":[{"id":99,"name":"Tilia","slug":"tilia"}],"_links":{"self":[{"href":"https:\/\/gursomobilya.com\/en\/wp-json\/wp\/v2\/product\/3162","targetHints":{"allow":["GET"]}}],"collection":[{"href":"https:\/\/gursomobilya.com\/en\/wp-json\/wp\/v2\/product"}],"about":[{"href":"https:\/\/gursomobilya.com\/en\/wp-json\/wp\/v2\/types\/product"}],"version-history":[{"count":4,"href":"https:\/\/gursomobilya.com\/en\/wp-json\/wp\/v2\/product\/3162\/revisions"}],"predecessor-version":[{"id":3513,"href":"https:\/\/gursomobilya.com\/en\/wp-json\/wp\/v2\/product\/3162\/revisions\/3513"}],"wp:featuredmedia":[{"embeddable":true,"href":"https:\/\/gursomobilya.com\/en\/wp-json\/wp\/v2\/media\/3163"}],"wp:attachment":[{"href":"https:\/\/gursomobilya.com\/en\/wp-json\/wp\/v2\/media?parent=3162"}],"wp:term":[{"taxonomy":"pwb-brand","embeddable":true,"href":"https:\/\/gursomobilya.com\/en\/wp-json\/wp\/v2\/pwb-brand?post=3162"},{"taxonomy":"product_brand","embeddable":true,"href":"https:\/\/gursomobilya.com\/en\/wp-json\/wp\/v2\/product_brand?post=3162"},{"taxonomy":"product_cat","embeddable":true,"href":"https:\/\/gursomobilya.com\/en\/wp-json\/wp\/v2\/product_cat?post=3162"},{"taxonomy":"product_tag","embeddable":true,"href":"https:\/\/gursomobilya.com\/en\/wp-json\/wp\/v2\/product_tag?post=3162"},{"taxonomy":"berocket_brand","embeddable":true,"href":"https:\/\/gursomobilya.com\/en\/wp-json\/wp\/v2\/berocket_brand?post=3162"}],"curies":[{"name":"wp","href":"https:\/\/api.w.org\/{rel}","templated":true}]}}