{"id":3169,"date":"2024-07-24T12:02:24","date_gmt":"2024-07-24T12:02:24","guid":{"rendered":"https:\/\/gursomobilya.com\/?post_type=product&#038;p=3169"},"modified":"2025-05-12T09:37:59","modified_gmt":"2025-05-12T09:37:59","slug":"capri-sandalye","status":"publish","type":"product","link":"https:\/\/gursomobilya.com\/en\/product\/capri-sandalye\/","title":{"rendered":"Capri Sandalye"},"content":{"rendered":"","protected":false},"excerpt":{"rendered":"<p>Karakteristik X s\u0131rt\u0131 ile hem modern hem de r\u00fcstik mekanlarda kullan\u0131labilecek Capri sandalye, hissedilebilir ah\u015fap y\u00fczey dokusu ile samimi bir g\u00f6r\u00fcn\u00fcm sunar. Hafif ancak sa\u011flam olan Capri, i\u00e7 ve d\u0131\u015f mekan kullan\u0131m\u0131 i\u00e7in olduk\u00e7a uygun monoblok bir yap\u0131ya sahip olmakla birlikte ayaklar\u0131ndaki kaymay\u0131 engelleyen de\u011fi\u015ftirilebilir PVC t\u0131palar ile uzun \u00f6m\u00fcrl\u00fc kullan\u0131m sunar.<\/p>","protected":false},"featured_media":3170,"template":"","meta":{"_joinchat":[]},"pwb-brand":[99],"product_brand":[],"product_cat":[120],"product_tag":[],"berocket_brand":[],"class_list":{"0":"post-3169","1":"product","2":"type-product","3":"status-publish","4":"has-post-thumbnail","6":"pwb-brand-tilia","7":"product_cat-masa-sandalye","9":"first","10":"instock","11":"shipping-taxable","12":"product-type-simple"},"brands":[{"id":99,"name":"Tilia","slug":"tilia"}],"_links":{"self":[{"href":"https:\/\/gursomobilya.com\/en\/wp-json\/wp\/v2\/product\/3169","targetHints":{"allow":["GET"]}}],"collection":[{"href":"https:\/\/gursomobilya.com\/en\/wp-json\/wp\/v2\/product"}],"about":[{"href":"https:\/\/gursomobilya.com\/en\/wp-json\/wp\/v2\/types\/product"}],"version-history":[{"count":2,"href":"https:\/\/gursomobilya.com\/en\/wp-json\/wp\/v2\/product\/3169\/revisions"}],"predecessor-version":[{"id":3522,"href":"https:\/\/gursomobilya.com\/en\/wp-json\/wp\/v2\/product\/3169\/revisions\/3522"}],"wp:featuredmedia":[{"embeddable":true,"href":"https:\/\/gursomobilya.com\/en\/wp-json\/wp\/v2\/media\/3170"}],"wp:attachment":[{"href":"https:\/\/gursomobilya.com\/en\/wp-json\/wp\/v2\/media?parent=3169"}],"wp:term":[{"taxonomy":"pwb-brand","embeddable":true,"href":"https:\/\/gursomobilya.com\/en\/wp-json\/wp\/v2\/pwb-brand?post=3169"},{"taxonomy":"product_brand","embeddable":true,"href":"https:\/\/gursomobilya.com\/en\/wp-json\/wp\/v2\/product_brand?post=3169"},{"taxonomy":"product_cat","embeddable":true,"href":"https:\/\/gursomobilya.com\/en\/wp-json\/wp\/v2\/product_cat?post=3169"},{"taxonomy":"product_tag","embeddable":true,"href":"https:\/\/gursomobilya.com\/en\/wp-json\/wp\/v2\/product_tag?post=3169"},{"taxonomy":"berocket_brand","embeddable":true,"href":"https:\/\/gursomobilya.com\/en\/wp-json\/wp\/v2\/berocket_brand?post=3169"}],"curies":[{"name":"wp","href":"https:\/\/api.w.org\/{rel}","templated":true}]}}