{"id":3357,"date":"2024-07-26T13:07:28","date_gmt":"2024-07-26T13:07:28","guid":{"rendered":"https:\/\/gursomobilya.com\/?post_type=product&#038;p=3357"},"modified":"2024-08-04T16:21:40","modified_gmt":"2024-08-04T16:21:40","slug":"napoli-yatak-odasi-takimi","status":"publish","type":"product","link":"https:\/\/gursomobilya.com\/en\/product\/napoli-yatak-odasi-takimi\/","title":{"rendered":"Napoli Bedroom Set"},"content":{"rendered":"<table width=\"813\">\n<tbody>\n<tr>\n<td width=\"193\"><strong>Content<\/strong><\/td>\n<td colspan=\"4\" width=\"566\">It consists of 1 wardrobe, 1 bedstead (including body and headboard), 1 mirrored dresser, 2 nightstands.<\/td>\n<\/tr>\n<tr>\n<td width=\"193\"><strong>Bed Material<\/strong><\/td>\n<td colspan=\"4\" width=\"566\">Made of imported melamine coated particle board material. Feet are metal.<\/td>\n<\/tr>\n<tr>\n<td width=\"193\"><strong>Lighting Feature<\/strong><\/td>\n<td colspan=\"4\" width=\"566\">There is no lighting feature.<\/td>\n<\/tr>\n<tr>\n<td width=\"193\"><strong>Wardrobe Door Function<\/strong><\/td>\n<td colspan=\"4\" width=\"566\">The wardrobe mechanism has doors and the lower part has drawers.<\/td>\n<\/tr>\n<tr>\n<td width=\"193\"><strong>Nightstand Material<\/strong><\/td>\n<td colspan=\"4\" width=\"566\">It is made of imported melamine coated particleboard material. The upper surface is made of wood material.<\/td>\n<\/tr>\n<tr>\n<td width=\"193\"><strong>Dresser Material<\/strong><\/td>\n<td colspan=\"4\" width=\"566\">It is made of imported melamine coated particleboard material. The upper surface is made of wood material.<\/td>\n<\/tr>\n<tr>\n<td width=\"193\"><strong>Top Surface Material<\/strong><\/td>\n<td colspan=\"4\" width=\"566\">Wooden material was used on the upper surfaces of the nightstand and dresser.<\/td>\n<\/tr>\n<tr>\n<td width=\"193\"><strong>Wood Care<\/strong><\/td>\n<td colspan=\"4\" width=\"566\">You can clean your furniture by wiping it with a damp cloth. Protect it from direct sunlight. Avoid prolonged contact with hot surfaces and water.<\/td>\n<\/tr>\n<tr>\n<td width=\"193\"><strong>Disassembled Parts<\/strong><\/td>\n<td colspan=\"4\" width=\"566\">All parts are shipped disassembled.<\/td>\n<\/tr>\n<tr>\n<td width=\"193\"><strong>Additional Information<\/strong><\/td>\n<td colspan=\"4\" width=\"566\">There are production options for the bedstead with or without a base. The height of the bedstead does not change in the options with or without a base.<\/td>\n<\/tr>\n<tr>\n<td width=\"193\"><strong>\u00a0<\/strong><\/td>\n<td width=\"64\"><strong>Color<\/strong><\/td>\n<td width=\"64\"><strong>Size<\/strong><\/td>\n<td width=\"64\"><strong>Depth<\/strong><\/td>\n<td width=\"374\"><strong>Height<\/strong><\/td>\n<\/tr>\n<tr>\n<td width=\"193\"><strong>Nightstand<\/strong><\/td>\n<td width=\"64\">Standard<\/td>\n<td width=\"64\">60<\/td>\n<td width=\"64\">49<\/td>\n<td width=\"374\">50<\/td>\n<\/tr>\n<tr>\n<td width=\"193\"><strong>Double Bedstead<\/strong><\/td>\n<td width=\"64\">Standard<\/td>\n<td width=\"64\">183<\/td>\n<td width=\"64\">220<\/td>\n<td width=\"374\">120<\/td>\n<\/tr>\n<tr>\n<td width=\"193\"><strong>Dresser<\/strong><\/td>\n<td width=\"64\">Standard<\/td>\n<td width=\"64\">111<\/td>\n<td width=\"64\">49<\/td>\n<td width=\"374\">150<\/td>\n<\/tr>\n<tr>\n<td width=\"193\"><strong>Gardrop<\/strong><\/td>\n<td width=\"64\">Standard<\/td>\n<td width=\"64\">227<\/td>\n<td width=\"64\">67<\/td>\n<td width=\"374\">215<\/td>\n<\/tr>\n<tr>\n<td width=\"193\"><strong>Double Bed Base<\/strong><\/td>\n<td width=\"64\">Standard<\/td>\n<td width=\"64\">183<\/td>\n<td width=\"64\">220<\/td>\n<td width=\"374\">120<\/td>\n<\/tr>\n<\/tbody>\n<\/table>","protected":false},"excerpt":{"rendered":"<p>Tak\u0131m \u0130\u00e7eri\u011fi 1 adet gardrop, 1 adet karyola (G\u00f6vde ve Ba\u015fl\u0131k Dahil), 1 adet aynal\u0131 \u015fifonyer, 2 adet komodinden olu\u015fmaktad\u0131r.<\/p>","protected":false},"featured_media":3358,"template":"","meta":{"_joinchat":[]},"pwb-brand":[97],"product_brand":[],"product_cat":[74],"product_tag":[],"berocket_brand":[],"class_list":{"0":"post-3357","1":"product","2":"type-product","3":"status-publish","4":"has-post-thumbnail","6":"pwb-brand-rapsodi","7":"product_cat-yatak-odasi-takimlari","9":"first","10":"instock","11":"shipping-taxable","12":"product-type-simple"},"brands":[{"id":97,"name":"Rapsodi","slug":"rapsodi"}],"_links":{"self":[{"href":"https:\/\/gursomobilya.com\/en\/wp-json\/wp\/v2\/product\/3357","targetHints":{"allow":["GET"]}}],"collection":[{"href":"https:\/\/gursomobilya.com\/en\/wp-json\/wp\/v2\/product"}],"about":[{"href":"https:\/\/gursomobilya.com\/en\/wp-json\/wp\/v2\/types\/product"}],"version-history":[{"count":2,"href":"https:\/\/gursomobilya.com\/en\/wp-json\/wp\/v2\/product\/3357\/revisions"}],"predecessor-version":[{"id":3557,"href":"https:\/\/gursomobilya.com\/en\/wp-json\/wp\/v2\/product\/3357\/revisions\/3557"}],"wp:featuredmedia":[{"embeddable":true,"href":"https:\/\/gursomobilya.com\/en\/wp-json\/wp\/v2\/media\/3358"}],"wp:attachment":[{"href":"https:\/\/gursomobilya.com\/en\/wp-json\/wp\/v2\/media?parent=3357"}],"wp:term":[{"taxonomy":"pwb-brand","embeddable":true,"href":"https:\/\/gursomobilya.com\/en\/wp-json\/wp\/v2\/pwb-brand?post=3357"},{"taxonomy":"product_brand","embeddable":true,"href":"https:\/\/gursomobilya.com\/en\/wp-json\/wp\/v2\/product_brand?post=3357"},{"taxonomy":"product_cat","embeddable":true,"href":"https:\/\/gursomobilya.com\/en\/wp-json\/wp\/v2\/product_cat?post=3357"},{"taxonomy":"product_tag","embeddable":true,"href":"https:\/\/gursomobilya.com\/en\/wp-json\/wp\/v2\/product_tag?post=3357"},{"taxonomy":"berocket_brand","embeddable":true,"href":"https:\/\/gursomobilya.com\/en\/wp-json\/wp\/v2\/berocket_brand?post=3357"}],"curies":[{"name":"wp","href":"https:\/\/api.w.org\/{rel}","templated":true}]}}