{"id":3645,"date":"2024-08-04T20:44:35","date_gmt":"2024-08-04T20:44:35","guid":{"rendered":"https:\/\/gursomobilya.com\/?post_type=product&#038;p=3645"},"modified":"2025-05-12T11:51:06","modified_gmt":"2025-05-12T11:51:06","slug":"smart-koltuk-takimi","status":"publish","type":"product","link":"https:\/\/gursomobilya.com\/en\/product\/smart-koltuk-takimi\/","title":{"rendered":"Smart Sofa Set"},"content":{"rendered":"<div class=\"Line\">\n<div class=\"openerContent\">\n<table width=\"0\">\n<tbody>\n<tr>\n<td width=\"190\"><strong>Fabric Content<\/strong><\/td>\n<td>Quilted fabric was used.<\/td>\n<\/tr>\n<tr>\n<td width=\"190\"><strong>Fabric Feature<\/strong><\/td>\n<td>Locally woven fabric was used.<\/td>\n<\/tr>\n<tr>\n<td width=\"190\"><strong>Fabric Care\/Cleaning Recommendations<\/strong><\/td>\n<td>It is a washable fabric.<\/td>\n<\/tr>\n<tr>\n<td width=\"190\"><strong>Function Feature<\/strong><\/td>\n<td>It has a bed<\/td>\n<\/tr>\n<tr>\n<td width=\"190\"><strong>Skeleton Material<\/strong><\/td>\n<td>Our seat frame is made of steel construction and is reinforced with \u2018S\u2019 zigzag steel springs.<\/td>\n<\/tr>\n<tr>\n<td width=\"190\"><strong>Seat Cushion Material<\/strong><\/td>\n<td>32 DNS Hyper sponges were used.<\/td>\n<\/tr>\n<tr>\n<td width=\"190\"><strong>Foot Material<\/strong><\/td>\n<td>The feet are made of metal.<\/td>\n<\/tr>\n<tr>\n<td width=\"190\"><strong>Additional Information<\/strong><\/td>\n<td>The cushions in the image are included in the price.<br \/>\nFabric and foot colors can be changed upon request.<br \/>\nTak\u0131m i\u00e7erisinde 3&#8217;l\u00fc kanepe kanepe bulunmaktad\u0131r.<\/td>\n<\/tr>\n<tr>\n<td width=\"190\"><strong>Disassembled Parts<\/strong><\/td>\n<td>The back part is disassembled.<\/td>\n<\/tr>\n<\/tbody>\n<\/table>\n<\/div>\n<\/div>\n<table width=\"481\">\n<tbody>\n<tr>\n<td><\/td>\n<td><strong>Color<\/strong><\/td>\n<td><strong>\u00a0 Size<\/strong><\/td>\n<td><strong>Depth<\/strong><\/td>\n<td><strong>Height<\/strong><\/td>\n<\/tr>\n<tr>\n<td><strong>3-seater sofa bed<\/strong><\/td>\n<td>Optional<\/td>\n<td>\u00a0 178<\/td>\n<td>86<\/td>\n<td>70<\/td>\n<\/tr>\n<tr>\n<td><strong>Sofa Bed<\/strong><\/td>\n<td>Optional<\/td>\n<td>\u00a0 115<\/td>\n<td>86<\/td>\n<td>70<\/td>\n<\/tr>\n<\/tbody>\n<\/table>","protected":false},"excerpt":{"rendered":"<p>Kuma\u015f \u0130\u00e7eri\u011fi Kapitone kuma\u015f kullan\u0131lm\u0131\u015ft\u0131r. Kuma\u015f \u00d6zelli\u011fi Yerli dokuma kuma\u015f kullan\u0131lm\u0131\u015ft\u0131r. Kuma\u015f Bak\u0131m\/Temizlik \u00d6nerisi Silinebilir kuma\u015ft\u0131r. Fonksiyon \u00d6zelli\u011fi Yatakl\u0131d\u0131r. \u0130skelet<\/p>","protected":false},"featured_media":3647,"template":"","meta":{"_joinchat":[]},"pwb-brand":[97],"product_brand":[],"product_cat":[72],"product_tag":[],"berocket_brand":[],"class_list":{"0":"post-3645","1":"product","2":"type-product","3":"status-publish","4":"has-post-thumbnail","6":"pwb-brand-rapsodi","7":"product_cat-koltuk-takimlari","9":"first","10":"instock","11":"shipping-taxable","12":"product-type-simple"},"brands":[{"id":97,"name":"Rapsodi","slug":"rapsodi"}],"_links":{"self":[{"href":"https:\/\/gursomobilya.com\/en\/wp-json\/wp\/v2\/product\/3645","targetHints":{"allow":["GET"]}}],"collection":[{"href":"https:\/\/gursomobilya.com\/en\/wp-json\/wp\/v2\/product"}],"about":[{"href":"https:\/\/gursomobilya.com\/en\/wp-json\/wp\/v2\/types\/product"}],"version-history":[{"count":1,"href":"https:\/\/gursomobilya.com\/en\/wp-json\/wp\/v2\/product\/3645\/revisions"}],"predecessor-version":[{"id":3652,"href":"https:\/\/gursomobilya.com\/en\/wp-json\/wp\/v2\/product\/3645\/revisions\/3652"}],"wp:featuredmedia":[{"embeddable":true,"href":"https:\/\/gursomobilya.com\/en\/wp-json\/wp\/v2\/media\/3647"}],"wp:attachment":[{"href":"https:\/\/gursomobilya.com\/en\/wp-json\/wp\/v2\/media?parent=3645"}],"wp:term":[{"taxonomy":"pwb-brand","embeddable":true,"href":"https:\/\/gursomobilya.com\/en\/wp-json\/wp\/v2\/pwb-brand?post=3645"},{"taxonomy":"product_brand","embeddable":true,"href":"https:\/\/gursomobilya.com\/en\/wp-json\/wp\/v2\/product_brand?post=3645"},{"taxonomy":"product_cat","embeddable":true,"href":"https:\/\/gursomobilya.com\/en\/wp-json\/wp\/v2\/product_cat?post=3645"},{"taxonomy":"product_tag","embeddable":true,"href":"https:\/\/gursomobilya.com\/en\/wp-json\/wp\/v2\/product_tag?post=3645"},{"taxonomy":"berocket_brand","embeddable":true,"href":"https:\/\/gursomobilya.com\/en\/wp-json\/wp\/v2\/berocket_brand?post=3645"}],"curies":[{"name":"wp","href":"https:\/\/api.w.org\/{rel}","templated":true}]}}