{"id":3994,"date":"2025-05-16T14:00:41","date_gmt":"2025-05-16T14:00:41","guid":{"rendered":"https:\/\/gursomobilya.com\/?post_type=product&#038;p=3994"},"modified":"2025-05-26T10:26:11","modified_gmt":"2025-05-26T10:26:11","slug":"pufy-koltuk-takimi","status":"publish","type":"product","link":"https:\/\/gursomobilya.com\/en\/product\/pufy-koltuk-takimi\/","title":{"rendered":"Pufy Koltuk Tak\u0131m\u0131"},"content":{"rendered":"<p>&#8220;Puffy estetik ve do\u011fay\u0131 bir araya getiriyor. \u00d6zenle haz\u0131rlanm\u0131\u015f kuma\u015flar\u0131 ve modern g\u00f6r\u00fcn\u00fcm\u00fc her ya\u015fam alan\u0131na uyum sa\u011fl\u0131yor.&#8221;<\/p>","protected":false},"excerpt":{"rendered":"<p>\u00c7a\u011fda\u015f \u00e7izgileri ve kaliteli yap\u0131s\u0131yla g\u00fcn\u00fcm\u00fcz trendlerini yeniden tan\u0131mlayan Puffy, her oturu\u015fu bir konfor sanat\u0131na d\u00f6n\u00fc\u015ft\u00fcr\u00fcyor.<\/p>","protected":false},"featured_media":3995,"template":"","meta":{"_joinchat":[]},"pwb-brand":[96],"product_brand":[],"product_cat":[72],"product_tag":[],"berocket_brand":[],"class_list":{"0":"post-3994","1":"product","2":"type-product","3":"status-publish","4":"has-post-thumbnail","6":"pwb-brand-selimoglu","7":"product_cat-koltuk-takimlari","9":"first","10":"instock","11":"shipping-taxable","12":"product-type-simple"},"brands":[{"id":96,"name":"Selimo\u011flu","slug":"selimoglu"}],"_links":{"self":[{"href":"https:\/\/gursomobilya.com\/en\/wp-json\/wp\/v2\/product\/3994","targetHints":{"allow":["GET"]}}],"collection":[{"href":"https:\/\/gursomobilya.com\/en\/wp-json\/wp\/v2\/product"}],"about":[{"href":"https:\/\/gursomobilya.com\/en\/wp-json\/wp\/v2\/types\/product"}],"version-history":[{"count":1,"href":"https:\/\/gursomobilya.com\/en\/wp-json\/wp\/v2\/product\/3994\/revisions"}],"predecessor-version":[{"id":3996,"href":"https:\/\/gursomobilya.com\/en\/wp-json\/wp\/v2\/product\/3994\/revisions\/3996"}],"wp:featuredmedia":[{"embeddable":true,"href":"https:\/\/gursomobilya.com\/en\/wp-json\/wp\/v2\/media\/3995"}],"wp:attachment":[{"href":"https:\/\/gursomobilya.com\/en\/wp-json\/wp\/v2\/media?parent=3994"}],"wp:term":[{"taxonomy":"pwb-brand","embeddable":true,"href":"https:\/\/gursomobilya.com\/en\/wp-json\/wp\/v2\/pwb-brand?post=3994"},{"taxonomy":"product_brand","embeddable":true,"href":"https:\/\/gursomobilya.com\/en\/wp-json\/wp\/v2\/product_brand?post=3994"},{"taxonomy":"product_cat","embeddable":true,"href":"https:\/\/gursomobilya.com\/en\/wp-json\/wp\/v2\/product_cat?post=3994"},{"taxonomy":"product_tag","embeddable":true,"href":"https:\/\/gursomobilya.com\/en\/wp-json\/wp\/v2\/product_tag?post=3994"},{"taxonomy":"berocket_brand","embeddable":true,"href":"https:\/\/gursomobilya.com\/en\/wp-json\/wp\/v2\/berocket_brand?post=3994"}],"curies":[{"name":"wp","href":"https:\/\/api.w.org\/{rel}","templated":true}]}}