{"id":3998,"date":"2025-05-21T09:03:39","date_gmt":"2025-05-21T09:03:39","guid":{"rendered":"https:\/\/gursomobilya.com\/?post_type=product&#038;p=3998"},"modified":"2025-05-26T10:27:22","modified_gmt":"2025-05-26T10:27:22","slug":"moon-masa-60cm","status":"publish","type":"product","link":"https:\/\/gursomobilya.com\/en\/product\/moon-masa-60cm\/","title":{"rendered":"Moon Masa 60cm"},"content":{"rendered":"<p>Plastik tabla, \u0131stavroz, ayak ve al\u00fcminyum ayak borusu olarak \u00e7ok komponentten olu\u015fan masa. Malzemeler: UV, Pigment ve Cam Elyafl\u0131 Polipropilen\/Polyamit\/Poliftalamid, ayarlanabilir ayak tapas\u0131, al\u00fcminyum boru ve paslanmaz metal ba\u011flant\u0131 elemanlar\u0131. Plastik y\u00fczeyler mat ve y\u00fcksek a\u015f\u0131nma dayan\u0131ml\u0131 p\u00fct\u00fcrl\u00fc. Metal y\u00fczey \u00f6zel i\u015flem g\u00f6rm\u00fc\u015f parlak, solvent madde i\u00e7ermeyen toz boya. Kayd\u0131rmaz ayak.<\/p>","protected":false},"excerpt":{"rendered":"<p>Zarif silueti ile minimal bir tasar\u0131ma sahip Moon Masa, delikli y\u00fczeyi ile dikkat \u00e7ekiyor. Ekstr\u00fcde al\u00fcminyumdan borunun, d\u00f6rt \u00e7apraz ayak olu\u015fturacak \u015fekilde a\u00e7\u0131larak ayr\u0131lmas\u0131 ile kolayca istiflenebilen Moon masa, hem i\u00e7 hem de d\u0131\u015f mekanda rahatl\u0131kla kullan\u0131labilir. Katlanabilir tablas\u0131 se\u00e7ene\u011fi ile yer kullan\u0131m\u0131nda da minimal tavr\u0131n\u0131 koruyan Moon; kompakt bir \u00e7\u00f6z\u00fcm sunar.<\/p>","protected":false},"featured_media":3999,"template":"","meta":{"_joinchat":[]},"pwb-brand":[99],"product_brand":[],"product_cat":[120],"product_tag":[],"berocket_brand":[],"class_list":{"0":"post-3998","1":"product","2":"type-product","3":"status-publish","4":"has-post-thumbnail","6":"pwb-brand-tilia","7":"product_cat-masa-sandalye","9":"first","10":"instock","11":"shipping-taxable","12":"product-type-simple"},"brands":[{"id":99,"name":"Tilia","slug":"tilia"}],"_links":{"self":[{"href":"https:\/\/gursomobilya.com\/en\/wp-json\/wp\/v2\/product\/3998","targetHints":{"allow":["GET"]}}],"collection":[{"href":"https:\/\/gursomobilya.com\/en\/wp-json\/wp\/v2\/product"}],"about":[{"href":"https:\/\/gursomobilya.com\/en\/wp-json\/wp\/v2\/types\/product"}],"version-history":[{"count":3,"href":"https:\/\/gursomobilya.com\/en\/wp-json\/wp\/v2\/product\/3998\/revisions"}],"predecessor-version":[{"id":4007,"href":"https:\/\/gursomobilya.com\/en\/wp-json\/wp\/v2\/product\/3998\/revisions\/4007"}],"wp:featuredmedia":[{"embeddable":true,"href":"https:\/\/gursomobilya.com\/en\/wp-json\/wp\/v2\/media\/3999"}],"wp:attachment":[{"href":"https:\/\/gursomobilya.com\/en\/wp-json\/wp\/v2\/media?parent=3998"}],"wp:term":[{"taxonomy":"pwb-brand","embeddable":true,"href":"https:\/\/gursomobilya.com\/en\/wp-json\/wp\/v2\/pwb-brand?post=3998"},{"taxonomy":"product_brand","embeddable":true,"href":"https:\/\/gursomobilya.com\/en\/wp-json\/wp\/v2\/product_brand?post=3998"},{"taxonomy":"product_cat","embeddable":true,"href":"https:\/\/gursomobilya.com\/en\/wp-json\/wp\/v2\/product_cat?post=3998"},{"taxonomy":"product_tag","embeddable":true,"href":"https:\/\/gursomobilya.com\/en\/wp-json\/wp\/v2\/product_tag?post=3998"},{"taxonomy":"berocket_brand","embeddable":true,"href":"https:\/\/gursomobilya.com\/en\/wp-json\/wp\/v2\/berocket_brand?post=3998"}],"curies":[{"name":"wp","href":"https:\/\/api.w.org\/{rel}","templated":true}]}}