{"id":4025,"date":"2025-05-21T11:16:24","date_gmt":"2025-05-21T11:16:24","guid":{"rendered":"https:\/\/gursomobilya.com\/?post_type=product&#038;p=4025"},"modified":"2025-05-26T10:36:17","modified_gmt":"2025-05-26T10:36:17","slug":"icon-koltuk-takimi","status":"publish","type":"product","link":"https:\/\/gursomobilya.com\/en\/product\/icon-koltuk-takimi\/","title":{"rendered":"Icon Koltuk Tak\u0131m\u0131"},"content":{"rendered":"<p><strong>\u0130skelet:<\/strong>\u00a0Milimetre hassasiyetinde CNC makinede i\u015flenmi\u015f kontraplak ile \u00fcretilmektedir.<br \/>\n<strong>Kuma\u015f:<\/strong>\u00a0Dokuma kuma\u015f ile \u00fcretilmektedir.<br \/>\n<strong>Oturum:<\/strong>\u00a0Zigzag d\u00f6\u015feme yay\u0131 \u00fczerine 32 DNS s\u00fcnger kullan\u0131lm\u0131\u015ft\u0131r.<br \/>\n<strong>S\u0131rtlar:<\/strong>\u00a025 DNS HYPER blok s\u00fcnger ile yumu\u015fak bir destek hissi sa\u011flar.<br \/>\n<strong>Kasa:<\/strong>\u00a0Ah\u015fap kasa ise MDF \u00fczerine siyah \u00fcst y\u00fczey i\u015flemi yap\u0131lm\u0131\u015ft\u0131r.<br \/>\n<strong>Ayak:<\/strong>\u00a0Metal, antik sar\u0131<br \/>\n<strong>Fonksiyon:<\/strong>\u00a0Mod\u00fcler<br \/>\n<strong>Berjer:<\/strong>\u00a0Demonte<br \/>\n<strong>Kasa ve ayak ba\u011flant\u0131lar\u0131 montaj kolayl\u0131\u011f\u0131 sa\u011flamak amac\u0131yla Metrik civata ile yap\u0131lmaktad\u0131r.<\/strong><\/p>","protected":false},"excerpt":{"rendered":"<p>\u0130skelet:\u00a0Milimetre hassasiyetinde CNC makinede i\u015flenmi\u015f kontraplak ile \u00fcretilmektedir. Kuma\u015f:\u00a0Dokuma kuma\u015f ile \u00fcretilmektedir. Oturum:\u00a0Zigzag d\u00f6\u015feme yay\u0131 \u00fczerine 32 DNS s\u00fcnger kullan\u0131lm\u0131\u015ft\u0131r.<\/p>","protected":false},"featured_media":4026,"template":"","meta":{"_joinchat":[]},"pwb-brand":[102],"product_brand":[],"product_cat":[72],"product_tag":[],"berocket_brand":[],"class_list":{"0":"post-4025","1":"product","2":"type-product","3":"status-publish","4":"has-post-thumbnail","6":"pwb-brand-asoda","7":"product_cat-koltuk-takimlari","9":"first","10":"instock","11":"shipping-taxable","12":"product-type-simple"},"brands":[{"id":102,"name":"Asoda","slug":"asoda"}],"_links":{"self":[{"href":"https:\/\/gursomobilya.com\/en\/wp-json\/wp\/v2\/product\/4025","targetHints":{"allow":["GET"]}}],"collection":[{"href":"https:\/\/gursomobilya.com\/en\/wp-json\/wp\/v2\/product"}],"about":[{"href":"https:\/\/gursomobilya.com\/en\/wp-json\/wp\/v2\/types\/product"}],"version-history":[{"count":1,"href":"https:\/\/gursomobilya.com\/en\/wp-json\/wp\/v2\/product\/4025\/revisions"}],"predecessor-version":[{"id":4034,"href":"https:\/\/gursomobilya.com\/en\/wp-json\/wp\/v2\/product\/4025\/revisions\/4034"}],"wp:featuredmedia":[{"embeddable":true,"href":"https:\/\/gursomobilya.com\/en\/wp-json\/wp\/v2\/media\/4026"}],"wp:attachment":[{"href":"https:\/\/gursomobilya.com\/en\/wp-json\/wp\/v2\/media?parent=4025"}],"wp:term":[{"taxonomy":"pwb-brand","embeddable":true,"href":"https:\/\/gursomobilya.com\/en\/wp-json\/wp\/v2\/pwb-brand?post=4025"},{"taxonomy":"product_brand","embeddable":true,"href":"https:\/\/gursomobilya.com\/en\/wp-json\/wp\/v2\/product_brand?post=4025"},{"taxonomy":"product_cat","embeddable":true,"href":"https:\/\/gursomobilya.com\/en\/wp-json\/wp\/v2\/product_cat?post=4025"},{"taxonomy":"product_tag","embeddable":true,"href":"https:\/\/gursomobilya.com\/en\/wp-json\/wp\/v2\/product_tag?post=4025"},{"taxonomy":"berocket_brand","embeddable":true,"href":"https:\/\/gursomobilya.com\/en\/wp-json\/wp\/v2\/berocket_brand?post=4025"}],"curies":[{"name":"wp","href":"https:\/\/api.w.org\/{rel}","templated":true}]}}