{"id":4035,"date":"2025-05-21T11:50:58","date_gmt":"2025-05-21T11:50:58","guid":{"rendered":"https:\/\/gursomobilya.com\/?post_type=product&#038;p=4035"},"modified":"2025-05-26T10:31:02","modified_gmt":"2025-05-26T10:31:02","slug":"atlantis-koltuk-takimi","status":"publish","type":"product","link":"https:\/\/gursomobilya.com\/en\/product\/atlantis-koltuk-takimi\/","title":{"rendered":"Atlantis Koltuk Tak\u0131m\u0131"},"content":{"rendered":"","protected":false},"excerpt":{"rendered":"<p><strong>\u0130skelet:<\/strong>\u00a0Milimetre hassasiyetinde CNC makinede i\u015flenmi\u015f kontraplak ile \u00fcretilmektedir.<br \/>\n<strong>Kuma\u015f:<\/strong>\u00a0\u015e\u00f6nil Kuma\u015f<br \/>\n<strong>Oturum:<\/strong>\u00a0Zigzag d\u00f6\u015feme yay\u0131 \u00fczerine 32 DNS s\u00fcnger kullan\u0131lm\u0131\u015ft\u0131r.<br \/>\n<strong>S\u0131rtlar:<\/strong>\u00a025 DNS hyper blok s\u00fcnger hem yumu\u015fak bir destek hissi sa\u011flan\u0131r.<br \/>\n<strong>Kasa:<\/strong>Yok<br \/>\n<strong>Ayak:<\/strong>\u00a0Metal, RAL 7022<br \/>\n<strong>Fonksiyon:<\/strong>\u00a0Mod\u00fcler<br \/>\n<strong>Kasa ve ayak ba\u011flant\u0131lar\u0131 montaj kolayl\u0131\u011f\u0131 sa\u011flamak amac\u0131yla Metrik civata ile yap\u0131lmaktad\u0131r.<\/strong><\/p>","protected":false},"featured_media":4036,"template":"","meta":{"_joinchat":[]},"pwb-brand":[102],"product_brand":[],"product_cat":[72],"product_tag":[],"berocket_brand":[],"class_list":{"0":"post-4035","1":"product","2":"type-product","3":"status-publish","4":"has-post-thumbnail","6":"pwb-brand-asoda","7":"product_cat-koltuk-takimlari","9":"first","10":"instock","11":"shipping-taxable","12":"product-type-simple"},"brands":[{"id":102,"name":"Asoda","slug":"asoda"}],"_links":{"self":[{"href":"https:\/\/gursomobilya.com\/en\/wp-json\/wp\/v2\/product\/4035","targetHints":{"allow":["GET"]}}],"collection":[{"href":"https:\/\/gursomobilya.com\/en\/wp-json\/wp\/v2\/product"}],"about":[{"href":"https:\/\/gursomobilya.com\/en\/wp-json\/wp\/v2\/types\/product"}],"version-history":[{"count":1,"href":"https:\/\/gursomobilya.com\/en\/wp-json\/wp\/v2\/product\/4035\/revisions"}],"predecessor-version":[{"id":4042,"href":"https:\/\/gursomobilya.com\/en\/wp-json\/wp\/v2\/product\/4035\/revisions\/4042"}],"wp:featuredmedia":[{"embeddable":true,"href":"https:\/\/gursomobilya.com\/en\/wp-json\/wp\/v2\/media\/4036"}],"wp:attachment":[{"href":"https:\/\/gursomobilya.com\/en\/wp-json\/wp\/v2\/media?parent=4035"}],"wp:term":[{"taxonomy":"pwb-brand","embeddable":true,"href":"https:\/\/gursomobilya.com\/en\/wp-json\/wp\/v2\/pwb-brand?post=4035"},{"taxonomy":"product_brand","embeddable":true,"href":"https:\/\/gursomobilya.com\/en\/wp-json\/wp\/v2\/product_brand?post=4035"},{"taxonomy":"product_cat","embeddable":true,"href":"https:\/\/gursomobilya.com\/en\/wp-json\/wp\/v2\/product_cat?post=4035"},{"taxonomy":"product_tag","embeddable":true,"href":"https:\/\/gursomobilya.com\/en\/wp-json\/wp\/v2\/product_tag?post=4035"},{"taxonomy":"berocket_brand","embeddable":true,"href":"https:\/\/gursomobilya.com\/en\/wp-json\/wp\/v2\/berocket_brand?post=4035"}],"curies":[{"name":"wp","href":"https:\/\/api.w.org\/{rel}","templated":true}]}}