{"id":4043,"date":"2025-05-21T11:53:14","date_gmt":"2025-05-21T11:53:14","guid":{"rendered":"https:\/\/gursomobilya.com\/?post_type=product&#038;p=4043"},"modified":"2025-05-26T10:32:02","modified_gmt":"2025-05-26T10:32:02","slug":"altlantis-yemek-odasi","status":"publish","type":"product","link":"https:\/\/gursomobilya.com\/en\/product\/altlantis-yemek-odasi\/","title":{"rendered":"Altlantis Yemek Odas\u0131"},"content":{"rendered":"","protected":false},"excerpt":{"rendered":"<p><strong>G\u00f6vde:<\/strong>\u00a018 mm Avrupa ceviz suntalam<br \/>\n<strong>Kapak:<\/strong>\u00a018 mm kum beji lak panel mdf<br \/>\n\u00c7ift a\u00e7\u0131l\u0131m teleskopik ray ve pimli tandem ray kullan\u0131lmaktad\u0131r.<br \/>\n<strong>Masa:<\/strong>\u00a0Yuvarlak, sabit<br \/>\n<strong>Sandalye:<\/strong>\u00a0Kay\u0131n a\u011fac\u0131 , mat ceviz boya<br \/>\n<strong>EN71-3 Sertifikas\u0131na sahip mobilya boyas\u0131 \u00fcr\u00fcnlerimiz 3 ya\u015f ve alt\u0131 \u00e7ocuklar\u0131n sa\u011fl\u0131\u011f\u0131 ile uyum sa\u011flar.<\/strong><\/p>","protected":false},"featured_media":4046,"template":"","meta":{"_joinchat":[]},"pwb-brand":[102],"product_brand":[],"product_cat":[28],"product_tag":[],"berocket_brand":[],"class_list":{"0":"post-4043","1":"product","2":"type-product","3":"status-publish","4":"has-post-thumbnail","6":"pwb-brand-asoda","7":"product_cat-yemek-odasi-takimlari","9":"first","10":"instock","11":"shipping-taxable","12":"product-type-simple"},"brands":[{"id":102,"name":"Asoda","slug":"asoda"}],"_links":{"self":[{"href":"https:\/\/gursomobilya.com\/en\/wp-json\/wp\/v2\/product\/4043","targetHints":{"allow":["GET"]}}],"collection":[{"href":"https:\/\/gursomobilya.com\/en\/wp-json\/wp\/v2\/product"}],"about":[{"href":"https:\/\/gursomobilya.com\/en\/wp-json\/wp\/v2\/types\/product"}],"version-history":[{"count":2,"href":"https:\/\/gursomobilya.com\/en\/wp-json\/wp\/v2\/product\/4043\/revisions"}],"predecessor-version":[{"id":4045,"href":"https:\/\/gursomobilya.com\/en\/wp-json\/wp\/v2\/product\/4043\/revisions\/4045"}],"wp:featuredmedia":[{"embeddable":true,"href":"https:\/\/gursomobilya.com\/en\/wp-json\/wp\/v2\/media\/4046"}],"wp:attachment":[{"href":"https:\/\/gursomobilya.com\/en\/wp-json\/wp\/v2\/media?parent=4043"}],"wp:term":[{"taxonomy":"pwb-brand","embeddable":true,"href":"https:\/\/gursomobilya.com\/en\/wp-json\/wp\/v2\/pwb-brand?post=4043"},{"taxonomy":"product_brand","embeddable":true,"href":"https:\/\/gursomobilya.com\/en\/wp-json\/wp\/v2\/product_brand?post=4043"},{"taxonomy":"product_cat","embeddable":true,"href":"https:\/\/gursomobilya.com\/en\/wp-json\/wp\/v2\/product_cat?post=4043"},{"taxonomy":"product_tag","embeddable":true,"href":"https:\/\/gursomobilya.com\/en\/wp-json\/wp\/v2\/product_tag?post=4043"},{"taxonomy":"berocket_brand","embeddable":true,"href":"https:\/\/gursomobilya.com\/en\/wp-json\/wp\/v2\/berocket_brand?post=4043"}],"curies":[{"name":"wp","href":"https:\/\/api.w.org\/{rel}","templated":true}]}}