{"id":4063,"date":"2025-05-22T07:55:29","date_gmt":"2025-05-22T07:55:29","guid":{"rendered":"https:\/\/gursomobilya.com\/?post_type=product&#038;p=4063"},"modified":"2025-05-26T10:32:53","modified_gmt":"2025-05-26T10:32:53","slug":"loren-kose-takimi","status":"publish","type":"product","link":"https:\/\/gursomobilya.com\/en\/product\/loren-kose-takimi\/","title":{"rendered":"Loren K\u00f6\u015fe Tak\u0131m\u0131"},"content":{"rendered":"<table width=\"903\">\n<tbody>\n<tr>\n<td width=\"213\"><strong>Content<\/strong><\/td>\n<td colspan=\"4\" width=\"690\">Tak\u0131m i\u00e7eri\u011finde 3&#8217;l\u00fc corner kanepe, 2&#8217;li corner kanepe ve corner kanepe bulunmaktad\u0131r. \u0130ste\u011fe g\u00f6re mod\u00fcl eklenerek kombinasyon yap\u0131labilmektedir. Eklenebilecek di\u011fer mod\u00fcller a\u015fa\u011f\u0131da yer almaktad\u0131r.<\/td>\n<\/tr>\n<tr>\n<td rowspan=\"2\" width=\"213\"><strong>Corner Direction<\/strong><\/td>\n<td colspan=\"4\" width=\"690\">Right and left directions are determined by looking at the product from the front.<\/td>\n<\/tr>\n<tr>\n<td colspan=\"4\" width=\"690\">When viewed from the front, if the extension module is on the right side, it is called the \"right corner\", and if the extension module is on the left side, it is called the \"left corner\". You can make your right and left corner selections according to this information.<\/td>\n<\/tr>\n<tr>\n<td width=\"213\"><strong>Fabric Feature<\/strong><\/td>\n<td colspan=\"4\" width=\"690\">Locally woven fabric was used.<\/td>\n<\/tr>\n<tr>\n<td width=\"213\"><strong>Fabric Care\/Cleaning Recommendations<\/strong><\/td>\n<td colspan=\"4\" width=\"690\">It is a washable fabric.<\/td>\n<\/tr>\n<tr>\n<td width=\"213\"><strong>Function Feature<\/strong><\/td>\n<td colspan=\"4\" width=\"690\">It has a bed<\/td>\n<\/tr>\n<tr>\n<td width=\"213\"><strong>Skeleton Material<\/strong><\/td>\n<td colspan=\"4\" width=\"690\">Made of steel profile.<\/td>\n<\/tr>\n<tr>\n<td width=\"213\"><strong>Seat Cushion Material<\/strong><\/td>\n<td colspan=\"4\" width=\"690\">32 DNS Hyper sponges were used.<\/td>\n<\/tr>\n<tr>\n<td width=\"213\"><strong>Foot Material<\/strong><\/td>\n<td colspan=\"4\" width=\"690\">The feet are made of metal.<\/td>\n<\/tr>\n<tr>\n<td rowspan=\"2\" width=\"213\"><strong>Additional Information<\/strong><\/td>\n<td colspan=\"4\" width=\"690\">The cushions in the image are included in the price.<\/td>\n<\/tr>\n<tr>\n<td colspan=\"4\" width=\"690\">Fabric and foot colors can be changed upon request.<\/td>\n<\/tr>\n<tr>\n<td width=\"213\"><strong>Disassembled Parts<\/strong><\/td>\n<td colspan=\"4\" width=\"690\">All parts are shipped assembled.<\/td>\n<\/tr>\n<\/tbody>\n<\/table>\n<table width=\"934\">\n<tbody>\n<tr>\n<td width=\"213\"><strong>\u00a0<\/strong><\/td>\n<td width=\"89\"><strong>Color<\/strong><\/td>\n<td width=\"58\"><strong>En<\/strong><\/td>\n<td width=\"64\"><strong>Size<\/strong><\/td>\n<td width=\"479\"><strong>Height<\/strong><\/td>\n<\/tr>\n<tr>\n<td width=\"213\"><strong>3-Seater Corner Sofa<\/strong><\/td>\n<td width=\"89\">Optional<\/td>\n<td width=\"58\">100<\/td>\n<td width=\"64\">207<\/td>\n<td width=\"479\">81<\/td>\n<\/tr>\n<tr>\n<td width=\"213\"><strong>Corner Sofa with 2 Beds<\/strong><\/td>\n<td width=\"89\">Optional<\/td>\n<td width=\"58\">100<\/td>\n<td width=\"64\">163<\/td>\n<td width=\"479\">81<\/td>\n<\/tr>\n<tr>\n<td width=\"213\"><strong>Corner seat<\/strong><\/td>\n<td width=\"89\">Optional<\/td>\n<td width=\"58\">96<\/td>\n<td width=\"64\">96<\/td>\n<td width=\"479\">81<\/td>\n<\/tr>\n<\/tbody>\n<\/table>","protected":false},"excerpt":{"rendered":"<p>Tak\u0131m \u0130\u00e7eri\u011fi Tak\u0131m i\u00e7eri\u011finde 3&#8217;l\u00fc corner kanepe, 2&#8217;li corner kanepe ve corner kanepe bulunmaktad\u0131r. \u0130ste\u011fe g\u00f6re mod\u00fcl eklenerek kombinasyon yap\u0131labilmektedir.<\/p>","protected":false},"featured_media":4064,"template":"","meta":{"_joinchat":[]},"pwb-brand":[97],"product_brand":[],"product_cat":[72],"product_tag":[],"berocket_brand":[],"class_list":{"0":"post-4063","1":"product","2":"type-product","3":"status-publish","4":"has-post-thumbnail","6":"pwb-brand-rapsodi","7":"product_cat-koltuk-takimlari","9":"first","10":"instock","11":"shipping-taxable","12":"product-type-simple"},"brands":[{"id":97,"name":"Rapsodi","slug":"rapsodi"}],"_links":{"self":[{"href":"https:\/\/gursomobilya.com\/en\/wp-json\/wp\/v2\/product\/4063","targetHints":{"allow":["GET"]}}],"collection":[{"href":"https:\/\/gursomobilya.com\/en\/wp-json\/wp\/v2\/product"}],"about":[{"href":"https:\/\/gursomobilya.com\/en\/wp-json\/wp\/v2\/types\/product"}],"version-history":[{"count":2,"href":"https:\/\/gursomobilya.com\/en\/wp-json\/wp\/v2\/product\/4063\/revisions"}],"predecessor-version":[{"id":4070,"href":"https:\/\/gursomobilya.com\/en\/wp-json\/wp\/v2\/product\/4063\/revisions\/4070"}],"wp:featuredmedia":[{"embeddable":true,"href":"https:\/\/gursomobilya.com\/en\/wp-json\/wp\/v2\/media\/4064"}],"wp:attachment":[{"href":"https:\/\/gursomobilya.com\/en\/wp-json\/wp\/v2\/media?parent=4063"}],"wp:term":[{"taxonomy":"pwb-brand","embeddable":true,"href":"https:\/\/gursomobilya.com\/en\/wp-json\/wp\/v2\/pwb-brand?post=4063"},{"taxonomy":"product_brand","embeddable":true,"href":"https:\/\/gursomobilya.com\/en\/wp-json\/wp\/v2\/product_brand?post=4063"},{"taxonomy":"product_cat","embeddable":true,"href":"https:\/\/gursomobilya.com\/en\/wp-json\/wp\/v2\/product_cat?post=4063"},{"taxonomy":"product_tag","embeddable":true,"href":"https:\/\/gursomobilya.com\/en\/wp-json\/wp\/v2\/product_tag?post=4063"},{"taxonomy":"berocket_brand","embeddable":true,"href":"https:\/\/gursomobilya.com\/en\/wp-json\/wp\/v2\/berocket_brand?post=4063"}],"curies":[{"name":"wp","href":"https:\/\/api.w.org\/{rel}","templated":true}]}}