{"id":4071,"date":"2025-05-22T08:13:38","date_gmt":"2025-05-22T08:13:38","guid":{"rendered":"https:\/\/gursomobilya.com\/?post_type=product&#038;p=4071"},"modified":"2025-05-26T10:33:51","modified_gmt":"2025-05-26T10:33:51","slug":"laura-kose-koltuk-takimi","status":"publish","type":"product","link":"https:\/\/gursomobilya.com\/en\/product\/laura-kose-koltuk-takimi\/","title":{"rendered":"Laura K\u00f6\u015fe Koltuk Tak\u0131m\u0131"},"content":{"rendered":"<table width=\"903\">\n<tbody>\n<tr>\n<td width=\"213\"><strong>Content<\/strong><\/td>\n<td colspan=\"4\" width=\"690\">The set includes a 3-seater corner sofa and a long-seated sofa. Combinations can be made by adding modules as desired. Other modules that can be added are listed below.<\/td>\n<\/tr>\n<tr>\n<td rowspan=\"2\" width=\"213\"><strong>Corner Direction<\/strong><\/td>\n<td colspan=\"4\" width=\"690\">Right and left directions are determined by looking at the product from the front.<\/td>\n<\/tr>\n<tr>\n<td colspan=\"4\" width=\"690\">When viewed from the front, if the extension module is on the right side, it is called the \"right corner\", and if the extension module is on the left side, it is called the \"left corner\". You can make your right and left corner selections according to this information.<\/td>\n<\/tr>\n<tr>\n<td width=\"213\"><strong>Fabric Feature<\/strong><\/td>\n<td colspan=\"4\" width=\"690\">Locally woven fabric was used.<\/td>\n<\/tr>\n<tr>\n<td width=\"213\"><strong>Fabric Care\/Cleaning Recommendations<\/strong><\/td>\n<td colspan=\"4\" width=\"690\">It is a washable fabric.<\/td>\n<\/tr>\n<tr>\n<td width=\"213\"><strong>Function Feature<\/strong><\/td>\n<td colspan=\"4\" width=\"690\">It has a bed<\/td>\n<\/tr>\n<tr>\n<td width=\"213\"><strong>Skeleton Material<\/strong><\/td>\n<td colspan=\"4\" width=\"690\">Made of steel profile.<\/td>\n<\/tr>\n<tr>\n<td width=\"213\"><strong>Seat Cushion Material<\/strong><\/td>\n<td colspan=\"4\" width=\"690\">32 DNS Hyper sponges were used.<\/td>\n<\/tr>\n<tr>\n<td width=\"213\"><strong>Foot Material<\/strong><\/td>\n<td colspan=\"4\" width=\"690\">Ayaklar\u00a0fiber malzemedir<\/td>\n<\/tr>\n<tr>\n<td rowspan=\"2\" width=\"213\"><strong>Additional Information<\/strong><\/td>\n<td colspan=\"4\" width=\"690\">The cushions in the image are included in the price.<\/td>\n<\/tr>\n<tr>\n<td colspan=\"4\" width=\"690\">Kuma\u015f renkleri iste\u011fe g\u00f6re de\u011fi\u015ftirebilir.<\/td>\n<\/tr>\n<tr>\n<td width=\"213\"><strong>Disassembled Parts<\/strong><\/td>\n<td colspan=\"4\" width=\"690\">All parts are shipped assembled.<\/td>\n<\/tr>\n<\/tbody>\n<\/table>\n<table width=\"934\">\n<tbody>\n<tr>\n<td width=\"213\"><strong>\u00a0<\/strong><\/td>\n<td width=\"89\"><strong>Color<\/strong><\/td>\n<td width=\"58\"><strong>boy<\/strong><\/td>\n<td width=\"64\"><strong>en<\/strong><\/td>\n<td width=\"479\"><strong>Height<\/strong><\/td>\n<\/tr>\n<tr>\n<td width=\"213\"><strong>3-Seater Corner Sofa<\/strong><\/td>\n<td width=\"89\">Optional<\/td>\n<td width=\"58\">202<\/td>\n<td width=\"64\">95<\/td>\n<td width=\"479\">85<\/td>\n<\/tr>\n<tr>\n<td width=\"213\"><strong>Corner Sofa with 2 Beds<\/strong><\/td>\n<td width=\"89\">Optional<\/td>\n<td width=\"58\">152<\/td>\n<td width=\"64\">95<\/td>\n<td width=\"479\">85<\/td>\n<\/tr>\n<tr>\n<td width=\"213\"><strong>Corner seat<\/strong><\/td>\n<td width=\"89\">Optional<\/td>\n<td width=\"58\">95<\/td>\n<td width=\"64\">95<\/td>\n<td width=\"479\">85<\/td>\n<\/tr>\n<\/tbody>\n<\/table>","protected":false},"excerpt":{"rendered":"<p>Tak\u0131m \u0130\u00e7eri\u011fi Tak\u0131m i\u00e7eri\u011finde 3&#8217;l\u00fc corner kanepe ve uzun oturum kanepe bulunmaktad\u0131r. \u0130ste\u011fe g\u00f6re mod\u00fcl eklenerek kombinasyon yap\u0131labilmektedir. Eklenebilecek di\u011fer<\/p>","protected":false},"featured_media":4072,"template":"","meta":{"_joinchat":[]},"pwb-brand":[97],"product_brand":[],"product_cat":[72],"product_tag":[],"berocket_brand":[],"class_list":{"0":"post-4071","1":"product","2":"type-product","3":"status-publish","4":"has-post-thumbnail","6":"pwb-brand-rapsodi","7":"product_cat-koltuk-takimlari","9":"first","10":"instock","11":"shipping-taxable","12":"product-type-simple"},"brands":[{"id":97,"name":"Rapsodi","slug":"rapsodi"}],"_links":{"self":[{"href":"https:\/\/gursomobilya.com\/en\/wp-json\/wp\/v2\/product\/4071","targetHints":{"allow":["GET"]}}],"collection":[{"href":"https:\/\/gursomobilya.com\/en\/wp-json\/wp\/v2\/product"}],"about":[{"href":"https:\/\/gursomobilya.com\/en\/wp-json\/wp\/v2\/types\/product"}],"version-history":[{"count":1,"href":"https:\/\/gursomobilya.com\/en\/wp-json\/wp\/v2\/product\/4071\/revisions"}],"predecessor-version":[{"id":4077,"href":"https:\/\/gursomobilya.com\/en\/wp-json\/wp\/v2\/product\/4071\/revisions\/4077"}],"wp:featuredmedia":[{"embeddable":true,"href":"https:\/\/gursomobilya.com\/en\/wp-json\/wp\/v2\/media\/4072"}],"wp:attachment":[{"href":"https:\/\/gursomobilya.com\/en\/wp-json\/wp\/v2\/media?parent=4071"}],"wp:term":[{"taxonomy":"pwb-brand","embeddable":true,"href":"https:\/\/gursomobilya.com\/en\/wp-json\/wp\/v2\/pwb-brand?post=4071"},{"taxonomy":"product_brand","embeddable":true,"href":"https:\/\/gursomobilya.com\/en\/wp-json\/wp\/v2\/product_brand?post=4071"},{"taxonomy":"product_cat","embeddable":true,"href":"https:\/\/gursomobilya.com\/en\/wp-json\/wp\/v2\/product_cat?post=4071"},{"taxonomy":"product_tag","embeddable":true,"href":"https:\/\/gursomobilya.com\/en\/wp-json\/wp\/v2\/product_tag?post=4071"},{"taxonomy":"berocket_brand","embeddable":true,"href":"https:\/\/gursomobilya.com\/en\/wp-json\/wp\/v2\/berocket_brand?post=4071"}],"curies":[{"name":"wp","href":"https:\/\/api.w.org\/{rel}","templated":true}]}}