{"id":4170,"date":"2025-05-22T09:42:40","date_gmt":"2025-05-22T09:42:40","guid":{"rendered":"https:\/\/gursomobilya.com\/?post_type=product&#038;p=4170"},"modified":"2025-05-26T10:38:49","modified_gmt":"2025-05-26T10:38:49","slug":"napoli-dark-yemek-odasi-takimi","status":"publish","type":"product","link":"https:\/\/gursomobilya.com\/en\/product\/napoli-dark-yemek-odasi-takimi\/","title":{"rendered":"Napoli Dark Yemek Odas\u0131 Tak\u0131m\u0131"},"content":{"rendered":"<table width=\"869\">\n<tbody>\n<tr>\n<td width=\"193\"><strong>Content<\/strong><\/td>\n<td colspan=\"4\" width=\"566\">1 adet a\u00e7\u0131l\u0131r yemek masas\u0131, 4 adet sandalye, 1 adet konsoldan olu\u015fmaktad\u0131r.<\/td>\n<\/tr>\n<tr>\n<td width=\"193\"><strong>Material<\/strong><\/td>\n<td colspan=\"4\" width=\"566\">It is made of imported melamine coated particle board and wood material.<\/td>\n<\/tr>\n<tr>\n<td width=\"193\"><strong>Table Material<\/strong><\/td>\n<td colspan=\"4\" width=\"566\">Masa \u00fcst k\u0131s\u0131m 1. kalite\u00a0yonga-lam\u00a0malzemeden \u00fcretilmi\u015ftir.<\/td>\n<\/tr>\n<tr>\n<td width=\"193\"><strong>Table Function<\/strong><\/td>\n<td colspan=\"4\" width=\"566\">Opens from the middle<\/td>\n<\/tr>\n<tr>\n<td width=\"193\"><strong>Console Material<\/strong><\/td>\n<td colspan=\"4\" width=\"566\">Konsol g\u00f6vdesi yonga-lam malzemeden \u00fcretilmi\u015ftir. Konsol ayaklar\u0131 a\u011fa\u00e7t\u0131r.<\/td>\n<\/tr>\n<tr>\n<td width=\"193\"><strong>Chair Fabric Feature<\/strong><\/td>\n<td colspan=\"4\" width=\"566\">Yumu\u015fak dokulu kuma\u015f kullan\u0131lm\u0131\u015ft\u0131r.<\/td>\n<\/tr>\n<tr>\n<td width=\"193\"><strong>Sandalye ayak ve Kuma\u015f De\u011fi\u015fikli\u011fi<\/strong><\/td>\n<td colspan=\"4\" width=\"566\">Foot color may vary. 8% price difference is applied for fabric changes.<\/td>\n<\/tr>\n<tr>\n<td rowspan=\"2\" width=\"193\"><strong>Additional Information<\/strong><\/td>\n<td colspan=\"4\" width=\"566\">Sandalye ayaklar\u0131 da a\u011fa\u00e7 malzemedendir.<\/td>\n<\/tr>\n<tr>\n<td colspan=\"4\" width=\"566\">\u00dcr\u00fcn\u00fcm\u00fcz mod\u00fcler olup dile\u011finiz par\u00e7alar\u0131 sat\u0131n alabilme kolayl\u0131\u011f\u0131n\u0131 sunmaktay\u0131z.<\/td>\n<\/tr>\n<tr>\n<td width=\"193\"><strong>\u00a0<\/strong><\/td>\n<td width=\"64\"><strong>Color<\/strong><\/td>\n<td width=\"64\"><strong>Size<\/strong><\/td>\n<td width=\"64\"><strong>Depth<\/strong><\/td>\n<td width=\"374\"><strong>Height<\/strong><\/td>\n<\/tr>\n<tr>\n<td width=\"193\"><strong>Napoli Konsol<\/strong><\/td>\n<td width=\"64\">Standard<\/td>\n<td width=\"64\">203<\/td>\n<td width=\"64\">49<\/td>\n<td width=\"374\">83<\/td>\n<\/tr>\n<tr>\n<td width=\"193\"><strong>Napoli Konsol \u00dcst\u00fc Ayna<\/strong><\/td>\n<td width=\"64\">Standard<\/td>\n<td width=\"64\">183<\/td>\n<td width=\"64\">7<\/td>\n<td width=\"374\">53<\/td>\n<\/tr>\n<tr>\n<td width=\"193\"><strong>Napoli Yemek Masas\u0131<\/strong><\/td>\n<td width=\"64\">Standard<\/td>\n<td width=\"64\">170+40<\/td>\n<td width=\"64\">90<\/td>\n<td width=\"374\">78<\/td>\n<\/tr>\n<\/tbody>\n<\/table>","protected":false},"excerpt":{"rendered":"<p>Tak\u0131m \u0130\u00e7eri\u011fi 1 adet a\u00e7\u0131l\u0131r yemek masas\u0131, 4 adet sandalye, 1 adet konsoldan olu\u015fmaktad\u0131r. Malzeme \u0130thal melamin kapl\u0131 yonga-lam malzemeden<\/p>","protected":false},"featured_media":4172,"template":"","meta":{"_joinchat":[]},"pwb-brand":[97],"product_brand":[],"product_cat":[28],"product_tag":[],"berocket_brand":[],"class_list":{"0":"post-4170","1":"product","2":"type-product","3":"status-publish","4":"has-post-thumbnail","6":"pwb-brand-rapsodi","7":"product_cat-yemek-odasi-takimlari","9":"first","10":"instock","11":"shipping-taxable","12":"product-type-simple"},"brands":[{"id":97,"name":"Rapsodi","slug":"rapsodi"}],"_links":{"self":[{"href":"https:\/\/gursomobilya.com\/en\/wp-json\/wp\/v2\/product\/4170","targetHints":{"allow":["GET"]}}],"collection":[{"href":"https:\/\/gursomobilya.com\/en\/wp-json\/wp\/v2\/product"}],"about":[{"href":"https:\/\/gursomobilya.com\/en\/wp-json\/wp\/v2\/types\/product"}],"version-history":[{"count":3,"href":"https:\/\/gursomobilya.com\/en\/wp-json\/wp\/v2\/product\/4170\/revisions"}],"predecessor-version":[{"id":4178,"href":"https:\/\/gursomobilya.com\/en\/wp-json\/wp\/v2\/product\/4170\/revisions\/4178"}],"wp:featuredmedia":[{"embeddable":true,"href":"https:\/\/gursomobilya.com\/en\/wp-json\/wp\/v2\/media\/4172"}],"wp:attachment":[{"href":"https:\/\/gursomobilya.com\/en\/wp-json\/wp\/v2\/media?parent=4170"}],"wp:term":[{"taxonomy":"pwb-brand","embeddable":true,"href":"https:\/\/gursomobilya.com\/en\/wp-json\/wp\/v2\/pwb-brand?post=4170"},{"taxonomy":"product_brand","embeddable":true,"href":"https:\/\/gursomobilya.com\/en\/wp-json\/wp\/v2\/product_brand?post=4170"},{"taxonomy":"product_cat","embeddable":true,"href":"https:\/\/gursomobilya.com\/en\/wp-json\/wp\/v2\/product_cat?post=4170"},{"taxonomy":"product_tag","embeddable":true,"href":"https:\/\/gursomobilya.com\/en\/wp-json\/wp\/v2\/product_tag?post=4170"},{"taxonomy":"berocket_brand","embeddable":true,"href":"https:\/\/gursomobilya.com\/en\/wp-json\/wp\/v2\/berocket_brand?post=4170"}],"curies":[{"name":"wp","href":"https:\/\/api.w.org\/{rel}","templated":true}]}}