{"id":4187,"date":"2025-05-22T09:59:55","date_gmt":"2025-05-22T09:59:55","guid":{"rendered":"https:\/\/gursomobilya.com\/?post_type=product&#038;p=4187"},"modified":"2026-04-20T20:05:49","modified_gmt":"2026-04-20T20:05:49","slug":"bonita-yemek-odasi-takimi","status":"publish","type":"product","link":"https:\/\/gursomobilya.com\/en\/product\/bonita-yemek-odasi-takimi\/","title":{"rendered":"Bonita Yemek Odas\u0131 Tak\u0131m\u0131"},"content":{"rendered":"<table width=\"760\">\n<tbody>\n<tr>\n<td width=\"190\"><strong>Content<\/strong><\/td>\n<td>It consists of 1 extendable table, 4 chairs and 1 console.<\/td>\n<\/tr>\n<tr>\n<td width=\"190\"><strong>Material<\/strong><\/td>\n<td>Suntalam ve metal malzemeden \u00fcretilmi\u015ftir.<\/td>\n<\/tr>\n<tr>\n<td width=\"190\"><strong>Table Material<\/strong><\/td>\n<td>Masa \u00fcst k\u0131s\u0131m 1. kalite sunta-lam malzemeden \u00fcretilmi\u015ftir.<\/td>\n<\/tr>\n<tr>\n<td width=\"190\"><strong>Table Function<\/strong><\/td>\n<td>Opens from the middle<\/td>\n<\/tr>\n<tr>\n<td width=\"190\"><strong>Console Material<\/strong><\/td>\n<td>Konsol g\u00f6vdesi 1. kalite sunta-lam malzemeden \u00fcretilmi\u015ftir. Konsol ayaklar\u0131 metaldir.<\/td>\n<\/tr>\n<tr>\n<td width=\"190\"><strong>Chair Fabric Feature<\/strong><\/td>\n<td>Soft textured imported knitted fabric is used.<\/td>\n<\/tr>\n<tr>\n<td width=\"190\"><strong>Sandalye Kuma\u015f De\u011fi\u015fikli\u011fi<\/strong><\/td>\n<td>ayak rengi de\u011fi\u015fmemektedir. Kuma\u015f de\u011fi\u015fikli\u011finde %8 fiyat fark\u0131 uygulanmaktad\u0131r.<\/td>\n<\/tr>\n<\/tbody>\n<\/table>\n<table width=\"515\">\n<tbody>\n<tr>\n<td width=\"379\"><\/td>\n<td width=\"68\"><strong>SIZE<\/strong><\/td>\n<td width=\"68\"><strong>WIDTH<\/strong><\/td>\n<td width=\"76\"><strong>HEIGHT<\/strong><\/td>\n<\/tr>\n<tr>\n<td width=\"379\"><strong>BONITA KONSOL<\/strong><\/td>\n<td width=\"68\">200<\/td>\n<td width=\"68\">47<\/td>\n<td width=\"76\">79<\/td>\n<\/tr>\n<tr>\n<td width=\"379\"><strong>BONITA KONSOL \u00dcST\u00dc AYNA TEKL\u0130<\/strong><\/td>\n<td width=\"68\">50<\/td>\n<td width=\"68\">4<\/td>\n<td width=\"76\">100<\/td>\n<\/tr>\n<tr>\n<td width=\"379\"><strong>BONITA YEMEK MASASI<\/strong><\/td>\n<td width=\"68\">170 + 40<\/td>\n<td width=\"68\">90<\/td>\n<td width=\"76\">78<\/td>\n<\/tr>\n<\/tbody>\n<\/table>","protected":false},"excerpt":{"rendered":"<p>Tak\u0131m \u0130\u00e7eri\u011fi 1 adet a\u00e7\u0131l\u0131r masa, 4 adet sandalye, 1 adet konsoldan olu\u015fmaktad\u0131r. Malzeme Suntalam ve metal malzemeden \u00fcretilmi\u015ftir. Masa<\/p>","protected":false},"featured_media":4188,"template":"","meta":{"_joinchat":[]},"pwb-brand":[97],"product_brand":[],"product_cat":[124,28],"product_tag":[],"berocket_brand":[126],"class_list":{"0":"post-4187","1":"product","2":"type-product","3":"status-publish","4":"has-post-thumbnail","6":"pwb-brand-rapsodi","7":"product_cat-ayin-en-populer-urunleri","8":"product_cat-yemek-odasi-takimlari","9":"berocket_brand-rapsodi","11":"first","12":"instock","13":"shipping-taxable","14":"product-type-simple"},"brands":[{"id":97,"name":"Rapsodi","slug":"rapsodi"}],"_links":{"self":[{"href":"https:\/\/gursomobilya.com\/en\/wp-json\/wp\/v2\/product\/4187","targetHints":{"allow":["GET"]}}],"collection":[{"href":"https:\/\/gursomobilya.com\/en\/wp-json\/wp\/v2\/product"}],"about":[{"href":"https:\/\/gursomobilya.com\/en\/wp-json\/wp\/v2\/types\/product"}],"version-history":[{"count":2,"href":"https:\/\/gursomobilya.com\/en\/wp-json\/wp\/v2\/product\/4187\/revisions"}],"predecessor-version":[{"id":4395,"href":"https:\/\/gursomobilya.com\/en\/wp-json\/wp\/v2\/product\/4187\/revisions\/4395"}],"wp:featuredmedia":[{"embeddable":true,"href":"https:\/\/gursomobilya.com\/en\/wp-json\/wp\/v2\/media\/4188"}],"wp:attachment":[{"href":"https:\/\/gursomobilya.com\/en\/wp-json\/wp\/v2\/media?parent=4187"}],"wp:term":[{"taxonomy":"pwb-brand","embeddable":true,"href":"https:\/\/gursomobilya.com\/en\/wp-json\/wp\/v2\/pwb-brand?post=4187"},{"taxonomy":"product_brand","embeddable":true,"href":"https:\/\/gursomobilya.com\/en\/wp-json\/wp\/v2\/product_brand?post=4187"},{"taxonomy":"product_cat","embeddable":true,"href":"https:\/\/gursomobilya.com\/en\/wp-json\/wp\/v2\/product_cat?post=4187"},{"taxonomy":"product_tag","embeddable":true,"href":"https:\/\/gursomobilya.com\/en\/wp-json\/wp\/v2\/product_tag?post=4187"},{"taxonomy":"berocket_brand","embeddable":true,"href":"https:\/\/gursomobilya.com\/en\/wp-json\/wp\/v2\/berocket_brand?post=4187"}],"curies":[{"name":"wp","href":"https:\/\/api.w.org\/{rel}","templated":true}]}}