{"id":4217,"date":"2025-05-22T10:16:35","date_gmt":"2025-05-22T10:16:35","guid":{"rendered":"https:\/\/gursomobilya.com\/?post_type=product&#038;p=4217"},"modified":"2025-05-26T10:43:20","modified_gmt":"2025-05-26T10:43:20","slug":"tunus-yemek-odasi-takimi","status":"publish","type":"product","link":"https:\/\/gursomobilya.com\/en\/product\/tunus-yemek-odasi-takimi\/","title":{"rendered":"Tunus Yemek Odas\u0131 Tak\u0131m\u0131"},"content":{"rendered":"<table width=\"873\">\n<tbody>\n<tr>\n<td width=\"205\"><strong>Content<\/strong><\/td>\n<td colspan=\"4\" width=\"668\">It consists of 1 extendable table, 4 chairs and 1 console.<\/td>\n<\/tr>\n<tr>\n<td width=\"205\"><strong>Material<\/strong><\/td>\n<td colspan=\"4\" width=\"668\">\u00dcr\u00fcn ithal melamin kaplama yonga-lamden olu\u015fmaktad\u0131r.<\/td>\n<\/tr>\n<tr>\n<td width=\"205\"><strong>Table Material<\/strong><\/td>\n<td colspan=\"4\" width=\"668\">Masa \u00fcst k\u0131s\u0131m 1. kalite\u00a0yonga-lam\u00a0malzemeden \u00fcretilmi\u015ftir.<\/td>\n<\/tr>\n<tr>\n<td width=\"205\"><strong>Table Function<\/strong><\/td>\n<td colspan=\"4\" width=\"668\">Ortadan a\u00e7\u0131l\u0131r fonksiyonludur.<\/td>\n<\/tr>\n<tr>\n<td width=\"205\"><strong>Console Material<\/strong><\/td>\n<td colspan=\"4\" width=\"668\">Konsol g\u00f6vdesi 1. kalite yonga-lam ve metal malzemeden \u00fcretilmi\u015ftir.<\/td>\n<\/tr>\n<tr>\n<td width=\"205\"><strong>Chair Fabric Feature<\/strong><\/td>\n<td colspan=\"4\" width=\"668\">Yumu\u015fak dokulu kuma\u015f kullan\u0131lm\u0131\u015ft\u0131r.<\/td>\n<\/tr>\n<tr>\n<td width=\"205\"><strong>Sandalye Kuma\u015f De\u011fi\u015fikli\u011fi<\/strong><\/td>\n<td colspan=\"4\" width=\"668\">Kuma\u015f de\u011fi\u015fikli\u011finde %8 fiyat fark\u0131 uygulanmaktad\u0131r.<\/td>\n<\/tr>\n<tr>\n<td rowspan=\"2\" width=\"205\"><strong>Additional Information<\/strong><\/td>\n<td colspan=\"4\" width=\"668\">\u00dcr\u00fcn\u00fcm\u00fcz\u00fcn konsol kapaklar\u0131 gazl\u0131 fren sistemlidir.<\/td>\n<\/tr>\n<tr>\n<td colspan=\"4\" width=\"668\">\u00dcr\u00fcn\u00fcm\u00fcz mod\u00fcler olup dile\u011finiz par\u00e7alar\u0131 sat\u0131n alabilme kolayl\u0131\u011f\u0131n\u0131 sunmaktay\u0131z.<\/td>\n<\/tr>\n<tr>\n<td width=\"205\"><\/td>\n<td width=\"78\"><strong>Color<\/strong><\/td>\n<td width=\"78\"><strong>Size<\/strong><\/td>\n<td width=\"78\"><strong>Depth<\/strong><\/td>\n<td width=\"434\"><strong>Height<\/strong><\/td>\n<\/tr>\n<tr>\n<td width=\"205\"><strong>Console<\/strong><\/td>\n<td width=\"78\">Standard<\/td>\n<td width=\"78\">\u00a0200<\/td>\n<td width=\"78\">49<\/td>\n<td width=\"434\">80<\/td>\n<\/tr>\n<tr>\n<td width=\"205\"><strong>Konsol \u00dcst Ayna<\/strong><\/td>\n<td width=\"78\">Standard<\/td>\n<td width=\"78\">\u00a086<\/td>\n<td width=\"78\">4<\/td>\n<td width=\"434\">86<\/td>\n<\/tr>\n<tr>\n<td width=\"205\"><strong>A\u00e7\u0131l\u0131r Yemek Masas\u0131<\/strong><\/td>\n<td width=\"78\">Standard<\/td>\n<td width=\"78\">\u00a0170+40<\/td>\n<td width=\"78\">90<\/td>\n<td width=\"434\">78<\/td>\n<\/tr>\n<\/tbody>\n<\/table>","protected":false},"excerpt":{"rendered":"<p>Tak\u0131m \u0130\u00e7eri\u011fi 1 adet a\u00e7\u0131l\u0131r masa, 4 adet sandalye, 1 adet konsoldan olu\u015fmaktad\u0131r. Malzeme \u00dcr\u00fcn ithal melamin kaplama yonga-lamden olu\u015fmaktad\u0131r.<\/p>","protected":false},"featured_media":4218,"template":"","meta":{"_joinchat":[]},"pwb-brand":[97],"product_brand":[],"product_cat":[28],"product_tag":[],"berocket_brand":[],"class_list":{"0":"post-4217","1":"product","2":"type-product","3":"status-publish","4":"has-post-thumbnail","6":"pwb-brand-rapsodi","7":"product_cat-yemek-odasi-takimlari","9":"first","10":"instock","11":"shipping-taxable","12":"product-type-simple"},"brands":[{"id":97,"name":"Rapsodi","slug":"rapsodi"}],"_links":{"self":[{"href":"https:\/\/gursomobilya.com\/en\/wp-json\/wp\/v2\/product\/4217","targetHints":{"allow":["GET"]}}],"collection":[{"href":"https:\/\/gursomobilya.com\/en\/wp-json\/wp\/v2\/product"}],"about":[{"href":"https:\/\/gursomobilya.com\/en\/wp-json\/wp\/v2\/types\/product"}],"version-history":[{"count":1,"href":"https:\/\/gursomobilya.com\/en\/wp-json\/wp\/v2\/product\/4217\/revisions"}],"predecessor-version":[{"id":4223,"href":"https:\/\/gursomobilya.com\/en\/wp-json\/wp\/v2\/product\/4217\/revisions\/4223"}],"wp:featuredmedia":[{"embeddable":true,"href":"https:\/\/gursomobilya.com\/en\/wp-json\/wp\/v2\/media\/4218"}],"wp:attachment":[{"href":"https:\/\/gursomobilya.com\/en\/wp-json\/wp\/v2\/media?parent=4217"}],"wp:term":[{"taxonomy":"pwb-brand","embeddable":true,"href":"https:\/\/gursomobilya.com\/en\/wp-json\/wp\/v2\/pwb-brand?post=4217"},{"taxonomy":"product_brand","embeddable":true,"href":"https:\/\/gursomobilya.com\/en\/wp-json\/wp\/v2\/product_brand?post=4217"},{"taxonomy":"product_cat","embeddable":true,"href":"https:\/\/gursomobilya.com\/en\/wp-json\/wp\/v2\/product_cat?post=4217"},{"taxonomy":"product_tag","embeddable":true,"href":"https:\/\/gursomobilya.com\/en\/wp-json\/wp\/v2\/product_tag?post=4217"},{"taxonomy":"berocket_brand","embeddable":true,"href":"https:\/\/gursomobilya.com\/en\/wp-json\/wp\/v2\/berocket_brand?post=4217"}],"curies":[{"name":"wp","href":"https:\/\/api.w.org\/{rel}","templated":true}]}}