{"id":4233,"date":"2025-05-22T10:27:07","date_gmt":"2025-05-22T10:27:07","guid":{"rendered":"https:\/\/gursomobilya.com\/?post_type=product&#038;p=4233"},"modified":"2025-05-26T10:43:44","modified_gmt":"2025-05-26T10:43:44","slug":"pierro-yemek-odasi-takimi","status":"publish","type":"product","link":"https:\/\/gursomobilya.com\/en\/product\/pierro-yemek-odasi-takimi\/","title":{"rendered":"Pierro Yemek Odas\u0131 Tak\u0131m\u0131"},"content":{"rendered":"<table width=\"760\">\n<tbody>\n<tr>\n<td width=\"190\"><strong>Content<\/strong><\/td>\n<td>It consists of 1 extendable table, 4 chairs and 1 console.<\/td>\n<\/tr>\n<tr>\n<td width=\"190\"><strong>Material<\/strong><\/td>\n<td>Suntalam ve metal malzemeden \u00fcretilmi\u015ftir.<\/td>\n<\/tr>\n<tr>\n<td width=\"190\"><strong>Table Material<\/strong><\/td>\n<td>Masa \u00fcst k\u0131s\u0131m 1. kalite sunta-lam malzemeden \u00fcretilmi\u015ftir.<\/td>\n<\/tr>\n<tr>\n<td width=\"190\"><strong>Table Function<\/strong><\/td>\n<td>Opens from the middle<\/td>\n<\/tr>\n<tr>\n<td width=\"190\"><strong>Console Material<\/strong><\/td>\n<td>Konsol g\u00f6vdesi 1. kalite sunta-lam malzemeden \u00fcretilmi\u015ftir.<\/td>\n<\/tr>\n<tr>\n<td width=\"190\"><strong>Chair Fabric Feature<\/strong><\/td>\n<td>Yumu\u015fak dokulu\u00a0 kuma\u015f kullan\u0131lm\u0131\u015ft\u0131r.<\/td>\n<\/tr>\n<tr>\n<td width=\"190\"><strong>Chair Fabric and Leg Change<\/strong><\/td>\n<td>ayak rengi standartt\u0131r.kuma\u015f de\u011fi\u015fikli\u011finde %8 fiyat fark\u0131 uygulanmaktad\u0131r.<\/td>\n<\/tr>\n<\/tbody>\n<\/table>\n<table width=\"463\">\n<tbody>\n<tr>\n<td width=\"369\"><\/td>\n<td width=\"68\"><strong>SIZE<\/strong><\/td>\n<td width=\"68\"><strong>WIDTH<\/strong><\/td>\n<td width=\"76\"><strong>HEIGHT<\/strong><\/td>\n<\/tr>\n<tr>\n<td width=\"369\"><strong>PIERO KONSOL<\/strong><\/td>\n<td width=\"68\">214<\/td>\n<td width=\"68\">47<\/td>\n<td width=\"76\">83<\/td>\n<\/tr>\n<tr>\n<td width=\"369\"><strong>PIERO AYNA\u00a0<\/strong><\/td>\n<td width=\"68\">72<\/td>\n<td width=\"68\">3<\/td>\n<td width=\"76\">80<\/td>\n<\/tr>\n<tr>\n<td width=\"369\"><strong>PIERO YEMEK MASASI<\/strong><\/td>\n<td width=\"68\">170 + 40<\/td>\n<td width=\"68\">90<\/td>\n<td width=\"76\">78<\/td>\n<\/tr>\n<\/tbody>\n<\/table>","protected":false},"excerpt":{"rendered":"<p>Tak\u0131m \u0130\u00e7eri\u011fi 1 adet a\u00e7\u0131l\u0131r masa, 4 adet sandalye, 1 adet konsoldan olu\u015fmaktad\u0131r. Malzeme Suntalam ve metal malzemeden \u00fcretilmi\u015ftir. Masa<\/p>","protected":false},"featured_media":4234,"template":"","meta":{"_joinchat":[]},"pwb-brand":[97],"product_brand":[],"product_cat":[28],"product_tag":[],"berocket_brand":[],"class_list":{"0":"post-4233","1":"product","2":"type-product","3":"status-publish","4":"has-post-thumbnail","6":"pwb-brand-rapsodi","7":"product_cat-yemek-odasi-takimlari","9":"first","10":"instock","11":"shipping-taxable","12":"product-type-simple"},"brands":[{"id":97,"name":"Rapsodi","slug":"rapsodi"}],"_links":{"self":[{"href":"https:\/\/gursomobilya.com\/en\/wp-json\/wp\/v2\/product\/4233","targetHints":{"allow":["GET"]}}],"collection":[{"href":"https:\/\/gursomobilya.com\/en\/wp-json\/wp\/v2\/product"}],"about":[{"href":"https:\/\/gursomobilya.com\/en\/wp-json\/wp\/v2\/types\/product"}],"version-history":[{"count":2,"href":"https:\/\/gursomobilya.com\/en\/wp-json\/wp\/v2\/product\/4233\/revisions"}],"predecessor-version":[{"id":4240,"href":"https:\/\/gursomobilya.com\/en\/wp-json\/wp\/v2\/product\/4233\/revisions\/4240"}],"wp:featuredmedia":[{"embeddable":true,"href":"https:\/\/gursomobilya.com\/en\/wp-json\/wp\/v2\/media\/4234"}],"wp:attachment":[{"href":"https:\/\/gursomobilya.com\/en\/wp-json\/wp\/v2\/media?parent=4233"}],"wp:term":[{"taxonomy":"pwb-brand","embeddable":true,"href":"https:\/\/gursomobilya.com\/en\/wp-json\/wp\/v2\/pwb-brand?post=4233"},{"taxonomy":"product_brand","embeddable":true,"href":"https:\/\/gursomobilya.com\/en\/wp-json\/wp\/v2\/product_brand?post=4233"},{"taxonomy":"product_cat","embeddable":true,"href":"https:\/\/gursomobilya.com\/en\/wp-json\/wp\/v2\/product_cat?post=4233"},{"taxonomy":"product_tag","embeddable":true,"href":"https:\/\/gursomobilya.com\/en\/wp-json\/wp\/v2\/product_tag?post=4233"},{"taxonomy":"berocket_brand","embeddable":true,"href":"https:\/\/gursomobilya.com\/en\/wp-json\/wp\/v2\/berocket_brand?post=4233"}],"curies":[{"name":"wp","href":"https:\/\/api.w.org\/{rel}","templated":true}]}}