{"id":4241,"date":"2025-05-22T10:31:49","date_gmt":"2025-05-22T10:31:49","guid":{"rendered":"https:\/\/gursomobilya.com\/?post_type=product&#038;p=4241"},"modified":"2025-05-26T10:45:06","modified_gmt":"2025-05-26T10:45:06","slug":"napoli-genc-odasi-takimi","status":"publish","type":"product","link":"https:\/\/gursomobilya.com\/en\/product\/napoli-genc-odasi-takimi\/","title":{"rendered":"Napoli Gen\u00e7 Odas\u0131 Tak\u0131m\u0131"},"content":{"rendered":"<div class=\"customTitle\">\n<table width=\"608\">\n<tbody>\n<tr>\n<td width=\"190\"><strong>Content<\/strong><\/td>\n<td>1 adet 100&#215;200 karyola, 1 adet komodin, 1 adet \u00e7al\u0131\u015fma masas\u0131 ve 1 adet \u00fc\u00e7l\u00fc gardroptan olu\u015fmaktad\u0131r.<\/td>\n<\/tr>\n<tr>\n<td width=\"190\"><strong>Material<\/strong><\/td>\n<td>Suntalam ve a\u011fa\u00e7 malzemeden \u00fcretilmi\u015ftir.<\/td>\n<\/tr>\n<tr>\n<td width=\"190\"><strong>Foot Material<\/strong><\/td>\n<td>A\u011fa\u00e7<\/td>\n<\/tr>\n<tr>\n<td width=\"190\"><strong>Karyola \u00c7er\u00e7eve Malzemesi<\/strong><\/td>\n<td>Suntalam \u00fczer kuma\u015f i\u015flemedir<\/td>\n<\/tr>\n<tr>\n<td width=\"190\"><strong>Yatak \u00d6l\u00e7\u00fcs\u00fc<\/strong><\/td>\n<td>100X200<\/td>\n<\/tr>\n<tr>\n<td width=\"190\"><strong>Gardrop Malzemesi<\/strong><\/td>\n<td>G\u00f6vde, 1. kalite yonga-lam malzemedir.<\/td>\n<\/tr>\n<tr>\n<td width=\"190\"><strong>Gardrop Kapak Fonksiyon<\/strong><\/td>\n<td>\u00dcr\u00fcn\u00fcm\u00fcz\u00fcn gardrop kapaklar\u0131 gazl\u0131 fren sistemi mevcut olup \u00e7ekmeceler de de stoplu ray sistemi kullan\u0131lm\u0131\u015ft\u0131r.<\/td>\n<\/tr>\n<tr>\n<td width=\"190\"><strong>Nightstand Material<\/strong><\/td>\n<td>G\u00f6vde, 1. kaliteyonga-lam malzeme<\/td>\n<\/tr>\n<tr>\n<td width=\"190\"><strong>Base Function<\/strong><\/td>\n<td>Bazal\u0131 karyola se\u00e7ene\u011fi mevcuttur.<\/td>\n<\/tr>\n<tr>\n<td width=\"190\"><strong>Additional Information<\/strong><\/td>\n<td>T\u00fcm \u00fcr\u00fcnler mod\u00fcler olup tak\u0131m i\u00e7erisine eklenip \u00e7\u0131kart\u0131labilir.<\/td>\n<\/tr>\n<\/tbody>\n<\/table>\n<\/div>\n<table width=\"655\">\n<tbody>\n<tr>\n<td width=\"435\"><\/td>\n<td width=\"63\"><strong>Color<\/strong><\/td>\n<td width=\"63\"><strong>\u00a0 \u00a0Size<\/strong><\/td>\n<td width=\"63\"><strong>\u00a0Depth<\/strong><\/td>\n<td width=\"66\"><strong>Height<\/strong><\/td>\n<\/tr>\n<tr>\n<td width=\"435\"><strong>Tek Ki\u015filik Karyola\u00a0<\/strong><\/td>\n<td width=\"63\">Standard<\/td>\n<td width=\"63\">\u00a0 \u00a0122<\/td>\n<td width=\"63\">\u00a0217<\/td>\n<td width=\"66\">100<\/td>\n<\/tr>\n<tr>\n<td width=\"435\"><strong>Tek Ki\u015filik.Bazal\u0131 Karyola\u00a0<\/strong><\/td>\n<td width=\"63\">Standard<\/td>\n<td width=\"63\">\u00a0 \u00a0122<\/td>\n<td width=\"63\">\u00a0217<\/td>\n<td width=\"66\">100<\/td>\n<\/tr>\n<tr>\n<td width=\"435\"><strong>Nightstand<\/strong><\/td>\n<td width=\"63\">Standard<\/td>\n<td width=\"63\">\u00a0 \u00a065<\/td>\n<td width=\"63\">\u00a050<\/td>\n<td width=\"66\">38<\/td>\n<\/tr>\n<tr>\n<td width=\"435\"><strong>\u00c7al\u0131\u015fma masas\u0131<\/strong><\/td>\n<td width=\"63\">Standard<\/td>\n<td width=\"63\">\u00a0 \u00a0130<\/td>\n<td width=\"63\">\u00a055<\/td>\n<td width=\"66\">78<\/td>\n<\/tr>\n<tr>\n<td width=\"435\"><strong>3\u2019l\u00fc Gardrop<\/strong><\/td>\n<td width=\"63\">Standard<\/td>\n<td width=\"63\">\u00a0 \u00a0151<\/td>\n<td width=\"63\">\u00a066<\/td>\n<td width=\"66\">215<\/td>\n<\/tr>\n<tr>\n<td width=\"435\"><strong>Y\u00fcksek \u015fifonyer<\/strong><\/td>\n<td width=\"63\">Standard<\/td>\n<td width=\"63\">\u00a0 \u00a0 60<\/td>\n<td width=\"63\">\u00a049<\/td>\n<td width=\"66\">95<\/td>\n<\/tr>\n<\/tbody>\n<\/table>","protected":false},"excerpt":{"rendered":"<p>Tak\u0131m \u0130\u00e7eri\u011fi 1 adet 100&#215;200 karyola, 1 adet komodin, 1 adet \u00e7al\u0131\u015fma masas\u0131 ve 1 adet \u00fc\u00e7l\u00fc gardroptan olu\u015fmaktad\u0131r. Malzeme<\/p>","protected":false},"featured_media":4242,"template":"","meta":{"_joinchat":[]},"pwb-brand":[97],"product_brand":[],"product_cat":[122],"product_tag":[],"berocket_brand":[],"class_list":{"0":"post-4241","1":"product","2":"type-product","3":"status-publish","4":"has-post-thumbnail","6":"pwb-brand-rapsodi","7":"product_cat-genc-odasi-takimlari","9":"first","10":"instock","11":"shipping-taxable","12":"product-type-simple"},"brands":[{"id":97,"name":"Rapsodi","slug":"rapsodi"}],"_links":{"self":[{"href":"https:\/\/gursomobilya.com\/en\/wp-json\/wp\/v2\/product\/4241","targetHints":{"allow":["GET"]}}],"collection":[{"href":"https:\/\/gursomobilya.com\/en\/wp-json\/wp\/v2\/product"}],"about":[{"href":"https:\/\/gursomobilya.com\/en\/wp-json\/wp\/v2\/types\/product"}],"version-history":[{"count":2,"href":"https:\/\/gursomobilya.com\/en\/wp-json\/wp\/v2\/product\/4241\/revisions"}],"predecessor-version":[{"id":4396,"href":"https:\/\/gursomobilya.com\/en\/wp-json\/wp\/v2\/product\/4241\/revisions\/4396"}],"wp:featuredmedia":[{"embeddable":true,"href":"https:\/\/gursomobilya.com\/en\/wp-json\/wp\/v2\/media\/4242"}],"wp:attachment":[{"href":"https:\/\/gursomobilya.com\/en\/wp-json\/wp\/v2\/media?parent=4241"}],"wp:term":[{"taxonomy":"pwb-brand","embeddable":true,"href":"https:\/\/gursomobilya.com\/en\/wp-json\/wp\/v2\/pwb-brand?post=4241"},{"taxonomy":"product_brand","embeddable":true,"href":"https:\/\/gursomobilya.com\/en\/wp-json\/wp\/v2\/product_brand?post=4241"},{"taxonomy":"product_cat","embeddable":true,"href":"https:\/\/gursomobilya.com\/en\/wp-json\/wp\/v2\/product_cat?post=4241"},{"taxonomy":"product_tag","embeddable":true,"href":"https:\/\/gursomobilya.com\/en\/wp-json\/wp\/v2\/product_tag?post=4241"},{"taxonomy":"berocket_brand","embeddable":true,"href":"https:\/\/gursomobilya.com\/en\/wp-json\/wp\/v2\/berocket_brand?post=4241"}],"curies":[{"name":"wp","href":"https:\/\/api.w.org\/{rel}","templated":true}]}}