{"id":4292,"date":"2025-05-22T11:20:21","date_gmt":"2025-05-22T11:20:21","guid":{"rendered":"https:\/\/gursomobilya.com\/?post_type=product&#038;p=4292"},"modified":"2025-05-26T10:48:19","modified_gmt":"2025-05-26T10:48:19","slug":"napoli-dark-yatak-odasi-takimi","status":"publish","type":"product","link":"https:\/\/gursomobilya.com\/en\/product\/napoli-dark-yatak-odasi-takimi\/","title":{"rendered":"Napoli Dark Yatak Odas\u0131 Tak\u0131m\u0131"},"content":{"rendered":"<table width=\"1062\">\n<tbody>\n<tr>\n<td width=\"198\"><strong>Content<\/strong><\/td>\n<td width=\"1037\">1 adet s\u00fcrg\u00fcl\u00fc gardrop, 1 adet karyola (G\u00f6vde ve Ba\u015fl\u0131k Dahil), 1 adet aynal\u0131 \u015fifonyer, 2 adet komodinden olu\u015fmaktad\u0131r.<\/td>\n<\/tr>\n<tr>\n<td width=\"198\"><strong>Bed Material<\/strong><\/td>\n<td width=\"1037\">It is made of imported melamine coated particle board and wood material.<\/td>\n<\/tr>\n<tr>\n<td width=\"198\"><strong>Lighting Feature<\/strong><\/td>\n<td width=\"1037\">There is no lighting feature.<\/td>\n<\/tr>\n<tr>\n<td width=\"198\"><strong>Nightstand Material<\/strong><\/td>\n<td width=\"1037\">It is made of imported melamine coated particle board and wood material.<\/td>\n<\/tr>\n<tr>\n<td width=\"198\"><strong>Dresser Material<\/strong><\/td>\n<td width=\"1037\">It is made of imported melamine coated particle board and wood material.<\/td>\n<\/tr>\n<tr>\n<td width=\"198\"><strong>Top Surface Material<\/strong><\/td>\n<td width=\"1037\">Made of MDF and particle-lam material.<\/td>\n<\/tr>\n<tr>\n<td width=\"198\"><strong>Foot Material<\/strong><\/td>\n<td width=\"1037\">Yonga-lam<\/td>\n<\/tr>\n<tr>\n<td width=\"198\"><strong>Wood Care<\/strong><\/td>\n<td width=\"1037\">You can clean your furniture by wiping it with a damp cloth. Protect it from direct sunlight. Avoid prolonged contact with hot surfaces and water.<\/td>\n<\/tr>\n<tr>\n<td width=\"198\"><strong>Disassembled Parts<\/strong><\/td>\n<td width=\"1037\">All parts are shipped disassembled.<\/td>\n<\/tr>\n<tr>\n<td width=\"198\"><strong>Additional Information<\/strong><\/td>\n<td width=\"1037\">There are production options for the bedstead with or without a base. The height of the bedstead does not change in the options with or without a base.<\/td>\n<\/tr>\n<\/tbody>\n<\/table>\n<table width=\"454\">\n<tbody>\n<tr>\n<td width=\"170\"><\/td>\n<td width=\"62\"><strong>Color<\/strong><\/td>\n<td width=\"32\"><strong>Size<\/strong><\/td>\n<td width=\"55\"><strong>Depth<\/strong><\/td>\n<td width=\"67\"><strong>Height<\/strong><\/td>\n<\/tr>\n<tr>\n<td width=\"170\"><strong>Nightstand<\/strong><\/td>\n<td width=\"62\">Standard<\/td>\n<td width=\"32\">60<\/td>\n<td width=\"55\">49<\/td>\n<td width=\"67\">50<\/td>\n<\/tr>\n<tr>\n<td width=\"170\"><strong>Double Bedstead<\/strong><\/td>\n<td width=\"62\">Standard<\/td>\n<td width=\"32\">183<\/td>\n<td width=\"55\">220<\/td>\n<td width=\"67\">120<\/td>\n<\/tr>\n<tr>\n<td width=\"170\"><strong>Dresser<\/strong><\/td>\n<td width=\"62\">Standard<\/td>\n<td width=\"32\">111<\/td>\n<td width=\"55\">49<\/td>\n<td width=\"67\">150<\/td>\n<\/tr>\n<tr>\n<td width=\"170\"><strong>Single Wardrobe<\/strong><\/td>\n<td width=\"62\">Standard<\/td>\n<td width=\"32\">45<\/td>\n<td width=\"55\">70<\/td>\n<td width=\"67\">215<\/td>\n<\/tr>\n<tr>\n<td width=\"170\"><strong>Sliding Wardrobe<\/strong><\/td>\n<td width=\"62\">Standard<\/td>\n<td width=\"32\">220<\/td>\n<td width=\"55\">70<\/td>\n<td width=\"67\">215<\/td>\n<\/tr>\n<tr>\n<td width=\"170\"><strong>Double Bed Base<\/strong><\/td>\n<td width=\"62\">Standard<\/td>\n<td width=\"32\">183<\/td>\n<td width=\"55\">220<\/td>\n<td width=\"67\">120<\/td>\n<\/tr>\n<\/tbody>\n<\/table>","protected":false},"excerpt":{"rendered":"<p>Tak\u0131m \u0130\u00e7eri\u011fi 1 adet s\u00fcrg\u00fcl\u00fc gardrop, 1 adet karyola (G\u00f6vde ve Ba\u015fl\u0131k Dahil), 1 adet aynal\u0131 \u015fifonyer, 2 adet komodinden<\/p>","protected":false},"featured_media":4293,"template":"","meta":{"_joinchat":[]},"pwb-brand":[97],"product_brand":[],"product_cat":[74],"product_tag":[],"berocket_brand":[],"class_list":{"0":"post-4292","1":"product","2":"type-product","3":"status-publish","4":"has-post-thumbnail","6":"pwb-brand-rapsodi","7":"product_cat-yatak-odasi-takimlari","9":"first","10":"instock","11":"shipping-taxable","12":"product-type-simple"},"brands":[{"id":97,"name":"Rapsodi","slug":"rapsodi"}],"_links":{"self":[{"href":"https:\/\/gursomobilya.com\/en\/wp-json\/wp\/v2\/product\/4292","targetHints":{"allow":["GET"]}}],"collection":[{"href":"https:\/\/gursomobilya.com\/en\/wp-json\/wp\/v2\/product"}],"about":[{"href":"https:\/\/gursomobilya.com\/en\/wp-json\/wp\/v2\/types\/product"}],"version-history":[{"count":1,"href":"https:\/\/gursomobilya.com\/en\/wp-json\/wp\/v2\/product\/4292\/revisions"}],"predecessor-version":[{"id":4299,"href":"https:\/\/gursomobilya.com\/en\/wp-json\/wp\/v2\/product\/4292\/revisions\/4299"}],"wp:featuredmedia":[{"embeddable":true,"href":"https:\/\/gursomobilya.com\/en\/wp-json\/wp\/v2\/media\/4293"}],"wp:attachment":[{"href":"https:\/\/gursomobilya.com\/en\/wp-json\/wp\/v2\/media?parent=4292"}],"wp:term":[{"taxonomy":"pwb-brand","embeddable":true,"href":"https:\/\/gursomobilya.com\/en\/wp-json\/wp\/v2\/pwb-brand?post=4292"},{"taxonomy":"product_brand","embeddable":true,"href":"https:\/\/gursomobilya.com\/en\/wp-json\/wp\/v2\/product_brand?post=4292"},{"taxonomy":"product_cat","embeddable":true,"href":"https:\/\/gursomobilya.com\/en\/wp-json\/wp\/v2\/product_cat?post=4292"},{"taxonomy":"product_tag","embeddable":true,"href":"https:\/\/gursomobilya.com\/en\/wp-json\/wp\/v2\/product_tag?post=4292"},{"taxonomy":"berocket_brand","embeddable":true,"href":"https:\/\/gursomobilya.com\/en\/wp-json\/wp\/v2\/berocket_brand?post=4292"}],"curies":[{"name":"wp","href":"https:\/\/api.w.org\/{rel}","templated":true}]}}