{"id":4300,"date":"2025-05-22T11:27:18","date_gmt":"2025-05-22T11:27:18","guid":{"rendered":"https:\/\/gursomobilya.com\/?post_type=product&#038;p=4300"},"modified":"2025-05-26T10:48:36","modified_gmt":"2025-05-26T10:48:36","slug":"olivia-yatak-odasi-takimi","status":"publish","type":"product","link":"https:\/\/gursomobilya.com\/en\/product\/olivia-yatak-odasi-takimi\/","title":{"rendered":"Olivia Yatak Odas\u0131 Tak\u0131m\u0131"},"content":{"rendered":"<table width=\"0\">\n<tbody>\n<tr>\n<td width=\"190\"><strong>Content<\/strong><\/td>\n<td>1 adet 4&#8217;l\u00fc aynal\u0131 gardrop, 1adet tekli gardrop, 1 adet karyola (G\u00f6vde ve Ba\u015fl\u0131k Dahil), 1 adet \u015fifonyer ve \u015fifonyer aynas\u0131, 2 adet komodinden olu\u015fmaktad\u0131r.<\/td>\n<\/tr>\n<tr>\n<td width=\"190\"><strong>Bed Material<\/strong><\/td>\n<td>Suntalam malzemeden \u00fcretilmi\u015ftir.<\/td>\n<\/tr>\n<tr>\n<td width=\"190\"><strong>Lighting Feature<\/strong><\/td>\n<td>Dolap\u00a0i\u00e7erisinde sens\u00f6rl\u00fc led ayd\u0131nlatmalar mevcuttur.<\/td>\n<\/tr>\n<tr>\n<td width=\"190\"><strong>Gardrop Kapak Fonksiyon<\/strong><\/td>\n<td>Gardrop kapaklar\u0131nda gazl\u0131 fren sistemi mevcuttur.<\/td>\n<\/tr>\n<tr>\n<td width=\"190\"><strong>Nightstand Material<\/strong><\/td>\n<td>Suntalam malzemeden \u00fcretilmi\u015ftir.<\/td>\n<\/tr>\n<tr>\n<td width=\"190\"><strong>Dresser Material<\/strong><\/td>\n<td>Suntalam malzemeden \u00fcretilmi\u015ftir.<\/td>\n<\/tr>\n<tr>\n<td width=\"190\"><strong>Top Surface Material<\/strong><\/td>\n<td>\u00dcst y\u00fczeyler suntalam \u00fczeri lake beyaz kaplamad\u0131r.<\/td>\n<\/tr>\n<tr>\n<td width=\"190\"><strong>Drawer Mechanism<\/strong><\/td>\n<td>\u00c7ekmecelerde\u00a0teleskopik rayl\u0131 sistem kullan\u0131lm\u0131\u015ft\u0131r.<\/td>\n<\/tr>\n<tr>\n<td width=\"190\"><strong>Wood Care<\/strong><\/td>\n<td>You can clean your furniture by wiping it with a damp cloth. Protect it from direct sunlight. Avoid prolonged contact with hot surfaces and water.<\/td>\n<\/tr>\n<tr>\n<td width=\"190\"><strong>Additional Information<\/strong><\/td>\n<td>Tak\u0131m i\u00e7erisindeki t\u00fcm par\u00e7alar mod\u00fcler olup, iste\u011fe g\u00f6re ekleyip \u00e7\u0131kart\u0131labilir.<br \/>\nGardrop kapaklar\u0131nda aynal\u0131 veya caml\u0131 olmak \u00fczere se\u00e7enekler mevcuttur.<br \/>\nGardrop kapak say\u0131s\u0131 4&#8217;l\u00fc gardrop, ikili gardrop ve tekli gardroplar\u0131n adedi art\u0131r\u0131larak geni\u015fletilebilir.<br \/>\nKaryola da bazal\u0131 ve bazas\u0131z se\u00e7im yap\u0131labilir.<\/td>\n<\/tr>\n<tr>\n<td width=\"190\"><strong>Disassembled Parts<\/strong><\/td>\n<td>All parts are shipped disassembled.<\/td>\n<\/tr>\n<\/tbody>\n<\/table>\n<table width=\"652\">\n<tbody>\n<tr>\n<td width=\"191\"><\/td>\n<td width=\"83\"><strong>\u00a0 Color<\/strong><\/td>\n<td width=\"54\"><strong>\u00a0 \u00a0Size<\/strong><\/td>\n<td width=\"87\"><strong>\u00a0 Height<\/strong><\/td>\n<td width=\"237\"><strong>\u00a0 \u00a0Depth<\/strong><\/td>\n<\/tr>\n<tr>\n<td width=\"191\"><strong>Nightstand<\/strong><\/td>\n<td width=\"83\">\u00a0 Standard<\/td>\n<td width=\"54\">\u00a0 \u00a060<\/td>\n<td width=\"87\">\u00a0 37<\/td>\n<td width=\"237\">\u00a0 \u00a045<\/td>\n<\/tr>\n<tr>\n<td width=\"191\"><strong>Double Bedstead<\/strong><\/td>\n<td width=\"83\">\u00a0 Standard<\/td>\n<td width=\"54\">\u00a0 \u00a0175<\/td>\n<td width=\"87\">\u00a0 120<\/td>\n<td width=\"237\">\u00a0 \u00a0210<\/td>\n<\/tr>\n<tr>\n<td width=\"191\"><strong>Dresser<\/strong><\/td>\n<td width=\"83\">\u00a0 Standard<\/td>\n<td width=\"54\">\u00a0 \u00a0136<\/td>\n<td width=\"87\">\u00a0 79<\/td>\n<td width=\"237\">\u00a0 \u00a045<\/td>\n<\/tr>\n<tr>\n<td width=\"191\"><strong>Dresser Mirror<\/strong><\/td>\n<td width=\"83\">\u00a0 Standard<\/td>\n<td width=\"54\">\u00a0 \u00a085<\/td>\n<td width=\"87\">\u00a0 85<\/td>\n<td width=\"237\">\u00a0 \u00a02<\/td>\n<\/tr>\n<tr>\n<td width=\"191\"><strong>4-Glass Wardrobe<\/strong><\/td>\n<td width=\"83\">\u00a0 Standard<\/td>\n<td width=\"54\">\u00a0 \u00a0178<\/td>\n<td width=\"87\">\u00a0 216<\/td>\n<td width=\"237\">\u00a0 \u00a060 (\u00fcst tabla \u00f6l\u00e7\u00fcs\u00fc 74 cm)<\/td>\n<\/tr>\n<tr>\n<td width=\"191\"><strong>4-Piece Mirrored Wardrobe<\/strong><\/td>\n<td width=\"83\">\u00a0 Standard<\/td>\n<td width=\"54\">\u00a0 \u00a0178<\/td>\n<td width=\"87\">\u00a0 216<\/td>\n<td width=\"237\">\u00a0 \u00a060\u00a0(\u00fcst tabla \u00f6l\u00e7\u00fcs\u00fc 74 cm)<\/td>\n<\/tr>\n<tr>\n<td width=\"191\"><strong>Single Wardrobe<\/strong><\/td>\n<td width=\"83\">\u00a0 Standard<\/td>\n<td width=\"54\">\u00a0 \u00a045<\/td>\n<td width=\"87\">\u00a0 224<\/td>\n<td width=\"237\">\u00a0 \u00a074<\/td>\n<\/tr>\n<tr>\n<td width=\"191\"><strong>Double Bed Base<\/strong><\/td>\n<td width=\"83\">\u00a0 Standard<\/td>\n<td width=\"54\">\u00a0 \u00a0175<\/td>\n<td width=\"87\">\u00a0 120<\/td>\n<td width=\"237\">\u00a0 \u00a0210<\/td>\n<\/tr>\n<tr>\n<td width=\"191\"><strong>2&#8217;li Gardrop<\/strong><\/td>\n<td width=\"83\">\u00a0 Standard<\/td>\n<td width=\"54\">\u00a0 \u00a090<\/td>\n<td width=\"87\">\u00a0 224<\/td>\n<td width=\"237\">\u00a0 \u00a074<\/td>\n<\/tr>\n<\/tbody>\n<\/table>","protected":false},"excerpt":{"rendered":"<p>Tak\u0131m \u0130\u00e7eri\u011fi 1 adet 4&#8217;l\u00fc aynal\u0131 gardrop, 1adet tekli gardrop, 1 adet karyola (G\u00f6vde ve Ba\u015fl\u0131k Dahil), 1 adet \u015fifonyer<\/p>","protected":false},"featured_media":4301,"template":"","meta":{"_joinchat":[]},"pwb-brand":[97],"product_brand":[],"product_cat":[74],"product_tag":[],"berocket_brand":[],"class_list":{"0":"post-4300","1":"product","2":"type-product","3":"status-publish","4":"has-post-thumbnail","6":"pwb-brand-rapsodi","7":"product_cat-yatak-odasi-takimlari","9":"first","10":"instock","11":"shipping-taxable","12":"product-type-simple"},"brands":[{"id":97,"name":"Rapsodi","slug":"rapsodi"}],"_links":{"self":[{"href":"https:\/\/gursomobilya.com\/en\/wp-json\/wp\/v2\/product\/4300","targetHints":{"allow":["GET"]}}],"collection":[{"href":"https:\/\/gursomobilya.com\/en\/wp-json\/wp\/v2\/product"}],"about":[{"href":"https:\/\/gursomobilya.com\/en\/wp-json\/wp\/v2\/types\/product"}],"version-history":[{"count":1,"href":"https:\/\/gursomobilya.com\/en\/wp-json\/wp\/v2\/product\/4300\/revisions"}],"predecessor-version":[{"id":4306,"href":"https:\/\/gursomobilya.com\/en\/wp-json\/wp\/v2\/product\/4300\/revisions\/4306"}],"wp:featuredmedia":[{"embeddable":true,"href":"https:\/\/gursomobilya.com\/en\/wp-json\/wp\/v2\/media\/4301"}],"wp:attachment":[{"href":"https:\/\/gursomobilya.com\/en\/wp-json\/wp\/v2\/media?parent=4300"}],"wp:term":[{"taxonomy":"pwb-brand","embeddable":true,"href":"https:\/\/gursomobilya.com\/en\/wp-json\/wp\/v2\/pwb-brand?post=4300"},{"taxonomy":"product_brand","embeddable":true,"href":"https:\/\/gursomobilya.com\/en\/wp-json\/wp\/v2\/product_brand?post=4300"},{"taxonomy":"product_cat","embeddable":true,"href":"https:\/\/gursomobilya.com\/en\/wp-json\/wp\/v2\/product_cat?post=4300"},{"taxonomy":"product_tag","embeddable":true,"href":"https:\/\/gursomobilya.com\/en\/wp-json\/wp\/v2\/product_tag?post=4300"},{"taxonomy":"berocket_brand","embeddable":true,"href":"https:\/\/gursomobilya.com\/en\/wp-json\/wp\/v2\/berocket_brand?post=4300"}],"curies":[{"name":"wp","href":"https:\/\/api.w.org\/{rel}","templated":true}]}}