{"id":4321,"date":"2025-05-22T12:34:19","date_gmt":"2025-05-22T12:34:19","guid":{"rendered":"https:\/\/gursomobilya.com\/?post_type=product&#038;p=4321"},"modified":"2025-05-26T10:49:34","modified_gmt":"2025-05-26T10:49:34","slug":"stella-yatak-odasi-takimi","status":"publish","type":"product","link":"https:\/\/gursomobilya.com\/en\/product\/stella-yatak-odasi-takimi\/","title":{"rendered":"Stella Yatak Odas\u0131 Tak\u0131m\u0131"},"content":{"rendered":"<table width=\"903\">\n<tbody>\n<tr>\n<td width=\"206\"><strong>Content<\/strong><\/td>\n<td colspan=\"4\" width=\"697\">It consists of 1 wardrobe, 1 bedstead (including body and headboard), 1 dresser and dresser mirror, 2 nightstands.<\/td>\n<\/tr>\n<tr>\n<td width=\"206\"><strong>Bed Material<\/strong><\/td>\n<td colspan=\"4\" width=\"697\">It is made of imported melamine coated particleboard material.<\/td>\n<\/tr>\n<tr>\n<td width=\"206\"><strong>Lighting Feature<\/strong><\/td>\n<td colspan=\"4\" width=\"697\">Karyola ba\u015fl\u0131g\u0131nda ayd\u0131nlatma \u00f6zelli\u011fi bulunmamaktad\u0131r.<\/td>\n<\/tr>\n<tr>\n<td width=\"206\"><strong>Wardrobe Door Function<\/strong><\/td>\n<td colspan=\"4\" width=\"697\">The door hinges are slow-down. The wardrobe mechanism has a cover. Imported melamine coated chipboard is used on the wardrobe doors.<\/td>\n<\/tr>\n<tr>\n<td width=\"206\"><strong>Nightstand Material<\/strong><\/td>\n<td colspan=\"4\" width=\"697\">\u0130thal melamin kapl\u0131 yongalam malzemeden \u00fcretilmi\u015ftir. Kapakta ithal melemin kapl\u0131 yongalam kullan\u0131lm\u0131\u015ft\u0131r.<\/td>\n<\/tr>\n<tr>\n<td width=\"206\"><strong>Dresser Material<\/strong><\/td>\n<td colspan=\"4\" width=\"697\">\u015eifonyer kapa\u011f\u0131nda ithal melamin kapl\u0131 yongalam kullan\u0131lm\u0131\u015ft\u0131r.\u00a0Kendisine ait pufu bulunmaktad\u0131r.<\/td>\n<\/tr>\n<tr>\n<td width=\"206\"><strong>Top Surface Material<\/strong><\/td>\n<td colspan=\"4\" width=\"697\">Imported melamine coated particle board was used on the upper surfaces of the nightstand and dresser.<\/td>\n<\/tr>\n<tr>\n<td width=\"206\"><strong>Foot Material<\/strong><\/td>\n<td colspan=\"4\" width=\"697\">yongalam malzemeden \u00fcretilmi\u015ftir.<\/td>\n<\/tr>\n<tr>\n<td width=\"206\"><strong>Wood Care<\/strong><\/td>\n<td colspan=\"4\" width=\"697\">You can clean your furniture by wiping it with a damp cloth. Protect it from direct sunlight. Avoid prolonged contact with hot surfaces and water.<\/td>\n<\/tr>\n<tr>\n<td width=\"206\"><strong>Disassembled Parts<\/strong><\/td>\n<td colspan=\"4\" width=\"697\">All parts are shipped disassembled.<\/td>\n<\/tr>\n<tr>\n<td width=\"206\"><strong>Additional Information<\/strong><\/td>\n<td colspan=\"4\" width=\"697\">There are production options for the bedstead with or without a base. The height of the bedstead does not change in the options with or without a base.<\/td>\n<\/tr>\n<\/tbody>\n<\/table>\n<table width=\"465\">\n<tbody>\n<tr>\n<td width=\"369\"><strong>\u00a0<\/strong><\/td>\n<td width=\"68\"><strong>SIZE<\/strong><\/td>\n<td width=\"68\"><strong>WIDTH<\/strong><\/td>\n<td width=\"76\"><strong>HEIGHT<\/strong><\/td>\n<\/tr>\n<tr>\n<td width=\"369\"><strong>STELLA\u00a0GARDROP 5 KAPAKLI<\/strong><\/td>\n<td width=\"68\">230<\/td>\n<td width=\"68\">65<\/td>\n<td width=\"76\">210<\/td>\n<\/tr>\n<tr>\n<td width=\"369\"><strong>STELLA\u00a0BAZALI KARYOLA\u00a0<\/strong><\/td>\n<td width=\"68\">200<\/td>\n<td width=\"68\">222<\/td>\n<td width=\"76\">110<\/td>\n<\/tr>\n<tr>\n<td width=\"369\"><strong>STELLA\u00a0KARYOLA\u00a0<\/strong><\/td>\n<td width=\"68\">200<\/td>\n<td width=\"68\">222<\/td>\n<td width=\"76\">110<\/td>\n<\/tr>\n<tr>\n<td width=\"369\"><strong>STELLA\u00a0 KOMOD\u0130N<\/strong><\/td>\n<td width=\"68\">62<\/td>\n<td width=\"68\">48<\/td>\n<td width=\"76\">37<\/td>\n<\/tr>\n<tr>\n<td width=\"369\"><strong>STELLA \u015e\u0130FONYER<\/strong><\/td>\n<td width=\"68\">88<\/td>\n<td width=\"68\">46<\/td>\n<td width=\"76\">81<\/td>\n<\/tr>\n<tr>\n<td width=\"369\"><strong>STELLA \u015e\u0130FONYER AYNASI<\/strong><\/td>\n<td width=\"68\">90<\/td>\n<td width=\"68\">2<\/td>\n<td width=\"76\">90<\/td>\n<\/tr>\n<\/tbody>\n<\/table>","protected":false},"excerpt":{"rendered":"<p>Tak\u0131m \u0130\u00e7eri\u011fi 1 adet gardrop, 1 adet karyola (G\u00f6vde ve Ba\u015fl\u0131k Dahil), 1 adet \u015fifonyer ve \u015fifonyer aynas\u0131, 2 adet<\/p>","protected":false},"featured_media":4322,"template":"","meta":{"_joinchat":[]},"pwb-brand":[97],"product_brand":[],"product_cat":[74],"product_tag":[],"berocket_brand":[],"class_list":{"0":"post-4321","1":"product","2":"type-product","3":"status-publish","4":"has-post-thumbnail","6":"pwb-brand-rapsodi","7":"product_cat-yatak-odasi-takimlari","9":"first","10":"instock","11":"shipping-taxable","12":"product-type-simple"},"brands":[{"id":97,"name":"Rapsodi","slug":"rapsodi"}],"_links":{"self":[{"href":"https:\/\/gursomobilya.com\/en\/wp-json\/wp\/v2\/product\/4321","targetHints":{"allow":["GET"]}}],"collection":[{"href":"https:\/\/gursomobilya.com\/en\/wp-json\/wp\/v2\/product"}],"about":[{"href":"https:\/\/gursomobilya.com\/en\/wp-json\/wp\/v2\/types\/product"}],"version-history":[{"count":1,"href":"https:\/\/gursomobilya.com\/en\/wp-json\/wp\/v2\/product\/4321\/revisions"}],"predecessor-version":[{"id":4327,"href":"https:\/\/gursomobilya.com\/en\/wp-json\/wp\/v2\/product\/4321\/revisions\/4327"}],"wp:featuredmedia":[{"embeddable":true,"href":"https:\/\/gursomobilya.com\/en\/wp-json\/wp\/v2\/media\/4322"}],"wp:attachment":[{"href":"https:\/\/gursomobilya.com\/en\/wp-json\/wp\/v2\/media?parent=4321"}],"wp:term":[{"taxonomy":"pwb-brand","embeddable":true,"href":"https:\/\/gursomobilya.com\/en\/wp-json\/wp\/v2\/pwb-brand?post=4321"},{"taxonomy":"product_brand","embeddable":true,"href":"https:\/\/gursomobilya.com\/en\/wp-json\/wp\/v2\/product_brand?post=4321"},{"taxonomy":"product_cat","embeddable":true,"href":"https:\/\/gursomobilya.com\/en\/wp-json\/wp\/v2\/product_cat?post=4321"},{"taxonomy":"product_tag","embeddable":true,"href":"https:\/\/gursomobilya.com\/en\/wp-json\/wp\/v2\/product_tag?post=4321"},{"taxonomy":"berocket_brand","embeddable":true,"href":"https:\/\/gursomobilya.com\/en\/wp-json\/wp\/v2\/berocket_brand?post=4321"}],"curies":[{"name":"wp","href":"https:\/\/api.w.org\/{rel}","templated":true}]}}