{"id":4328,"date":"2025-05-22T13:05:31","date_gmt":"2025-05-22T13:05:31","guid":{"rendered":"https:\/\/gursomobilya.com\/?post_type=product&#038;p=4328"},"modified":"2025-05-26T10:49:58","modified_gmt":"2025-05-26T10:49:58","slug":"laura-yatak-odasi-takimi","status":"publish","type":"product","link":"https:\/\/gursomobilya.com\/en\/product\/laura-yatak-odasi-takimi\/","title":{"rendered":"Laura Yatak Odas\u0131 Tak\u0131m\u0131"},"content":{"rendered":"<table width=\"1062\">\n<tbody>\n<tr>\n<td width=\"198\"><strong>Content<\/strong><\/td>\n<td width=\"1037\">1 adet kapakl\u0131\u00a0 gardrop, 1 adet karyola (G\u00f6vde ve Ba\u015fl\u0131k Dahil), 1 adet\u00a0 \u015fifonyer ve aynas\u0131, 2 adet komodinden olu\u015fmaktad\u0131r.<\/td>\n<\/tr>\n<tr>\n<td width=\"198\"><strong>Bed Material<\/strong><\/td>\n<td width=\"1037\">It is made of imported melamine coated particle board and wood material.<\/td>\n<\/tr>\n<tr>\n<td width=\"198\"><strong>Lighting Feature<\/strong><\/td>\n<td width=\"1037\">There is no lighting feature.<\/td>\n<\/tr>\n<tr>\n<td width=\"198\"><strong>Nightstand Material<\/strong><\/td>\n<td width=\"1037\">It is made of imported melamine coated particle board and wood material.<\/td>\n<\/tr>\n<tr>\n<td width=\"198\"><strong>Dresser Material<\/strong><\/td>\n<td width=\"1037\">It is made of imported melamine coated particle board and wood material.<\/td>\n<\/tr>\n<tr>\n<td width=\"198\"><strong>Top Surface Material<\/strong><\/td>\n<td width=\"1037\">yonga-lam malzemeden \u00fcretilmi\u015ftir.<\/td>\n<\/tr>\n<tr>\n<td width=\"198\"><strong>Foot Material<\/strong><\/td>\n<td width=\"1037\"><\/td>\n<\/tr>\n<tr>\n<td width=\"198\"><strong>Wood Care<\/strong><\/td>\n<td width=\"1037\">You can clean your furniture by wiping it with a damp cloth. Protect it from direct sunlight. Avoid prolonged contact with hot surfaces and water.<\/td>\n<\/tr>\n<tr>\n<td width=\"198\"><strong>Disassembled Parts<\/strong><\/td>\n<td width=\"1037\">All parts are shipped disassembled.<\/td>\n<\/tr>\n<tr>\n<td width=\"198\"><strong>Additional Information<\/strong><\/td>\n<td width=\"1037\">There are production options for the bedstead with or without a base. The height of the bedstead does not change in the options with or without a base.<\/td>\n<\/tr>\n<\/tbody>\n<\/table>\n<table width=\"580\">\n<tbody>\n<tr>\n<td width=\"162\"><\/td>\n<td width=\"64\"><strong>SIZE<\/strong><\/td>\n<td width=\"64\"><strong>WIDTH<\/strong><\/td>\n<td width=\"71\"><strong>HEIGHT<\/strong><\/td>\n<\/tr>\n<tr>\n<td><strong>LAURA GARDROP<\/strong><\/td>\n<td>258<\/td>\n<td>63<\/td>\n<td>213<\/td>\n<\/tr>\n<tr>\n<td><strong>LAURA BAZALI KARYOLA\u00a0 \u00a0 \u00a0 \u00a0 \u00a0 \u00a0 \u00a0 \u00a0 \u00a0\u00a0<\/strong><\/td>\n<td>206<\/td>\n<td>214<\/td>\n<td>123<\/td>\n<\/tr>\n<tr>\n<td><strong>LAURA KARYOLA\u00a0<\/strong><\/td>\n<td>206<\/td>\n<td>214<\/td>\n<td>123<\/td>\n<\/tr>\n<tr>\n<td><strong>LAURA KOMOD\u0130N<\/strong><\/td>\n<td>58<\/td>\n<td>42<\/td>\n<td>48<\/td>\n<\/tr>\n<tr>\n<td><strong>LAURA \u015e\u0130FONYER<\/strong><\/td>\n<td>120<\/td>\n<td>44<\/td>\n<td>166<\/td>\n<\/tr>\n<tr>\n<td><strong>LAURA \u015e\u0130FONYER AYNASI<\/strong><\/td>\n<td>55<\/td>\n<td>2<\/td>\n<td>87<\/td>\n<\/tr>\n<\/tbody>\n<\/table>","protected":false},"excerpt":{"rendered":"<p>Tak\u0131m \u0130\u00e7eri\u011fi 1 adet kapakl\u0131\u00a0 gardrop, 1 adet karyola (G\u00f6vde ve Ba\u015fl\u0131k Dahil), 1 adet\u00a0 \u015fifonyer ve aynas\u0131, 2 adet<\/p>","protected":false},"featured_media":4329,"template":"","meta":{"_joinchat":[]},"pwb-brand":[97],"product_brand":[],"product_cat":[74],"product_tag":[],"berocket_brand":[],"class_list":{"0":"post-4328","1":"product","2":"type-product","3":"status-publish","4":"has-post-thumbnail","6":"pwb-brand-rapsodi","7":"product_cat-yatak-odasi-takimlari","9":"first","10":"instock","11":"shipping-taxable","12":"product-type-simple"},"brands":[{"id":97,"name":"Rapsodi","slug":"rapsodi"}],"_links":{"self":[{"href":"https:\/\/gursomobilya.com\/en\/wp-json\/wp\/v2\/product\/4328","targetHints":{"allow":["GET"]}}],"collection":[{"href":"https:\/\/gursomobilya.com\/en\/wp-json\/wp\/v2\/product"}],"about":[{"href":"https:\/\/gursomobilya.com\/en\/wp-json\/wp\/v2\/types\/product"}],"version-history":[{"count":1,"href":"https:\/\/gursomobilya.com\/en\/wp-json\/wp\/v2\/product\/4328\/revisions"}],"predecessor-version":[{"id":4335,"href":"https:\/\/gursomobilya.com\/en\/wp-json\/wp\/v2\/product\/4328\/revisions\/4335"}],"wp:featuredmedia":[{"embeddable":true,"href":"https:\/\/gursomobilya.com\/en\/wp-json\/wp\/v2\/media\/4329"}],"wp:attachment":[{"href":"https:\/\/gursomobilya.com\/en\/wp-json\/wp\/v2\/media?parent=4328"}],"wp:term":[{"taxonomy":"pwb-brand","embeddable":true,"href":"https:\/\/gursomobilya.com\/en\/wp-json\/wp\/v2\/pwb-brand?post=4328"},{"taxonomy":"product_brand","embeddable":true,"href":"https:\/\/gursomobilya.com\/en\/wp-json\/wp\/v2\/product_brand?post=4328"},{"taxonomy":"product_cat","embeddable":true,"href":"https:\/\/gursomobilya.com\/en\/wp-json\/wp\/v2\/product_cat?post=4328"},{"taxonomy":"product_tag","embeddable":true,"href":"https:\/\/gursomobilya.com\/en\/wp-json\/wp\/v2\/product_tag?post=4328"},{"taxonomy":"berocket_brand","embeddable":true,"href":"https:\/\/gursomobilya.com\/en\/wp-json\/wp\/v2\/berocket_brand?post=4328"}],"curies":[{"name":"wp","href":"https:\/\/api.w.org\/{rel}","templated":true}]}}