{"id":4337,"date":"2025-05-22T13:21:14","date_gmt":"2025-05-22T13:21:14","guid":{"rendered":"https:\/\/gursomobilya.com\/?post_type=product&#038;p=4337"},"modified":"2025-05-26T10:50:05","modified_gmt":"2025-05-26T10:50:05","slug":"monaco-yatak-odasi-takimi","status":"publish","type":"product","link":"https:\/\/gursomobilya.com\/en\/product\/monaco-yatak-odasi-takimi\/","title":{"rendered":"Monaco Yatak Odas\u0131 Tak\u0131m\u0131"},"content":{"rendered":"<table width=\"903\">\n<tbody>\n<tr>\n<td width=\"206\"><strong>Content<\/strong><\/td>\n<td colspan=\"4\" width=\"697\">It consists of 1 wardrobe, 1 bedstead (including body and headboard), 1 dresser and dresser mirror, 2 nightstands.<\/td>\n<\/tr>\n<tr>\n<td width=\"206\"><strong>Bed Material<\/strong><\/td>\n<td colspan=\"4\" width=\"697\">It is made of imported melamine coated particleboard material.<\/td>\n<\/tr>\n<tr>\n<td width=\"206\"><strong>Lighting Feature<\/strong><\/td>\n<td colspan=\"4\" width=\"697\">There is no lighting feature.<\/td>\n<\/tr>\n<tr>\n<td width=\"206\"><strong>Wardrobe Door Function<\/strong><\/td>\n<td colspan=\"4\" width=\"697\">The door hinges are slow-down. The wardrobe mechanism has a cover. Imported melamine coated chipboard is used on the wardrobe doors.<\/td>\n<\/tr>\n<tr>\n<td width=\"206\"><strong>Nightstand Material<\/strong><\/td>\n<td colspan=\"4\" width=\"697\">It is made of imported melamine coated particle board material. Imported melamine coated particle board is used on the cover. The feet are metal.<\/td>\n<\/tr>\n<tr>\n<td width=\"206\"><strong>Dresser Material<\/strong><\/td>\n<td colspan=\"4\" width=\"697\">\u015eifonyer kapa\u011f\u0131nda ithal melamin kapl\u0131 yongalam kullan\u0131lm\u0131\u015ft\u0131r. \u015eifonyerinde ayr\u0131ca tak\u0131 b\u00f6lmesi bulunmaktad\u0131r.<\/td>\n<\/tr>\n<tr>\n<td width=\"206\"><strong>Top Surface Material<\/strong><\/td>\n<td colspan=\"4\" width=\"697\">Imported melamine coated particle board was used on the upper surfaces of the nightstand and dresser.<\/td>\n<\/tr>\n<tr>\n<td width=\"206\"><strong>Foot Material<\/strong><\/td>\n<td colspan=\"4\" width=\"697\">The feet are metal.<\/td>\n<\/tr>\n<tr>\n<td width=\"206\"><strong>Wood Care<\/strong><\/td>\n<td colspan=\"4\" width=\"697\">You can clean your furniture by wiping it with a damp cloth. Protect it from direct sunlight. Avoid prolonged contact with hot surfaces and water.<\/td>\n<\/tr>\n<tr>\n<td width=\"206\"><strong>Disassembled Parts<\/strong><\/td>\n<td colspan=\"4\" width=\"697\">All parts are shipped disassembled.<\/td>\n<\/tr>\n<tr>\n<td width=\"206\"><strong>Additional Information<\/strong><\/td>\n<td colspan=\"4\" width=\"697\">There are production options for the bedstead with or without a base. The height of the bedstead does not change in the options with or without a base.<\/td>\n<\/tr>\n<\/tbody>\n<\/table>\n<table width=\"465\">\n<tbody>\n<tr>\n<td width=\"369\"><strong>\u00a0<\/strong><\/td>\n<td width=\"68\"><strong>SIZE<\/strong><\/td>\n<td width=\"68\"><strong>WIDTH<\/strong><\/td>\n<td width=\"76\"><strong>HEIGHT<\/strong><\/td>\n<\/tr>\n<tr>\n<td width=\"369\"><strong>MONACO GARDROP 5 KAPAKLI<\/strong><\/td>\n<td width=\"68\">250<\/td>\n<td width=\"68\">64<\/td>\n<td width=\"76\">221<\/td>\n<\/tr>\n<tr>\n<td width=\"369\"><strong>MONACO BAZALI KARYOLA\u00a0<\/strong><\/td>\n<td width=\"68\">194<\/td>\n<td width=\"68\">219<\/td>\n<td width=\"76\">110<\/td>\n<\/tr>\n<tr>\n<td width=\"369\"><strong>MONACO KARYOLA\u00a0<\/strong><\/td>\n<td width=\"68\">194<\/td>\n<td width=\"68\">219<\/td>\n<td width=\"76\">110<\/td>\n<\/tr>\n<tr>\n<td width=\"369\"><strong>MONACO KOMOD\u0130N<\/strong><\/td>\n<td width=\"68\">65<\/td>\n<td width=\"68\">47<\/td>\n<td width=\"76\">43<\/td>\n<\/tr>\n<tr>\n<td width=\"369\"><strong>MONACO \u015e\u0130FONYER<\/strong><\/td>\n<td width=\"68\">146<\/td>\n<td width=\"68\">47<\/td>\n<td width=\"76\">89<\/td>\n<\/tr>\n<tr>\n<td width=\"369\"><strong>MONACO \u015e\u0130FONYER AYNASI<\/strong><\/td>\n<td width=\"68\">70<\/td>\n<td width=\"68\">2<\/td>\n<td width=\"76\">88<\/td>\n<\/tr>\n<\/tbody>\n<\/table>","protected":false},"excerpt":{"rendered":"<p>Tak\u0131m \u0130\u00e7eri\u011fi 1 adet gardrop, 1 adet karyola (G\u00f6vde ve Ba\u015fl\u0131k Dahil), 1 adet \u015fifonyer ve \u015fifonyer aynas\u0131, 2 adet<\/p>","protected":false},"featured_media":4338,"template":"","meta":{"_joinchat":[]},"pwb-brand":[97],"product_brand":[],"product_cat":[74],"product_tag":[],"berocket_brand":[],"class_list":{"0":"post-4337","1":"product","2":"type-product","3":"status-publish","4":"has-post-thumbnail","6":"pwb-brand-rapsodi","7":"product_cat-yatak-odasi-takimlari","9":"first","10":"instock","11":"shipping-taxable","12":"product-type-simple"},"brands":[{"id":97,"name":"Rapsodi","slug":"rapsodi"}],"_links":{"self":[{"href":"https:\/\/gursomobilya.com\/en\/wp-json\/wp\/v2\/product\/4337","targetHints":{"allow":["GET"]}}],"collection":[{"href":"https:\/\/gursomobilya.com\/en\/wp-json\/wp\/v2\/product"}],"about":[{"href":"https:\/\/gursomobilya.com\/en\/wp-json\/wp\/v2\/types\/product"}],"version-history":[{"count":1,"href":"https:\/\/gursomobilya.com\/en\/wp-json\/wp\/v2\/product\/4337\/revisions"}],"predecessor-version":[{"id":4344,"href":"https:\/\/gursomobilya.com\/en\/wp-json\/wp\/v2\/product\/4337\/revisions\/4344"}],"wp:featuredmedia":[{"embeddable":true,"href":"https:\/\/gursomobilya.com\/en\/wp-json\/wp\/v2\/media\/4338"}],"wp:attachment":[{"href":"https:\/\/gursomobilya.com\/en\/wp-json\/wp\/v2\/media?parent=4337"}],"wp:term":[{"taxonomy":"pwb-brand","embeddable":true,"href":"https:\/\/gursomobilya.com\/en\/wp-json\/wp\/v2\/pwb-brand?post=4337"},{"taxonomy":"product_brand","embeddable":true,"href":"https:\/\/gursomobilya.com\/en\/wp-json\/wp\/v2\/product_brand?post=4337"},{"taxonomy":"product_cat","embeddable":true,"href":"https:\/\/gursomobilya.com\/en\/wp-json\/wp\/v2\/product_cat?post=4337"},{"taxonomy":"product_tag","embeddable":true,"href":"https:\/\/gursomobilya.com\/en\/wp-json\/wp\/v2\/product_tag?post=4337"},{"taxonomy":"berocket_brand","embeddable":true,"href":"https:\/\/gursomobilya.com\/en\/wp-json\/wp\/v2\/berocket_brand?post=4337"}],"curies":[{"name":"wp","href":"https:\/\/api.w.org\/{rel}","templated":true}]}}