{"id":4539,"date":"2025-11-20T10:31:13","date_gmt":"2025-11-20T10:31:13","guid":{"rendered":"https:\/\/gursomobilya.com\/?post_type=product&#038;p=4539"},"modified":"2025-11-20T10:33:05","modified_gmt":"2025-11-20T10:33:05","slug":"doria-koltuk-takimi","status":"publish","type":"product","link":"https:\/\/gursomobilya.com\/en\/product\/doria-koltuk-takimi\/","title":{"rendered":"Doria Koltuk Tak\u0131m\u0131"},"content":{"rendered":"<table width=\"1227\">\n<tbody>\n<tr>\n<td width=\"339\">Content<\/td>\n<td colspan=\"4\" width=\"888\">1 adet \u00fc\u00e7l\u00fc yatakl\u0131 kanepe , 1 adet ikili yatakl\u0131 ve 1 adet berjerden olu\u015fmaktad\u0131r.<\/td>\n<\/tr>\n<tr>\n<td width=\"339\">Fabric Content<\/td>\n<td colspan=\"4\" width=\"888\">\u00dc\u00e7l\u00fc kanepeler ve berjerde bukle kuma\u015f kullan\u0131lm\u0131\u015ft\u0131r.<\/td>\n<\/tr>\n<tr>\n<td width=\"339\">Fabric Feature<\/td>\n<td colspan=\"4\" width=\"888\">Locally woven fabric was used.<\/td>\n<\/tr>\n<tr>\n<td width=\"339\">Fabric Care\/Cleaning Recommendations<\/td>\n<td colspan=\"4\" width=\"888\">It can be wiped superficially with a damp cloth without using bleach.<\/td>\n<\/tr>\n<tr>\n<td width=\"339\">Mechanism Feature<\/td>\n<td colspan=\"4\" width=\"888\">\u00dc\u00e7l\u00fc kanepelerde geriye a\u00e7\u0131lan s\u0131rt mekanizmas\u0131 sayesinde yatak olabilme \u00f6zelli\u011fi vard\u0131r. Berjer sabittir.<\/td>\n<\/tr>\n<tr>\n<td width=\"339\">Skeleton Material<\/td>\n<td colspan=\"4\" width=\"888\">The skeletal system is steel profile and reinforced with S zigzag steel springs. This will keep our product away from deformation that will occur over many years of use and preserve its first-day appearance.<\/td>\n<\/tr>\n<tr>\n<td width=\"339\">Seat Cushion Material<\/td>\n<td colspan=\"4\" width=\"888\">32 DNS Hyper sponges were used.<\/td>\n<\/tr>\n<tr>\n<td width=\"339\">Foot Material<\/td>\n<td colspan=\"4\" width=\"888\">\u00dc\u00e7l\u00fc kanepe ve berjer ayaklar\u0131\u00a0metaldir.<\/td>\n<\/tr>\n<tr>\n<td rowspan=\"2\" width=\"339\">Additional Information<\/td>\n<td colspan=\"4\" width=\"888\">Cushions are included in the product.<\/td>\n<\/tr>\n<tr>\n<td colspan=\"4\" width=\"888\">\u00dcr\u00fcnde kuma\u015f de\u011fi\u015fimi iste\u011fe g\u00f6re mevcuttur.<\/td>\n<\/tr>\n<tr>\n<td width=\"339\">Disassembled Parts<\/td>\n<td colspan=\"4\" width=\"888\">The feet are sent disassembled.<\/td>\n<\/tr>\n<tr>\n<td width=\"339\"><\/td>\n<td width=\"339\">Color<\/td>\n<td width=\"134\">Size<\/td>\n<td width=\"220\">Depth<\/td>\n<td width=\"195\">Height<\/td>\n<\/tr>\n<tr>\n<td width=\"339\">3-seater sofa bed<\/td>\n<td width=\"339\">Optional<\/td>\n<td width=\"134\">212<\/td>\n<td width=\"220\">100<\/td>\n<td width=\"195\">82<\/td>\n<\/tr>\n<tr>\n<td width=\"339\">2&#8217;li\u00a0Yatakl\u0131 Kanepe<\/td>\n<td width=\"339\">Optional<\/td>\n<td width=\"134\">180<\/td>\n<td width=\"220\">100<\/td>\n<td width=\"195\">82<\/td>\n<\/tr>\n<tr>\n<td width=\"339\">Bergere<\/td>\n<td width=\"339\">Optional<\/td>\n<td width=\"134\">75<\/td>\n<td width=\"220\">85<\/td>\n<td width=\"195\">96<\/td>\n<\/tr>\n<\/tbody>\n<\/table>","protected":false},"excerpt":{"rendered":"<p>Tak\u0131m \u0130\u00e7eri\u011fi 1 adet \u00fc\u00e7l\u00fc yatakl\u0131 kanepe , 1 adet ikili yatakl\u0131 ve 1 adet berjerden olu\u015fmaktad\u0131r. Kuma\u015f \u0130\u00e7eri\u011fi \u00dc\u00e7l\u00fc<\/p>","protected":false},"featured_media":4540,"template":"","meta":{"_joinchat":[]},"pwb-brand":[97],"product_brand":[],"product_cat":[78,72],"product_tag":[],"berocket_brand":[],"class_list":{"0":"post-4539","1":"product","2":"type-product","3":"status-publish","4":"has-post-thumbnail","6":"pwb-brand-rapsodi","7":"product_cat-koltuk-takimlari-koltuk-takimlari","8":"product_cat-koltuk-takimlari","10":"first","11":"instock","12":"shipping-taxable","13":"product-type-simple"},"brands":[{"id":97,"name":"Rapsodi","slug":"rapsodi"}],"_links":{"self":[{"href":"https:\/\/gursomobilya.com\/en\/wp-json\/wp\/v2\/product\/4539","targetHints":{"allow":["GET"]}}],"collection":[{"href":"https:\/\/gursomobilya.com\/en\/wp-json\/wp\/v2\/product"}],"about":[{"href":"https:\/\/gursomobilya.com\/en\/wp-json\/wp\/v2\/types\/product"}],"version-history":[{"count":1,"href":"https:\/\/gursomobilya.com\/en\/wp-json\/wp\/v2\/product\/4539\/revisions"}],"predecessor-version":[{"id":4543,"href":"https:\/\/gursomobilya.com\/en\/wp-json\/wp\/v2\/product\/4539\/revisions\/4543"}],"wp:featuredmedia":[{"embeddable":true,"href":"https:\/\/gursomobilya.com\/en\/wp-json\/wp\/v2\/media\/4540"}],"wp:attachment":[{"href":"https:\/\/gursomobilya.com\/en\/wp-json\/wp\/v2\/media?parent=4539"}],"wp:term":[{"taxonomy":"pwb-brand","embeddable":true,"href":"https:\/\/gursomobilya.com\/en\/wp-json\/wp\/v2\/pwb-brand?post=4539"},{"taxonomy":"product_brand","embeddable":true,"href":"https:\/\/gursomobilya.com\/en\/wp-json\/wp\/v2\/product_brand?post=4539"},{"taxonomy":"product_cat","embeddable":true,"href":"https:\/\/gursomobilya.com\/en\/wp-json\/wp\/v2\/product_cat?post=4539"},{"taxonomy":"product_tag","embeddable":true,"href":"https:\/\/gursomobilya.com\/en\/wp-json\/wp\/v2\/product_tag?post=4539"},{"taxonomy":"berocket_brand","embeddable":true,"href":"https:\/\/gursomobilya.com\/en\/wp-json\/wp\/v2\/berocket_brand?post=4539"}],"curies":[{"name":"wp","href":"https:\/\/api.w.org\/{rel}","templated":true}]}}