{"id":4559,"date":"2025-11-20T11:23:01","date_gmt":"2025-11-20T11:23:01","guid":{"rendered":"https:\/\/gursomobilya.com\/?post_type=product&#038;p=4559"},"modified":"2025-11-20T11:24:06","modified_gmt":"2025-11-20T11:24:06","slug":"eva-corner-koltuk-takimi","status":"publish","type":"product","link":"https:\/\/gursomobilya.com\/en\/product\/eva-corner-koltuk-takimi\/","title":{"rendered":"Eva Corner Koltuk Tak\u0131m\u0131"},"content":{"rendered":"<div class=\"Line\">\n<div class=\"openerContent\">\n<table width=\"0\">\n<tbody>\n<tr>\n<td width=\"190\">Corner Direction<\/td>\n<td>Right and left directions are determined by looking at the product from the front.<br \/>\nWhen viewed from the front, if the extension module is on the right side, it is called the \"right corner\", and if the extension module is on the left side, it is called the \"left corner\". You can make your right and left corner selections according to this information.<\/td>\n<\/tr>\n<tr>\n<td width=\"190\">Fabric Feature<\/td>\n<td>Locally woven fabric was used.<\/td>\n<\/tr>\n<tr>\n<td width=\"190\">Fabric Care\/Cleaning Recommendations<\/td>\n<td>It is a washable fabric.<\/td>\n<\/tr>\n<tr>\n<td width=\"190\">Function Feature<\/td>\n<td>It has a bed<\/td>\n<\/tr>\n<tr>\n<td width=\"190\">Skeleton Material<\/td>\n<td>Made of steel profile.<\/td>\n<\/tr>\n<tr>\n<td width=\"190\">Seat Cushion Material<\/td>\n<td>32 DNS Hyper sponges were used.<\/td>\n<\/tr>\n<tr>\n<td width=\"190\">Foot Material<\/td>\n<td>Ayaklar\u00a0fiberglass\u00a0malzemedir.<\/td>\n<\/tr>\n<tr>\n<td width=\"190\">Additional Information<\/td>\n<td>The cushions in the image are included in the price.<br \/>\nFabric and foot colors can be changed upon request.<br \/>\nTak\u0131m i\u00e7erisinde 3&#8217;l\u00fc oturum ve uzun oturum bulunmaktad\u0131r.<\/td>\n<\/tr>\n<tr>\n<td width=\"190\">Disassembled Parts<\/td>\n<td>Koltuk ayaklar\u0131 demonte g\u00f6nderilir.<\/td>\n<\/tr>\n<\/tbody>\n<\/table>\n<\/div>\n<\/div>\n<table width=\"519\">\n<tbody>\n<tr>\n<td><\/td>\n<td>Color<\/td>\n<td>\u00a0 Size<\/td>\n<td>Depth<\/td>\n<td>Height<\/td>\n<\/tr>\n<tr>\n<td>Sitting Long<\/td>\n<td>Optional<\/td>\n<td>\u00a0 90<\/td>\n<td>180<\/td>\n<td>77<\/td>\n<\/tr>\n<tr>\n<td>3&#8217;l\u00fc Corner Kanepe<\/td>\n<td>Optional<\/td>\n<td>\u00a0 200<\/td>\n<td>105<\/td>\n<td>77<\/td>\n<\/tr>\n<\/tbody>\n<\/table>","protected":false},"excerpt":{"rendered":"<p>K\u00f6\u015fe Y\u00f6n\u00fc Sa\u011f ve sol y\u00f6nleri, \u00fcr\u00fcne kar\u015f\u0131dan bak\u0131larak belirlenmektedir. Kar\u015f\u0131dan bak\u0131ld\u0131\u011f\u0131nda, uzanma mod\u00fcl\u00fc sa\u011f taraftaysa &#8220;sa\u011f k\u00f6\u015fe&#8221;, uzanma mod\u00fcl\u00fc<\/p>","protected":false},"featured_media":4560,"template":"","meta":{"_joinchat":[]},"pwb-brand":[97],"product_brand":[],"product_cat":[78,72],"product_tag":[],"berocket_brand":[],"class_list":{"0":"post-4559","1":"product","2":"type-product","3":"status-publish","4":"has-post-thumbnail","6":"pwb-brand-rapsodi","7":"product_cat-koltuk-takimlari-koltuk-takimlari","8":"product_cat-koltuk-takimlari","10":"first","11":"instock","12":"shipping-taxable","13":"product-type-simple"},"brands":[{"id":97,"name":"Rapsodi","slug":"rapsodi"}],"_links":{"self":[{"href":"https:\/\/gursomobilya.com\/en\/wp-json\/wp\/v2\/product\/4559","targetHints":{"allow":["GET"]}}],"collection":[{"href":"https:\/\/gursomobilya.com\/en\/wp-json\/wp\/v2\/product"}],"about":[{"href":"https:\/\/gursomobilya.com\/en\/wp-json\/wp\/v2\/types\/product"}],"version-history":[{"count":2,"href":"https:\/\/gursomobilya.com\/en\/wp-json\/wp\/v2\/product\/4559\/revisions"}],"predecessor-version":[{"id":4566,"href":"https:\/\/gursomobilya.com\/en\/wp-json\/wp\/v2\/product\/4559\/revisions\/4566"}],"wp:featuredmedia":[{"embeddable":true,"href":"https:\/\/gursomobilya.com\/en\/wp-json\/wp\/v2\/media\/4560"}],"wp:attachment":[{"href":"https:\/\/gursomobilya.com\/en\/wp-json\/wp\/v2\/media?parent=4559"}],"wp:term":[{"taxonomy":"pwb-brand","embeddable":true,"href":"https:\/\/gursomobilya.com\/en\/wp-json\/wp\/v2\/pwb-brand?post=4559"},{"taxonomy":"product_brand","embeddable":true,"href":"https:\/\/gursomobilya.com\/en\/wp-json\/wp\/v2\/product_brand?post=4559"},{"taxonomy":"product_cat","embeddable":true,"href":"https:\/\/gursomobilya.com\/en\/wp-json\/wp\/v2\/product_cat?post=4559"},{"taxonomy":"product_tag","embeddable":true,"href":"https:\/\/gursomobilya.com\/en\/wp-json\/wp\/v2\/product_tag?post=4559"},{"taxonomy":"berocket_brand","embeddable":true,"href":"https:\/\/gursomobilya.com\/en\/wp-json\/wp\/v2\/berocket_brand?post=4559"}],"curies":[{"name":"wp","href":"https:\/\/api.w.org\/{rel}","templated":true}]}}