{"id":4573,"date":"2025-11-20T11:57:07","date_gmt":"2025-11-20T11:57:07","guid":{"rendered":"https:\/\/gursomobilya.com\/?post_type=product&#038;p=4573"},"modified":"2025-12-02T11:21:29","modified_gmt":"2025-12-02T11:21:29","slug":"etnik-yemek-odasi-takimi","status":"publish","type":"product","link":"https:\/\/gursomobilya.com\/en\/product\/etnik-yemek-odasi-takimi\/","title":{"rendered":"Etnik Yemek Odas\u0131 Tak\u0131m\u0131"},"content":{"rendered":"<table width=\"772\">\n<tbody>\n<tr>\n<td width=\"202\">Content<\/td>\n<td colspan=\"4\" width=\"570\">It consists of 1 extendable table, 4 chairs and 1 console.<\/td>\n<\/tr>\n<tr>\n<td width=\"202\">Material<\/td>\n<td colspan=\"4\" width=\"570\">It is produced in Lidya melamine coated chip color.<\/td>\n<\/tr>\n<tr>\n<td width=\"202\">Table Material<\/td>\n<td colspan=\"4\" width=\"570\">Masa lidya melamin kapl\u0131 yonga renginde \u00fcretilmi\u015ftir. Masa ayaklar\u0131 siyah metal ve ah\u015fap olarak tasarlanm\u0131\u015ft\u0131r.<\/td>\n<\/tr>\n<tr>\n<td width=\"202\">Table Function<\/td>\n<td colspan=\"4\" width=\"570\">Opens from the middle<\/td>\n<\/tr>\n<tr>\n<td width=\"202\">Console Material<\/td>\n<td colspan=\"4\" width=\"570\">Konsol g\u00f6vdesi lidya melamin kapl\u0131 yonga renginde \u00fcretilmi\u015ftir. Konsol ayaklar\u0131 siyah metal ve ah\u015fap olarak tasarlanm\u0131\u015ft\u0131r.<\/td>\n<\/tr>\n<tr>\n<td width=\"202\">Chair Fabric Feature<\/td>\n<td colspan=\"4\" width=\"570\">Soft textured imported knitted fabric is used.<\/td>\n<\/tr>\n<tr>\n<td width=\"202\">Sandalye ayak ve Kuma\u015f De\u011fi\u015fikli\u011fi<\/td>\n<td colspan=\"4\" width=\"570\">Foot color may vary. 8% price difference is applied for fabric changes.<\/td>\n<\/tr>\n<tr>\n<td width=\"202\">Chair Font Material<\/td>\n<td colspan=\"4\" width=\"570\">Flooring on solid wood frame<\/td>\n<\/tr>\n<tr>\n<td width=\"202\"><\/td>\n<td width=\"88\">Color<\/td>\n<td width=\"64\">Size<\/td>\n<td width=\"76\">Depth<\/td>\n<td width=\"342\">Height<\/td>\n<\/tr>\n<tr>\n<td width=\"202\">Console<\/td>\n<td width=\"88\">Standard<\/td>\n<td width=\"64\">200<\/td>\n<td width=\"76\">45<\/td>\n<td width=\"342\">82<\/td>\n<\/tr>\n<tr>\n<td width=\"202\">Dinner table<\/td>\n<td width=\"88\">Standard<\/td>\n<td width=\"64\">170+40<\/td>\n<td width=\"76\">90<\/td>\n<td width=\"342\">78<\/td>\n<\/tr>\n<tr>\n<td width=\"202\">Console Upper Mirror Single<\/td>\n<td width=\"88\">Standard<\/td>\n<td width=\"64\">80<\/td>\n<td width=\"76\">2<\/td>\n<td width=\"342\">80<\/td>\n<\/tr>\n<\/tbody>\n<\/table>","protected":false},"excerpt":{"rendered":"<p>Tak\u0131m \u0130\u00e7eri\u011fi 1 adet a\u00e7\u0131l\u0131r masa, 4 adet sandalye, 1 adet konsoldan olu\u015fmaktad\u0131r. Malzeme Lidya melamin kapl\u0131 yonga renginde \u00fcretilmi\u015ftir.<\/p>","protected":false},"featured_media":4575,"template":"","meta":{"_joinchat":[]},"pwb-brand":[97],"product_brand":[],"product_cat":[28],"product_tag":[],"berocket_brand":[],"class_list":{"0":"post-4573","1":"product","2":"type-product","3":"status-publish","4":"has-post-thumbnail","6":"pwb-brand-rapsodi","7":"product_cat-yemek-odasi-takimlari","9":"first","10":"instock","11":"shipping-taxable","12":"product-type-simple"},"brands":[{"id":97,"name":"Rapsodi","slug":"rapsodi"}],"_links":{"self":[{"href":"https:\/\/gursomobilya.com\/en\/wp-json\/wp\/v2\/product\/4573","targetHints":{"allow":["GET"]}}],"collection":[{"href":"https:\/\/gursomobilya.com\/en\/wp-json\/wp\/v2\/product"}],"about":[{"href":"https:\/\/gursomobilya.com\/en\/wp-json\/wp\/v2\/types\/product"}],"version-history":[{"count":2,"href":"https:\/\/gursomobilya.com\/en\/wp-json\/wp\/v2\/product\/4573\/revisions"}],"predecessor-version":[{"id":4645,"href":"https:\/\/gursomobilya.com\/en\/wp-json\/wp\/v2\/product\/4573\/revisions\/4645"}],"wp:featuredmedia":[{"embeddable":true,"href":"https:\/\/gursomobilya.com\/en\/wp-json\/wp\/v2\/media\/4575"}],"wp:attachment":[{"href":"https:\/\/gursomobilya.com\/en\/wp-json\/wp\/v2\/media?parent=4573"}],"wp:term":[{"taxonomy":"pwb-brand","embeddable":true,"href":"https:\/\/gursomobilya.com\/en\/wp-json\/wp\/v2\/pwb-brand?post=4573"},{"taxonomy":"product_brand","embeddable":true,"href":"https:\/\/gursomobilya.com\/en\/wp-json\/wp\/v2\/product_brand?post=4573"},{"taxonomy":"product_cat","embeddable":true,"href":"https:\/\/gursomobilya.com\/en\/wp-json\/wp\/v2\/product_cat?post=4573"},{"taxonomy":"product_tag","embeddable":true,"href":"https:\/\/gursomobilya.com\/en\/wp-json\/wp\/v2\/product_tag?post=4573"},{"taxonomy":"berocket_brand","embeddable":true,"href":"https:\/\/gursomobilya.com\/en\/wp-json\/wp\/v2\/berocket_brand?post=4573"}],"curies":[{"name":"wp","href":"https:\/\/api.w.org\/{rel}","templated":true}]}}