{"id":4619,"date":"2025-12-02T10:16:47","date_gmt":"2025-12-02T10:16:47","guid":{"rendered":"https:\/\/gursomobilya.com\/?post_type=product&#038;p=4619"},"modified":"2025-12-02T11:22:51","modified_gmt":"2025-12-02T11:22:51","slug":"sahra-yatak-odasi-takimi-2","status":"publish","type":"product","link":"https:\/\/gursomobilya.com\/en\/product\/sahra-yatak-odasi-takimi-2\/","title":{"rendered":"Sahra Bedroom Set"},"content":{"rendered":"<table width=\"903\">\n<tbody>\n<tr>\n<td width=\"206\">Content<\/td>\n<td colspan=\"4\" width=\"697\">It consists of 1 wardrobe, 1 bedstead (including body and headboard), 1 dresser and dresser mirror, 2 nightstands.<\/td>\n<\/tr>\n<tr>\n<td width=\"206\">Bed Material<\/td>\n<td colspan=\"4\" width=\"697\">Made of imported melamine coated particle board material. Feet are plastic.<\/td>\n<\/tr>\n<tr>\n<td width=\"206\">Lighting Feature<\/td>\n<td colspan=\"4\" width=\"697\">There is no lighting feature.<\/td>\n<\/tr>\n<tr>\n<td width=\"206\">Wardrobe Door Function<\/td>\n<td colspan=\"4\" width=\"697\">The door hinges are slow-down. The wardrobe mechanism has a cover. Imported melamine coated chipboard is used on the wardrobe doors.<\/td>\n<\/tr>\n<tr>\n<td width=\"206\">Nightstand Material<\/td>\n<td colspan=\"4\" width=\"697\">It is made of imported melamine coated particle board material. Imported melamine coated particle board is used on the cover. The feet are plastic.<\/td>\n<\/tr>\n<tr>\n<td width=\"206\">Dresser Material<\/td>\n<td colspan=\"4\" width=\"697\">Imported melamine coated particle board is used on the dresser cover. The feet are plastic.<\/td>\n<\/tr>\n<tr>\n<td width=\"206\">Foot Material<\/td>\n<td colspan=\"4\" width=\"697\">The feet are made of fiber material.<\/td>\n<\/tr>\n<tr>\n<td width=\"206\">Wood Care<\/td>\n<td colspan=\"4\" width=\"697\">You can clean your furniture by wiping it with a damp cloth. Protect it from direct sunlight. Avoid prolonged contact with hot surfaces and water.<\/td>\n<\/tr>\n<tr>\n<td width=\"206\">Disassembled Parts<\/td>\n<td colspan=\"4\" width=\"697\">All parts are shipped disassembled.<\/td>\n<\/tr>\n<tr>\n<td width=\"206\">Additional Information<\/td>\n<td colspan=\"4\" width=\"697\">There are production options for the bedstead with or without a base. The height of the bedstead does not change in the options with or without a base.<\/td>\n<\/tr>\n<tr>\n<td width=\"206\"><\/td>\n<td width=\"206\">Color<\/td>\n<td width=\"206\">Size<\/td>\n<td width=\"206\">Depth<\/td>\n<td width=\"79\">Height<\/td>\n<\/tr>\n<tr>\n<td width=\"206\">Nightstand<\/td>\n<td width=\"206\">Standard<\/td>\n<td>55<\/td>\n<td>46<\/td>\n<td>39<\/td>\n<\/tr>\n<tr>\n<td width=\"206\">Double Bedstead<\/td>\n<td width=\"206\">Standard<\/td>\n<td>166<\/td>\n<td>208<\/td>\n<td>115<\/td>\n<\/tr>\n<tr>\n<td width=\"206\">Dresser<\/td>\n<td width=\"206\">Standard<\/td>\n<td>90<\/td>\n<td>46<\/td>\n<td>81<\/td>\n<\/tr>\n<tr>\n<td width=\"206\">Dresser Mirror<\/td>\n<td width=\"206\">Standard<\/td>\n<td>60<\/td>\n<td>2<\/td>\n<td>90<\/td>\n<\/tr>\n<tr>\n<td width=\"206\">Gardrop<\/td>\n<td width=\"206\">Standard<\/td>\n<td>215<\/td>\n<td>64<\/td>\n<td>215<\/td>\n<\/tr>\n<tr>\n<td width=\"206\">Double Bed Base<\/td>\n<td width=\"206\">Standard<\/td>\n<td>166<\/td>\n<td>208<\/td>\n<td>115<\/td>\n<\/tr>\n<\/tbody>\n<\/table>","protected":false},"excerpt":{"rendered":"<p>Tak\u0131m \u0130\u00e7eri\u011fi 1 adet gardrop, 1 adet karyola (G\u00f6vde ve Ba\u015fl\u0131k Dahil), 1 adet \u015fifonyer ve \u015fifonyer aynas\u0131, 2 adet<\/p>","protected":false},"featured_media":4621,"template":"","meta":{"_joinchat":[]},"pwb-brand":[97],"product_brand":[],"product_cat":[74],"product_tag":[],"berocket_brand":[],"class_list":{"0":"post-4619","1":"product","2":"type-product","3":"status-publish","4":"has-post-thumbnail","6":"pwb-brand-rapsodi","7":"product_cat-yatak-odasi-takimlari","9":"first","10":"instock","11":"shipping-taxable","12":"product-type-simple"},"brands":[{"id":97,"name":"Rapsodi","slug":"rapsodi"}],"_links":{"self":[{"href":"https:\/\/gursomobilya.com\/en\/wp-json\/wp\/v2\/product\/4619","targetHints":{"allow":["GET"]}}],"collection":[{"href":"https:\/\/gursomobilya.com\/en\/wp-json\/wp\/v2\/product"}],"about":[{"href":"https:\/\/gursomobilya.com\/en\/wp-json\/wp\/v2\/types\/product"}],"version-history":[{"count":4,"href":"https:\/\/gursomobilya.com\/en\/wp-json\/wp\/v2\/product\/4619\/revisions"}],"predecessor-version":[{"id":4650,"href":"https:\/\/gursomobilya.com\/en\/wp-json\/wp\/v2\/product\/4619\/revisions\/4650"}],"wp:featuredmedia":[{"embeddable":true,"href":"https:\/\/gursomobilya.com\/en\/wp-json\/wp\/v2\/media\/4621"}],"wp:attachment":[{"href":"https:\/\/gursomobilya.com\/en\/wp-json\/wp\/v2\/media?parent=4619"}],"wp:term":[{"taxonomy":"pwb-brand","embeddable":true,"href":"https:\/\/gursomobilya.com\/en\/wp-json\/wp\/v2\/pwb-brand?post=4619"},{"taxonomy":"product_brand","embeddable":true,"href":"https:\/\/gursomobilya.com\/en\/wp-json\/wp\/v2\/product_brand?post=4619"},{"taxonomy":"product_cat","embeddable":true,"href":"https:\/\/gursomobilya.com\/en\/wp-json\/wp\/v2\/product_cat?post=4619"},{"taxonomy":"product_tag","embeddable":true,"href":"https:\/\/gursomobilya.com\/en\/wp-json\/wp\/v2\/product_tag?post=4619"},{"taxonomy":"berocket_brand","embeddable":true,"href":"https:\/\/gursomobilya.com\/en\/wp-json\/wp\/v2\/berocket_brand?post=4619"}],"curies":[{"name":"wp","href":"https:\/\/api.w.org\/{rel}","templated":true}]}}