{"id":4661,"date":"2025-12-02T11:48:25","date_gmt":"2025-12-02T11:48:25","guid":{"rendered":"https:\/\/gursomobilya.com\/?post_type=product&#038;p=4661"},"modified":"2025-12-02T11:48:25","modified_gmt":"2025-12-02T11:48:25","slug":"monaco-duvar-uniteleri","status":"publish","type":"product","link":"https:\/\/gursomobilya.com\/en\/product\/monaco-duvar-uniteleri\/","title":{"rendered":"Monaco Duvar \u00dcniteleri"},"content":{"rendered":"<table width=\"645\">\n<tbody>\n<tr>\n<td width=\"129\">Content<\/td>\n<td colspan=\"4\" width=\"516\">Alt mod\u00fcl ve kitapl\u0131l mod\u00fclden olu\u015fmaktad\u0131r.<\/td>\n<\/tr>\n<tr>\n<td width=\"129\">Material<\/td>\n<td colspan=\"4\" width=\"516\">\u00dcr\u00fcn\u00fcm\u00fczde ithal melamin kapl\u0131 yongalam kullan\u0131lm\u0131\u015ft\u0131r.alt mod\u00fcl ayaklar\u0131 metaldir.<\/td>\n<\/tr>\n<tr>\n<td width=\"129\">Wood Care<\/td>\n<td colspan=\"4\" width=\"516\">You can clean your furniture by wiping it with a damp cloth. Protect it from direct sunlight. Avoid prolonged contact with hot surfaces and water.<\/td>\n<\/tr>\n<tr>\n<td rowspan=\"3\" width=\"129\">Additional Information<\/td>\n<td colspan=\"4\" width=\"516\">Duvar \u00fcnitesi kapaklar\u0131nda ithal melamin kapl\u0131 yongalam kullan\u0131lm\u0131\u015ft\u0131r.<\/td>\n<\/tr>\n<tr>\n<td colspan=\"4\" width=\"516\">Kapaklarda 1. s\u0131n\u0131f mente\u015fe kullan\u0131lm\u0131\u015ft\u0131r.<\/td>\n<\/tr>\n<tr>\n<td colspan=\"4\" width=\"516\">\u00dcr\u00fcn\u00fcn istenilen par\u00e7as\u0131 tek ba\u015f\u0131na sat\u0131n al\u0131nabilir.<\/td>\n<\/tr>\n<tr>\n<td width=\"129\">Disassembled Parts<\/td>\n<td colspan=\"4\" width=\"516\">\u00dcr\u00fcn tamam\u0131 demonte g\u00f6nderilmektedir.<\/td>\n<\/tr>\n<\/tbody>\n<\/table>\n<table width=\"539\">\n<tbody>\n<tr>\n<td width=\"227\"><\/td>\n<td width=\"64\">SIZE<\/td>\n<td width=\"64\">WIDTH<\/td>\n<td width=\"71\">HEIGHT<\/td>\n<\/tr>\n<tr>\n<td>MONACO\u00a0DUVAR \u00dcN\u0130TES\u0130 ALT MOD\u00dcL<\/td>\n<td>204<\/td>\n<td>49<\/td>\n<td>62<\/td>\n<\/tr>\n<tr>\n<td>MONACO\u00a0DUVAR \u00dcN\u0130TES\u0130 K\u0130TAPLIK MOD\u00dcL<\/td>\n<td>104<\/td>\n<td>45<\/td>\n<td>157<\/td>\n<\/tr>\n<\/tbody>\n<\/table>","protected":false},"excerpt":{"rendered":"<p>Tak\u0131m \u0130\u00e7eri\u011fi Alt mod\u00fcl ve kitapl\u0131l mod\u00fclden olu\u015fmaktad\u0131r. Malzeme \u00dcr\u00fcn\u00fcm\u00fczde ithal melamin kapl\u0131 yongalam kullan\u0131lm\u0131\u015ft\u0131r.alt mod\u00fcl ayaklar\u0131 metaldir. Ah\u015fap Bak\u0131m\u0131<\/p>","protected":false},"featured_media":4662,"template":"","meta":{"_joinchat":[]},"pwb-brand":[97],"product_brand":[],"product_cat":[76],"product_tag":[],"berocket_brand":[],"class_list":{"0":"post-4661","1":"product","2":"type-product","3":"status-publish","4":"has-post-thumbnail","6":"pwb-brand-rapsodi","7":"product_cat-duvar-uniteleri","9":"first","10":"instock","11":"shipping-taxable","12":"product-type-simple"},"brands":[{"id":97,"name":"Rapsodi","slug":"rapsodi"}],"_links":{"self":[{"href":"https:\/\/gursomobilya.com\/en\/wp-json\/wp\/v2\/product\/4661","targetHints":{"allow":["GET"]}}],"collection":[{"href":"https:\/\/gursomobilya.com\/en\/wp-json\/wp\/v2\/product"}],"about":[{"href":"https:\/\/gursomobilya.com\/en\/wp-json\/wp\/v2\/types\/product"}],"version-history":[{"count":1,"href":"https:\/\/gursomobilya.com\/en\/wp-json\/wp\/v2\/product\/4661\/revisions"}],"predecessor-version":[{"id":4666,"href":"https:\/\/gursomobilya.com\/en\/wp-json\/wp\/v2\/product\/4661\/revisions\/4666"}],"wp:featuredmedia":[{"embeddable":true,"href":"https:\/\/gursomobilya.com\/en\/wp-json\/wp\/v2\/media\/4662"}],"wp:attachment":[{"href":"https:\/\/gursomobilya.com\/en\/wp-json\/wp\/v2\/media?parent=4661"}],"wp:term":[{"taxonomy":"pwb-brand","embeddable":true,"href":"https:\/\/gursomobilya.com\/en\/wp-json\/wp\/v2\/pwb-brand?post=4661"},{"taxonomy":"product_brand","embeddable":true,"href":"https:\/\/gursomobilya.com\/en\/wp-json\/wp\/v2\/product_brand?post=4661"},{"taxonomy":"product_cat","embeddable":true,"href":"https:\/\/gursomobilya.com\/en\/wp-json\/wp\/v2\/product_cat?post=4661"},{"taxonomy":"product_tag","embeddable":true,"href":"https:\/\/gursomobilya.com\/en\/wp-json\/wp\/v2\/product_tag?post=4661"},{"taxonomy":"berocket_brand","embeddable":true,"href":"https:\/\/gursomobilya.com\/en\/wp-json\/wp\/v2\/berocket_brand?post=4661"}],"curies":[{"name":"wp","href":"https:\/\/api.w.org\/{rel}","templated":true}]}}